{"id":1429,"date":"2023-07-26T04:54:05","date_gmt":"2023-07-26T04:54:05","guid":{"rendered":"https:\/\/www.sutherlandglobal.com\/?page_id=1429"},"modified":"2025-07-26T02:44:21","modified_gmt":"2025-07-26T10:44:21","slug":"industries","status":"publish","type":"page","link":"https:\/\/www.sutherlandglobal.com\/de\/industries","title":{"rendered":"Branchen\u00a0"},"content":{"rendered":"\n<div class=\"wp-block-sutherland-home-media-banner home-media-banner  home-media-banner-animation textAlign-left\"><style type=\"text\/css\">@media only screen and (min-width: 1140px) {header.sutherland-header .sutherland-menu ul.menu>li>a{color: #fff;};}}<\/style><div class=\"home-media-banner__background-image\" style=\"background-image:url(https:\/\/www.sutherlandglobal.com\/wp-content\/uploads\/sites\/2\/chemistry-background01.jpg);background-color:#26235D\"><div class=\"home-media-banner__overlay\" style=\"background-color:#000;opacity:0.2\"><\/div><\/div><div class=\"home-media-banner__content-section\" style=\"text-align:left\"><button id=\"playButton\">Play Video<\/button><div class=\"home-media-banner__content-inner\"><h1 style=\"color:#FFF\"><span class=\"title-text second\"><strong><strong>Branchen<\/strong>\u00a0<\/strong><\/span><\/h1><\/div><\/div><div class=\"hero-donw-arrow\"><img loading=\"lazy\" decoding=\"async\" src=\"\/wp-content\/themes\/sutherland\/assets\/src\/images\/hero-down-arrow.svg\" width=\"31\" height=\"19\" role=\"button\" alt=\"Down Scroll\" title=\"Down Scroll\"\/><\/div><\/div>\n\n\n\n<div class=\"wp-block-sutherland-accordion accordion-sections accordion-layout-1\"><div class=\"accordion-head-sections\" style=\"background-image:linear-gradient(0deg, #EDEFEE 0%, #FFFFFF 100%)\"><h2 style=\"color:#2C3546\"><strong>Transformation von Unternehmen aller Branchen mit ma\u00dfgeschneiderten digitalen L\u00f6sungen<\/strong>\u00a0<\/h2><\/div><div class=\"accordion-inners\">\n<div class=\"wp-block-sutherland-accordion-inner accordion-inner-sections\"><p class=\"accordion-header\">Bank- und Finanzdienstleistungen<\/p><div class=\"accordion-content\">\n<p>Transformieren Sie Ihre End-to-End-Bankgesch\u00e4fte mit einem Digital-First-Ansatz, und nutzen Sie Analysen, Automatisierung und KI f\u00fcr Wachstum, bessere Kundenerlebnisse und geringere Kosten.<\/p>\n\n\n\n<div id=\"button-18560d9e-f25c-4a42-8aa9-871032d7357e\" class=\"wp-block-sutherland-list-block list\"><h5><\/h5><ul class=\"listul\"><li><span class=\"list--item\"><a href=\"https:\/\/www.sutherlandglobal.com\/de\/industries\/banking-and-financial-services\/kyc-aml\">KYC AML <\/a><\/span><\/li><li><span class=\"list--item\"><a href=\"https:\/\/www.sutherlandglobal.com\/de\/industries\/banking-and-financial-services\/fintech\">Fintech<\/a><\/span><\/li><\/ul><\/div>\n\n\n\n<div class=\"wp-block-sutherland-only-button sutherland-button\" id=\"button-f47eadc3-d853-40d1-b6c9-0d97bac02635\" style=\"text-align:left\"><a href=\"\/de\/industries\/banking-and-financial-services\" class=\"btn-main btn-arrow\" target=\"_self\" rel=\"noopener\">Mehr erfahren<\/a><\/div>\n<\/div><\/div>\n\n\n\n<div class=\"wp-block-sutherland-accordion-inner accordion-inner-sections\"><p class=\"accordion-header\">Kommunikation, Medien und Unterhaltung<\/p><div class=\"accordion-content\">\n<p>Einsatz intelligenter Kundenbindungsstrategien f\u00fcr Kommunikations-, Medien- und Unterhaltungsunternehmen.<\/p>\n\n\n\n<div id=\"button-18560d9e-f25c-4a42-8aa9-871032d7357e\" class=\"wp-block-sutherland-list-block list\"><h5><\/h5><ul class=\"listul\"><li><span class=\"list--item\"><a href=\"https:\/\/www.sutherlandglobal.com\/industries\/communications-media-and-entertainment\/communications-and-wireless\"><\/a><a href=\"https:\/\/www.sutherlandglobal.com\/de\/industries\/communications-media-and-entertainment\/communications-and-wireless\" target=\"_blank\" rel=\"noreferrer noopener\">Kommunikationsservices<\/a><\/span><\/li><li><span class=\"list--item\"><a href=\"https:\/\/www.sutherlandglobal.com\/industries\/communications-media-and-entertainment\/media\"><\/a><a href=\"https:\/\/www.sutherlandglobal.com\/de\/industries\/communications-media-and-entertainment\/media\" target=\"_blank\" rel=\"noreferrer noopener\">Medien und Unterhaltung<\/a><\/span><\/li><\/ul><\/div>\n\n\n\n<div class=\"wp-block-sutherland-only-button sutherland-button\" id=\"button-dec16670-1fbc-4af8-9805-1263d76d4362\" style=\"text-align:left\"><a href=\"\/de\/industries\/media-communications-and-entertainment\" class=\"btn-main btn-arrow\" target=\"_self\" rel=\"noopener\">Mehr erfahren<\/a><\/div>\n<\/div><\/div>\n\n\n\n<div class=\"wp-block-sutherland-accordion-inner accordion-inner-sections\"><p class=\"accordion-header\">Energie- und Versorgungsunternehmen\u00a0<\/p><div class=\"accordion-content\">\n<p>Bringen Sie das am besten integrierte Toolset aus KI-, Automatisierungs-, Daten- und CX-L\u00f6sungen zum Einsatz, indem Sie mit einem Versicherungspartner kooperieren, der mit den Besten zusammenarbeitet.\u202f&nbsp;<\/p>\n\n\n\n<div class=\"wp-block-sutherland-only-button sutherland-button\" id=\"button-df4687d5-4ad3-423c-82dd-2acfe81f4ef0\" style=\"text-align:left\"><a href=\"\/de\/industries\/energy-and-utilities\" class=\"btn-main btn-arrow\" target=\"_self\" rel=\"noopener\">Mehr erfahren<\/a><\/div>\n<\/div><\/div>\n\n\n\n<div class=\"wp-block-sutherland-accordion-inner accordion-inner-sections\"><p class=\"accordion-header\">Gesundheitswesen\u00a0<\/p><div class=\"accordion-content\">\n<p>Mit jahrzehntelanger Erfahrung in der Transformation von Organisationen im Gesundheitswesen entwickelt Sutherland skalierbare, flexible L\u00f6sungen, die Reibungsverluste beseitigen und die Effizienz steigern.&nbsp;<\/p>\n\n\n\n<div id=\"button-18560d9e-f25c-4a42-8aa9-871032d7357e\" class=\"wp-block-sutherland-list-block list\"><h5><\/h5><ul class=\"listul\"><li><span class=\"list--item\"><a href=\"https:\/\/www.sutherlandglobal.com\/de\/industries\/healthcare\/payer\">Payer<\/a><\/span><\/li><li><span class=\"list--item\"><a href=\"https:\/\/www.sutherlandglobal.com\/de\/industries\/healthcare\/provider\">Provider<\/a><\/span><\/li><li><span class=\"list--item\"><a href=\"https:\/\/www.sutherlandglobal.com\/de\/industries\/healthcare\/medtech\">MedTech<\/a><\/span><\/li><li><span class=\"list--item\"><a href=\"https:\/\/www.sutherlandglobal.com\/de\/industries\/healthcare\/isvs\">ISVs<\/a><\/span><\/li><\/ul><\/div>\n\n\n\n<div class=\"wp-block-sutherland-only-button sutherland-button\" id=\"button-448ca7cd-d3ea-4c7a-b02c-459366adb9c2\" style=\"text-align:left\"><a href=\"\/de\/industries\/healthcare\" class=\"btn-main btn-arrow\" target=\"_self\" rel=\"noopener\">Mehr erfahren<\/a><\/div>\n<\/div><\/div>\n\n\n\n<div class=\"wp-block-sutherland-accordion-inner accordion-inner-sections\"><p class=\"accordion-header\">Versicherung\u00a0<\/p><div class=\"accordion-content\">\n<p>Bringen Sie das am besten integrierte Toolset aus KI-, Automatisierungs-, Daten- und CX-L\u00f6sungen zum Einsatz, indem Sie mit einem Versicherungspartner kooperieren, der mit den Besten zusammenarbeitet.&nbsp;<\/p>\n\n\n\n<div id=\"button-18560d9e-f25c-4a42-8aa9-871032d7357e\" class=\"wp-block-sutherland-list-block list\"><h5><\/h5><ul class=\"listul\"><li><span class=\"list--item\"><a href=\"https:\/\/www.sutherlandglobal.com\/de\/industries\/insurance\/life-insurance\">Life Insurance<\/a><\/span><\/li><li><span class=\"list--item\"><a href=\"https:\/\/www.sutherlandglobal.com\/de\/industries\/insurance\/property-and-casualty-insurance\">Property and Casualty Insurance<\/a><\/span><\/li><\/ul><\/div>\n\n\n\n<div class=\"wp-block-sutherland-only-button sutherland-button\" id=\"button-9ebe3fd8-dfd3-424b-83d3-8d83ca1decd6\" style=\"text-align:left\"><a href=\"\/de\/industries\/insurance\" class=\"btn-main btn-arrow\" target=\"_self\" rel=\"noopener\">Mehr erfahren<\/a><\/div>\n<\/div><\/div>\n\n\n\n<div class=\"wp-block-sutherland-accordion-inner accordion-inner-sections\"><p class=\"accordion-header\">Fertigung<\/p><div class=\"accordion-content\">\n<p>Sutherland definiert Gesch\u00e4ftsprozesse neu und verbessert sie durch fortschrittliche L\u00f6sungen f\u00fcr die Fertigung und die Lieferkette. Erfahren Sie, wie wir:&nbsp;<\/p>\n\n\n\n<div id=\"list-f81a565f-b9cc-4508-9c34-6d1d3721b439\" class=\"wp-block-sutherland-list-block list\"><h5><\/h5><ul class=\"listul\"><li><span class=\"list--item\">Effizienz steigern und Kosten optimieren\u202f<\/span><\/li><li><span class=\"list--item\">Eine Digital-First-Strategie \u00fcbernehmen\u202f\u00a0<\/span><\/li><li><span class=\"list--item\">Die Omnichannel-Erfahrung transformieren<\/span><\/li><\/ul><\/div>\n\n\n\n<div class=\"wp-block-sutherland-only-button sutherland-button\" id=\"button-71e28132-753b-4db1-af5b-8d6f91426c76\" style=\"text-align:left\"><a href=\"\/de\/industries\/manufacturing\" class=\"btn-main btn-arrow\" target=\"_self\" rel=\"noopener\">Mehr erfahren<\/a><\/div>\n<\/div><\/div>\n\n\n\n<div class=\"wp-block-sutherland-accordion-inner accordion-inner-sections\"><p class=\"accordion-header\">Hypothekenservices\u00a0<\/p><div class=\"accordion-content\">\n<p>Unsere intelligenten und flexiblen digitalen Prozesse helfen Ihnen, Ihre Hypothekenservices effizienter zu gestalten, die Kundenzufriedenheit zu erh\u00f6hen und gleichzeitig die Kosten zu senken.&nbsp;<\/p>\n\n\n\n<div class=\"wp-block-sutherland-only-button sutherland-button\" id=\"button-66346c26-4107-427f-91a3-7c9f0778bec4\" style=\"text-align:left\"><a href=\"\/de\/industries\/mortgage-services\" class=\"btn-main btn-arrow\" target=\"_self\" rel=\"noopener\">Mehr erfahren<\/a><\/div>\n<\/div><\/div>\n\n\n\n<div class=\"wp-block-sutherland-accordion-inner accordion-inner-sections\"><p class=\"accordion-header\">Einzelhandel, Marketplace und Konsumg\u00fcter<\/p><div class=\"accordion-content\">\n<p>Erh\u00f6hen Sie den Kundenwert mit unseren integrierten Gesch\u00e4ftsprozessl\u00f6sungen, die durch Advanced Analytics und KI unterst\u00fctzt werden.&nbsp;<\/p>\n\n\n\n<div class=\"wp-block-sutherland-only-button sutherland-button\" id=\"button-86dcb267-ee2b-4385-9e43-de9c00af28df\" style=\"text-align:left\"><a href=\"\/de\/industries\/retail-and-consumer-packaged-goods\" class=\"btn-main btn-arrow\" target=\"_self\" rel=\"noopener\">Mehr erfahren<\/a><\/div>\n<\/div><\/div>\n\n\n\n<div class=\"wp-block-sutherland-accordion-inner accordion-inner-sections\"><p class=\"accordion-header\">Technologie\u00a0<\/p><div class=\"accordion-content\">\n<p>Unsere auf Erfahrung basierenden digitalen Transformationsservices beschleunigen das Umsatzwachstum, erh\u00f6hen die Kundenbindung und verbessern die Akzeptanz bei optimierten Kosten.&nbsp;<\/p>\n\n\n\n<div id=\"button-18560d9e-f25c-4a42-8aa9-871032d7357e\" class=\"wp-block-sutherland-list-block list\"><h5><\/h5><ul class=\"listul\"><li><span class=\"list--item\"><a href=\"https:\/\/www.sutherlandglobal.com\/industries\/technology\/digital-platforms\"><\/a><a href=\"https:\/\/www.sutherlandglobal.com\/de\/industries\/technology\/digital-platforms\" target=\"_blank\" rel=\"noreferrer noopener\">Digitale Plattformen<\/a><\/span><\/li><li><span class=\"list--item\"><a href=\"https:\/\/www.sutherlandglobal.com\/de\/industries\/technology\/gaming-and-apps\">Gaming<\/a><\/span><\/li><li><span class=\"list--item\"><a href=\"https:\/\/www.sutherlandglobal.com\/industries\/technology\/hardware-oem-semiconductor\"><\/a><a href=\"https:\/\/www.sutherlandglobal.com\/de\/industries\/technology\/hardware-oem-semiconductor\" target=\"_blank\" rel=\"noreferrer noopener\">Hardware, OEM und Halbleiter<\/a><\/span><\/li><li><span class=\"list--item\"><a href=\"https:\/\/www.sutherlandglobal.com\/de\/industries\/technology\/software-isvs-sass\">Software, ISVs, and SaaS<\/a><\/span><\/li><\/ul><\/div>\n\n\n\n<div class=\"wp-block-sutherland-only-button sutherland-button\" id=\"button-3eae736d-3149-44c2-9a91-045e8e097c20\" style=\"text-align:left\"><a href=\"\/de\/industries\/technology\" class=\"btn-main btn-arrow\" target=\"_self\" rel=\"noopener\">Mehr erfahren<\/a><\/div>\n<\/div><\/div>\n\n\n\n<div class=\"wp-block-sutherland-accordion-inner accordion-inner-sections\"><p class=\"accordion-header\"><strong>Reisen, Transport, Gastgewerbe und Logistik<\/strong>\u00a0<\/p><div class=\"accordion-content\">\n<p>Unsere L\u00f6sungen digitalisieren Abl\u00e4ufe, steigern den Umsatz, erh\u00f6hen die Kundentreue und maximieren den Gewinn.&nbsp;<\/p>\n\n\n\n<div id=\"button-18560d9e-f25c-4a42-8aa9-871032d7357e\" class=\"wp-block-sutherland-list-block list\"><h5><\/h5><ul class=\"listul\"><li><span class=\"list--item\"><a href=\"https:\/\/www.sutherlandglobal.com\/industries\/travel-and-hospitality\/airlines\"><\/a><a href=\"https:\/\/www.sutherlandglobal.com\/de\/industries\/travel-and-hospitality\/airlines\" target=\"_blank\" rel=\"noreferrer noopener\">Fluggesellschaften<\/a><\/span><\/li><li><span class=\"list--item\"><a href=\"https:\/\/www.sutherlandglobal.com\/industries\/travel-and-hospitality\/hospitality\"><\/a><a href=\"https:\/\/www.sutherlandglobal.com\/de\/industries\/travel-and-hospitality\/hospitality\" target=\"_blank\" rel=\"noreferrer noopener\">Reisen, Gastgewerbe und Shared Economy<\/a><\/span><\/li><li><span class=\"list--item\"><a href=\"https:\/\/www.sutherlandglobal.com\/industries\/travel-and-hospitality\/cargo-and-logistics\"><\/a><a href=\"https:\/\/www.sutherlandglobal.com\/de\/industries\/travel-and-hospitality\/cargo-and-logistics\" target=\"_blank\" rel=\"noreferrer noopener\">Transport, Logistik und Versand<\/a><\/span><\/li><\/ul><\/div>\n\n\n\n<div class=\"wp-block-sutherland-only-button sutherland-button\" id=\"button-5cb278ce-7f78-4f7f-b58e-00063180b7b3\" style=\"text-align:left\"><a href=\"\/de\/industries\/travel-and-hospitality\" class=\"btn-main btn-arrow\" target=\"_self\" rel=\"noopener\">Mehr erfahren<\/a><\/div>\n<\/div><\/div>\n<\/div><\/div>\n\n\n\n<div class=\"wp-block-sutherland-contactus-form wp-block-sutherland-marketo-form marketo-form overlap-prev-block overlap-next-block\" id=\"marketo-form-249404d6-6cb5-4ec8-9413-4caa9a153e95\" style=\"background-image:linear-gradient(to right, transparent, transparent)\"><div class=\"contactus-form-main contactus-main\"><div class=\"contactus-form-inner\"><div class=\"marketo-form__column\" style=\"background-image:url(https:\/\/www.sutherlandglobal.com\/wp-content\/uploads\/sites\/2\/contact-background-1.jpg)\"><div class=\"mb-form__header\"><h2 style=\"color:#2C3546\">Kontakt <\/h2><\/div><div id=\"marketo-form-form-2105\" class=\"mb-form__wrap\"><div class=\"mb-form__success-msg hide\">Vielen Dank f\u00fcr Ihre Nachricht! Wir freuen uns darauf, bald mit Ihnen zu sprechen.<\/div><form class=\"marketo-form__form mktoForm\" id=\"mktoForm_2105\" data-forminstance=\"marketo-form-249404d6-6cb5-4ec8-9413-4caa9a153e95-mktoForm-2105\" data-munchkin=\"668-NEQ-306\" data-formid=\"2105\"><\/form><\/div><\/div><\/div><\/div><\/div>\n","protected":false},"excerpt":{"rendered":"<p>Sutherland has deep domain expertise across many industries, delivering value and results to clients from healthcare to financial services and all in between.<\/p>\n","protected":false},"author":21,"featured_media":0,"parent":0,"menu_order":0,"comment_status":"closed","ping_status":"closed","template":"","meta":{"_acf_changed":false,"om_disable_all_campaigns":false,"_trash_the_other_posts":false,"editor_notices":[],"footnotes":""},"class_list":["post-1429","page","type-page","status-publish"],"yoast_head":"<!-- This site is optimized with the Yoast SEO Premium plugin v25.6 (Yoast SEO v26.7) - https:\/\/yoast.com\/wordpress\/plugins\/seo\/ -->\n<title>Branchen - Sutherland<\/title>\n<meta name=\"description\" content=\"Transformation von unternehmen aller branchen mit ma\u00dfgeschneiderten digitalen L\u00f6sungen.\" \/>\n<meta name=\"robots\" content=\"index, follow, max-snippet:-1, max-image-preview:large, max-video-preview:-1\" \/>\n<link rel=\"canonical\" href=\"https:\/\/www.sutherlandglobal.com\/de\/industries\/\" \/>\n<meta property=\"og:locale\" content=\"en_US\" \/>\n<meta property=\"og:type\" content=\"article\" \/>\n<meta property=\"og:title\" content=\"Branchen\u00a0\" \/>\n<meta property=\"og:description\" content=\"Transformation von unternehmen aller branchen mit ma\u00dfgeschneiderten digitalen L\u00f6sungen.\" \/>\n<meta property=\"og:url\" content=\"https:\/\/www.sutherlandglobal.com\/de\/industries\/\" \/>\n<meta property=\"og:site_name\" content=\"Sutherland - German (DE)\" \/>\n<meta property=\"article:publisher\" content=\"https:\/\/www.facebook.com\/Sutherland-Global-388462191504598\/\" \/>\n<meta property=\"article:modified_time\" content=\"2025-07-26T10:44:21+00:00\" \/>\n<meta property=\"og:image\" content=\"https:\/\/www.sutherlandglobal.com\/wp-content\/uploads\/sites\/2\/2023\/09\/og-facebook.png\" \/>\n<meta name=\"twitter:card\" content=\"summary_large_image\" \/>\n<meta name=\"twitter:image\" content=\"https:\/\/www.sutherlandglobal.com\/wp-content\/uploads\/sites\/2\/2023\/09\/og-twitter.png\" \/>\n<meta name=\"twitter:site\" content=\"@SutherlandCorp\" \/>\n<script type=\"application\/ld+json\" class=\"yoast-schema-graph\">{\"@context\":\"https:\/\/schema.org\",\"@graph\":[{\"@type\":\"BreadcrumbList\",\"@id\":\"https:\/\/www.sutherlandglobal.com\/de\/industries\/#breadcrumb\",\"itemListElement\":[{\"@type\":\"ListItem\",\"position\":1,\"name\":\"Home\",\"item\":\"https:\/\/www.sutherlandglobal.com\/de\/\"},{\"@type\":\"ListItem\",\"position\":2,\"name\":\"Branchen\u00a0\"}]},{\"@type\":\"WebSite\",\"@id\":\"https:\/\/www.sutherlandglobal.com\/de\/#website\",\"url\":\"https:\/\/www.sutherlandglobal.com\/de\/\",\"name\":\"Sutherland\",\"description\":\"\",\"publisher\":{\"@id\":\"https:\/\/www.sutherlandglobal.com\/de\/#organization\"},\"alternateName\":\"Sutherland Global Services\",\"potentialAction\":[{\"@type\":\"SearchAction\",\"target\":{\"@type\":\"EntryPoint\",\"urlTemplate\":\"https:\/\/www.sutherlandglobal.com\/de\/search?query={search_term_string}\"},\"query-input\":{\"@type\":\"PropertyValueSpecification\",\"valueRequired\":true,\"valueName\":\"search_term_string\"}}],\"inLanguage\":\"en-US\"}]}<\/script>\n<!-- \/ Yoast SEO Premium plugin. -->","yoast_head_json":{"title":"Branchen - Sutherland","description":"Transformation von unternehmen aller branchen mit ma\u00dfgeschneiderten digitalen L\u00f6sungen.","robots":{"index":"index","follow":"follow","max-snippet":"max-snippet:-1","max-image-preview":"max-image-preview:large","max-video-preview":"max-video-preview:-1"},"canonical":"https:\/\/www.sutherlandglobal.com\/de\/industries\/","og_locale":"en_US","og_type":"article","og_title":"Branchen\u00a0","og_description":"Transformation von unternehmen aller branchen mit ma\u00dfgeschneiderten digitalen L\u00f6sungen.","og_url":"https:\/\/www.sutherlandglobal.com\/de\/industries\/","og_site_name":"Sutherland - German (DE)","article_publisher":"https:\/\/www.facebook.com\/Sutherland-Global-388462191504598\/","article_modified_time":"2025-07-26T10:44:21+00:00","og_image":[{"url":"https:\/\/www.sutherlandglobal.com\/wp-content\/uploads\/sites\/2\/2023\/09\/og-facebook.png","type":"","width":"","height":""}],"twitter_card":"summary_large_image","twitter_image":"https:\/\/www.sutherlandglobal.com\/wp-content\/uploads\/sites\/2\/2023\/09\/og-twitter.png","twitter_site":"@SutherlandCorp","schema":{"@context":"https:\/\/schema.org","@graph":[{"@type":"BreadcrumbList","@id":"https:\/\/www.sutherlandglobal.com\/de\/industries\/#breadcrumb","itemListElement":[{"@type":"ListItem","position":1,"name":"Home","item":"https:\/\/www.sutherlandglobal.com\/de\/"},{"@type":"ListItem","position":2,"name":"Branchen\u00a0"}]},{"@type":"WebSite","@id":"https:\/\/www.sutherlandglobal.com\/de\/#website","url":"https:\/\/www.sutherlandglobal.com\/de\/","name":"Sutherland","description":"","publisher":{"@id":"https:\/\/www.sutherlandglobal.com\/de\/#organization"},"alternateName":"Sutherland Global Services","potentialAction":[{"@type":"SearchAction","target":{"@type":"EntryPoint","urlTemplate":"https:\/\/www.sutherlandglobal.com\/de\/search?query={search_term_string}"},"query-input":{"@type":"PropertyValueSpecification","valueRequired":true,"valueName":"search_term_string"}}],"inLanguage":"en-US"}]}},"acf":[],"jetpack_sharing_enabled":true,"_links":{"self":[{"href":"https:\/\/www.sutherlandglobal.com\/de\/wp-json\/wp\/v2\/pages\/1429","targetHints":{"allow":["GET"]}}],"collection":[{"href":"https:\/\/www.sutherlandglobal.com\/de\/wp-json\/wp\/v2\/pages"}],"about":[{"href":"https:\/\/www.sutherlandglobal.com\/de\/wp-json\/wp\/v2\/types\/page"}],"author":[{"embeddable":true,"href":"https:\/\/www.sutherlandglobal.com\/de\/wp-json\/wp\/v2\/users\/21"}],"replies":[{"embeddable":true,"href":"https:\/\/www.sutherlandglobal.com\/de\/wp-json\/wp\/v2\/comments?post=1429"}],"version-history":[{"count":99,"href":"https:\/\/www.sutherlandglobal.com\/de\/wp-json\/wp\/v2\/pages\/1429\/revisions"}],"predecessor-version":[{"id":57739,"href":"https:\/\/www.sutherlandglobal.com\/de\/wp-json\/wp\/v2\/pages\/1429\/revisions\/57739"}],"wp:attachment":[{"href":"https:\/\/www.sutherlandglobal.com\/de\/wp-json\/wp\/v2\/media?parent=1429"}],"curies":[{"name":"wp","href":"https:\/\/api.w.org\/{rel}","templated":true}]}}