{"id":2027,"date":"2023-08-02T06:31:29","date_gmt":"2023-08-02T06:31:29","guid":{"rendered":"https:\/\/www.sutherlandglobal.com\/?page_id=2027"},"modified":"2025-09-17T05:50:10","modified_gmt":"2025-09-17T13:50:10","slug":"contact-us","status":"publish","type":"page","link":"https:\/\/www.sutherlandglobal.com\/de\/contact-us","title":{"rendered":"Kontakt\u00a0"},"content":{"rendered":"\n<div class=\"wp-block-sutherland-home-media-banner home-media-banner  home-media-banner-animation textAlign-left minimize-height hide-arrow\"><style>@media only screen and (min-width: 1140px) {header.sutherland-header .sutherland-menu ul.menu>li>a{color: #fff;};}}<\/style><div class=\"home-media-banner__background-image\" style=\"background-image:url(https:\/\/www.sutherlandglobal.com\/de\/wp-content\/uploads\/sites\/26\/Smart-Cities-1920x550-2.jpg);background-color:#26235D\"><div class=\"home-media-banner__overlay\" style=\"background-color:#000;opacity:0.2\"><\/div><\/div><div class=\"home-media-banner__content-section\" style=\"text-align:left\"><button id=\"playButton\">Play Video<\/button><div class=\"home-media-banner__content-inner\"><h1 style=\"color:#FFF\"><span class=\"title-text second\"><strong><strong>Kontakt<\/strong>\u00a0<\/strong><\/span><\/h1><div class=\"banner-subtext\"><p style=\"color:#FFF\">Wir helfen Ihnen bei der Bew\u00e4ltigung Ihrer branchenspezifischen Herausforderungen und der Erschlie\u00dfung einer erweiterten digitalen Leistung. Wenden Sie sich an unsere Experten, und erfahren Sie, wie Sutherland das Wachstum Ihres Unternehmens f\u00f6rdern und au\u00dfergew\u00f6hnliche Ergebnisse f\u00fcr Sie erzielen kann.<\/p><\/div><\/div><\/div><div class=\"hero-donw-arrow\"><img loading=\"lazy\" decoding=\"async\" src=\"\/wp-content\/themes\/sutherland\/assets\/src\/images\/hero-down-arrow.svg\" width=\"31\" height=\"19\" role=\"button\" alt=\"Down Scroll\" title=\"Down Scroll\"\/><\/div><\/div>\n\n\n\n<div class=\"wp-block-columns is-layout-flex wp-container-core-columns-is-layout-9d6595d7 wp-block-columns-is-layout-flex\">\n<div class=\"wp-block-column is-layout-flow wp-block-column-is-layout-flow\" style=\"flex-basis:66.66%\">\n<div style=\"height:50px\" aria-hidden=\"true\" class=\"wp-block-spacer\"><\/div>\n\n\n\n<div class=\"overview-onelayout__title-section\" style=\"padding-bottom:0px\"><h2>Verbinden wir uns<\/h2>\n<\/div>\n\n\n\n<div id=\"marketo-form-d0d7beea-d6a7-49ec-9c8e-6a91d2fb5e1a\" class=\"wp-block-sutherland-marketo-form marketo-form form-light-theme\" style=\"background-color:transparent\"><div class=\"contactus-form-main \"><div class=\"contactus-arrow-image left-arrow\" style=\"background-image:url()\"><img loading=\"lazy\" decoding=\"async\" src=\"\" width=\"1\" height=\"1\" alt=\"\"\/><\/div><div class=\"contactus-form-inner\"><div class=\"marketo-form__column\"><div class=\"gradient-bg-image\"><img decoding=\"async\" src=\"\" height=\"\" width=\"\" alt=\"\"\/><\/div><div id=\"marketo-form-form-2101\" class=\"mb-form__wrap\"><div class=\"mb-form__success-msg hide\" style=\"color:#2C3546\"><h6>Thanks for reaching out!<\/h6> \n<p>We look forward to talking soon.<\/p><\/div><form class=\"marketo-form__form mktoForm\" id=\"mktoForm_2101\" data-forminstance=\"marketo-form-d0d7beea-d6a7-49ec-9c8e-6a91d2fb5e1a-mktoForm-2101\" data-munchkin=\"668-NEQ-306\" data-formid=\"2101\"><\/form><\/div><\/div><\/div><div class=\"contactus-arrow-image right-arrow\" style=\"background-image:url()\"><img loading=\"lazy\" decoding=\"async\" src=\"\" width=\"354\" height=\"520\" alt=\"\"\/><\/div><\/div><\/div>\n<\/div>\n\n\n\n<div class=\"wp-block-column is-layout-flow wp-block-column-is-layout-flow\" style=\"flex-basis:33.33%\">\n<div style=\"padding-left:20px; padding-right:20px\">\n\n\n\n<div style=\"height:100px\" aria-hidden=\"true\" class=\"wp-block-spacer\"><\/div>\n\n\n\n<p><strong>Join Us<\/strong><\/p>\n\n\n\n<p>Erkunden Sie die Karrierem\u00f6glichkeiten bei Sutherland \u00fcber Fachgebiete, Grenzen und Kulturen hinweg.&nbsp;<\/p>\n\n\n\n<div class=\"wp-block-sutherland-only-button sutherland-button\" id=\"button-964d6a21-4959-4f65-a614-b991a8973147\" style=\"text-align:left\"><a href=\"https:\/\/www.jobs.sutherlandglobal.com\/\" class=\"btn-main btn-red-arrow\" target=\"_blank\" rel=\"noopener\">Mehr erfahren\u00a0<\/a><\/div>\n\n\n\n<div style=\"height:50px\" aria-hidden=\"true\" class=\"wp-block-spacer\"><\/div>\n\n\n\n<p><strong>Standorte<\/strong><\/p>\n\n\n\n<p>Unsere digitale Transformation bietet au\u00dfergew\u00f6hnliche digitale Erfahrungen mit Experten auf f\u00fcnf Kontinenten.<\/p>\n\n\n\n<div class=\"wp-block-sutherland-only-button sutherland-button\" id=\"button-25fd721c-bdf4-452d-8575-8ac001576ed5\" style=\"text-align:left\"><a href=\"https:\/\/www.sutherlandglobal.com\/de\/locations\" class=\"btn-main btn-red-arrow\" target=\"_self\" rel=\"noopener\">Mehr erfahren<\/a><\/div>\n\n\n\n<\/div>\n<\/div>\n<\/div>\n\n\n\n<div style=\"height:50px\" aria-hidden=\"true\" class=\"wp-block-spacer\"><\/div>\n","protected":false},"excerpt":{"rendered":"<p>Please fill out the form below for business, media and press inquiries. For HR inquiries, visit the careers page.<\/p>\n","protected":false},"author":21,"featured_media":0,"parent":0,"menu_order":0,"comment_status":"closed","ping_status":"closed","template":"","meta":{"_acf_changed":false,"om_disable_all_campaigns":false,"_trash_the_other_posts":false,"editor_notices":[],"footnotes":""},"class_list":["post-2027","page","type-page","status-publish"],"yoast_head":"<!-- This site is optimized with the Yoast SEO Premium plugin v25.6 (Yoast SEO v26.7) - https:\/\/yoast.com\/wordpress\/plugins\/seo\/ -->\n<title>Kontakt - Sutherland<\/title>\n<meta name=\"description\" content=\"Wenden Sie sich an unsere Experten, und erfahren Sie, wie Sutherland das Wachstum Ihres Unternehmens f\u00f6rdern und au\u00dfergew\u00f6hnliche Ergebnisse f\u00fcr Sie erzielen kann. Verbinden wir uns!\u00a0\" \/>\n<meta name=\"robots\" content=\"index, follow, max-snippet:-1, max-image-preview:large, max-video-preview:-1\" \/>\n<link rel=\"canonical\" href=\"https:\/\/www.sutherlandglobal.com\/de\/contact-us\" \/>\n<meta property=\"og:locale\" content=\"en_US\" \/>\n<meta property=\"og:type\" content=\"article\" \/>\n<meta property=\"og:title\" content=\"Kontakt Sutherland\" \/>\n<meta property=\"og:description\" content=\"Wenden Sie sich an unsere Experten, und erfahren Sie, wie Sutherland das Wachstum Ihres Unternehmens f\u00f6rdern und au\u00dfergew\u00f6hnliche Ergebnisse f\u00fcr Sie erzielen kann. Verbinden wir uns!\u00a0\" \/>\n<meta property=\"og:url\" content=\"https:\/\/www.sutherlandglobal.com\/de\/contact-us\" \/>\n<meta property=\"og:site_name\" content=\"Sutherland - German (DE)\" \/>\n<meta property=\"article:publisher\" content=\"https:\/\/www.facebook.com\/Sutherland-Global-388462191504598\/\" \/>\n<meta property=\"article:modified_time\" content=\"2025-09-17T13:50:10+00:00\" \/>\n<meta name=\"twitter:card\" content=\"summary_large_image\" \/>\n<meta name=\"twitter:title\" content=\"Kontakt Sutherland\" \/>\n<meta name=\"twitter:site\" content=\"@SutherlandCorp\" \/>\n<script type=\"application\/ld+json\" class=\"yoast-schema-graph\">{\"@context\":\"https:\/\/schema.org\",\"@graph\":[{\"@type\":\"BreadcrumbList\",\"@id\":\"https:\/\/www.sutherlandglobal.com\/de\/contact-us#breadcrumb\",\"itemListElement\":[{\"@type\":\"ListItem\",\"position\":1,\"name\":\"Home\",\"item\":\"https:\/\/www.sutherlandglobal.com\/de\/\"},{\"@type\":\"ListItem\",\"position\":2,\"name\":\"Kontakt\u00a0\"}]},{\"@type\":\"WebSite\",\"@id\":\"https:\/\/www.sutherlandglobal.com\/de\/#website\",\"url\":\"https:\/\/www.sutherlandglobal.com\/de\/\",\"name\":\"Sutherland\",\"description\":\"\",\"publisher\":{\"@id\":\"https:\/\/www.sutherlandglobal.com\/de\/#organization\"},\"alternateName\":\"Sutherland Global Services\",\"potentialAction\":[{\"@type\":\"SearchAction\",\"target\":{\"@type\":\"EntryPoint\",\"urlTemplate\":\"https:\/\/www.sutherlandglobal.com\/de\/search?query={search_term_string}\"},\"query-input\":{\"@type\":\"PropertyValueSpecification\",\"valueRequired\":true,\"valueName\":\"search_term_string\"}}],\"inLanguage\":\"en-US\"}]}<\/script>\n<!-- \/ Yoast SEO Premium plugin. -->","yoast_head_json":{"title":"Kontakt - Sutherland","description":"Wenden Sie sich an unsere Experten, und erfahren Sie, wie Sutherland das Wachstum Ihres Unternehmens f\u00f6rdern und au\u00dfergew\u00f6hnliche Ergebnisse f\u00fcr Sie erzielen kann. Verbinden wir uns!\u00a0","robots":{"index":"index","follow":"follow","max-snippet":"max-snippet:-1","max-image-preview":"max-image-preview:large","max-video-preview":"max-video-preview:-1"},"canonical":"https:\/\/www.sutherlandglobal.com\/de\/contact-us","og_locale":"en_US","og_type":"article","og_title":"Kontakt Sutherland","og_description":"Wenden Sie sich an unsere Experten, und erfahren Sie, wie Sutherland das Wachstum Ihres Unternehmens f\u00f6rdern und au\u00dfergew\u00f6hnliche Ergebnisse f\u00fcr Sie erzielen kann. Verbinden wir uns!\u00a0","og_url":"https:\/\/www.sutherlandglobal.com\/de\/contact-us","og_site_name":"Sutherland - German (DE)","article_publisher":"https:\/\/www.facebook.com\/Sutherland-Global-388462191504598\/","article_modified_time":"2025-09-17T13:50:10+00:00","twitter_card":"summary_large_image","twitter_title":"Kontakt Sutherland","twitter_site":"@SutherlandCorp","schema":{"@context":"https:\/\/schema.org","@graph":[{"@type":"BreadcrumbList","@id":"https:\/\/www.sutherlandglobal.com\/de\/contact-us#breadcrumb","itemListElement":[{"@type":"ListItem","position":1,"name":"Home","item":"https:\/\/www.sutherlandglobal.com\/de\/"},{"@type":"ListItem","position":2,"name":"Kontakt\u00a0"}]},{"@type":"WebSite","@id":"https:\/\/www.sutherlandglobal.com\/de\/#website","url":"https:\/\/www.sutherlandglobal.com\/de\/","name":"Sutherland","description":"","publisher":{"@id":"https:\/\/www.sutherlandglobal.com\/de\/#organization"},"alternateName":"Sutherland Global Services","potentialAction":[{"@type":"SearchAction","target":{"@type":"EntryPoint","urlTemplate":"https:\/\/www.sutherlandglobal.com\/de\/search?query={search_term_string}"},"query-input":{"@type":"PropertyValueSpecification","valueRequired":true,"valueName":"search_term_string"}}],"inLanguage":"en-US"}]}},"acf":[],"jetpack_sharing_enabled":true,"_links":{"self":[{"href":"https:\/\/www.sutherlandglobal.com\/de\/wp-json\/wp\/v2\/pages\/2027","targetHints":{"allow":["GET"]}}],"collection":[{"href":"https:\/\/www.sutherlandglobal.com\/de\/wp-json\/wp\/v2\/pages"}],"about":[{"href":"https:\/\/www.sutherlandglobal.com\/de\/wp-json\/wp\/v2\/types\/page"}],"author":[{"embeddable":true,"href":"https:\/\/www.sutherlandglobal.com\/de\/wp-json\/wp\/v2\/users\/21"}],"replies":[{"embeddable":true,"href":"https:\/\/www.sutherlandglobal.com\/de\/wp-json\/wp\/v2\/comments?post=2027"}],"version-history":[{"count":88,"href":"https:\/\/www.sutherlandglobal.com\/de\/wp-json\/wp\/v2\/pages\/2027\/revisions"}],"predecessor-version":[{"id":59391,"href":"https:\/\/www.sutherlandglobal.com\/de\/wp-json\/wp\/v2\/pages\/2027\/revisions\/59391"}],"wp:attachment":[{"href":"https:\/\/www.sutherlandglobal.com\/de\/wp-json\/wp\/v2\/media?parent=2027"}],"curies":[{"name":"wp","href":"https:\/\/api.w.org\/{rel}","templated":true}]}}