{"id":286,"date":"2023-07-13T11:39:25","date_gmt":"2023-07-13T11:39:25","guid":{"rendered":"https:\/\/www.sutherlandglobal.com\/?page_id=286"},"modified":"2025-10-23T04:05:28","modified_gmt":"2025-10-23T12:05:28","slug":"about-us","status":"publish","type":"page","link":"https:\/\/www.sutherlandglobal.com\/de\/about-us","title":{"rendered":"\u00dcber uns\u00a0"},"content":{"rendered":"\n<div class=\"wp-block-sutherland-home-media-banner home-media-banner  home-media-banner-animation textAlign-left\"><style>@media only screen and (min-width: 1140px) {header.sutherland-header .sutherland-menu ul.menu>li>a{color: #fff;};}}<\/style><div class=\"home-media-banner__background-image\" style=\"background-image:url(https:\/\/www.sutherlandglobal.com\/wp-content\/uploads\/sites\/2\/RESEARCH_AND_MARKET_INTELLIGENCE-1920x550-1.jpg);background-color:#26235D\"><div class=\"home-media-banner__overlay\" style=\"background-color:#000;opacity:0.2\"><\/div><\/div><div class=\"home-media-banner__content-section\" style=\"text-align:left\"><button id=\"playButton\">Play Video<\/button><div class=\"home-media-banner__content-inner\"><p style=\"color:#FFFFFF\" class=\"subtitle\">\u00dcBER UNS<\/p><h1 style=\"color:#FFF\"><span class=\"title-text second\"><strong>Digitale Ergebnisse. Reale Auswirkungen.<\/strong><\/span><\/h1><div class=\"banner-subtext\"><p style=\"color:#FFF\">Sutherland ist der bevorzugte Partner f\u00fcr die digitale Transformation bekannter internationaler Marken und erschlie\u00dft neue Werte f\u00fcr Unternehmen, ihre Mitarbeiter und ihre Kunden.<\/p><\/div><\/div><\/div><div class=\"hero-donw-arrow\"><img loading=\"lazy\" decoding=\"async\" src=\"\/wp-content\/themes\/sutherland\/assets\/src\/images\/hero-down-arrow.svg\" width=\"31\" height=\"19\" role=\"button\" alt=\"Down Scroll\" title=\"Down Scroll\"\/><\/div><\/div>\n\n\n\n<div class=\"wp-block-sutherland-overview overview-main\" id=\"counter-a369f3c3-9ea9-43a7-b163-3cd9297c5e80\"><style>#counter-a369f3c3-9ea9-43a7-b163-3cd9297c5e80 .overview-main-inner{background-image: url(https:\/\/www.sutherlandglobal.com\/wp-content\/uploads\/sites\/2\/form-bg.jpg);}<\/style><div class=\"overview-main-inner overview-onelayout\"><div class=\"overview-onelayout__inner-section\"><div class=\"overview-onelayout__left-wrap\" style=\"align-items:flex-start\"><div class=\"overlay\" style=\"background-color:rgba(255, 255, 255, 0.5)\"><\/div><div class=\"overview-onelayout__title-section\" style=\"text-align:left\"><h2 style=\"color:#2C3546\">Dank marktf\u00fchrender Technologie und herausragenden Leistungen bei Gesch\u00e4ftsprozessen passen wir bew\u00e4hrte L\u00f6sungen an das einzigartige Wesen unserer Kunden an.<\/h2><p style=\"color:#2C3546\"><br><br>Sutherland ist ein weltweit f\u00fchrendes Unternehmen f\u00fcr gesch\u00e4ftliche und digitale Transformation. In den letzten 38\u202fJahren haben wir mit einigen der angesehensten und zukunftsweisendsten Unternehmen zusammengearbeitet, um das Umsatzwachstum zu f\u00f6rdern, die betriebliche Effizienz zu steigern und innovative Gesch\u00e4ftsmodelle zu erm\u00f6glichen.<\/p><\/div><\/div><div class=\"overview-onelayout__counter-section\" style=\"align-items:flex-start\"><div class=\"overview-onelayout__counter-inner\" style=\"text-align:left\"><div class=\"overview-onelayout__rightTitle\"><\/div><div class=\"overview-onelayout__counter-boxes\"><div class=\"overview-onelayout__counter-box\"><div class=\"overview-onelayout__counter-content\" style=\"text-align:left\"><div class=\"overview-onelayout__counter-title\"><span style=\"color:#2C3546\" class=\"counter_sign\">><\/span><span style=\"color:#2C3546\" class=\"counter_num start\">40.000<\/span><span style=\"color:#2C3546\" class=\"counter_sign\">K<\/span><\/div><p class=\"overview-onelayout__counter-description\" style=\"color:#2C3546\">Globales Team von Domain- und Technologieexperten<\/p><\/div><\/div><div class=\"overview-onelayout__counter-box\"><div class=\"overview-onelayout__counter-content\" style=\"text-align:left\"><div class=\"overview-onelayout__counter-title\"><span style=\"color:#2C3546\" class=\"counter_num start\">363<\/span><\/div><p class=\"overview-onelayout__counter-description\" style=\"color:#2C3546\">Einzigartige und unabh\u00e4ngige Erfindungen, die im Rahmen mehrerer Patentzusch\u00fcsse zusammengef\u00fchrt wurden<\/p><\/div><\/div><div class=\"overview-onelayout__counter-box\"><div class=\"overview-onelayout__counter-content\" style=\"text-align:left\"><div class=\"overview-onelayout__counter-title\"><span style=\"color:#2C3546\" class=\"counter_num start\">63<\/span><span style=\"color:#2C3546\" class=\"counter_sign\">%<\/span><\/div><p class=\"overview-onelayout__counter-description\" style=\"color:#2C3546\">unserer Kundenpartnerschaften sind vertraglich an messbare Kundenergebnisse gebunden.<\/p><\/div><\/div><div class=\"overview-onelayout__counter-box\"><div class=\"overview-onelayout__counter-content\" style=\"text-align:left\"><div class=\"overview-onelayout__counter-title\"><span style=\"color:#2C3546\" class=\"counter_num start\">50<\/span><span style=\"color:#2C3546\" class=\"counter_sign\">%<\/span><\/div><p class=\"overview-onelayout__counter-description\" style=\"color:#2C3546\">bediente Fortune-500-Unternehmen<\/p><\/div><\/div><div class=\"overview-onelayout__counter-box\"><div class=\"overview-onelayout__counter-content\" style=\"text-align:left\"><div class=\"overview-onelayout__counter-title\"><span style=\"color:#2C3546\" class=\"counter_num start\">70<\/span><\/div><p class=\"overview-onelayout__counter-description\" style=\"color:#2C3546\">B\u00fcros an Standorten weltweit<\/p><\/div><\/div><div class=\"overview-onelayout__counter-box\"><div class=\"overview-onelayout__counter-content\" style=\"text-align:left\"><div class=\"overview-onelayout__counter-title\"><span style=\"color:#2C3546\" class=\"counter_num start\">32<\/span><\/div><p class=\"overview-onelayout__counter-description\" style=\"color:#2C3546\">Sprachen flie\u00dfend gesprochen<\/p><\/div><\/div><\/div><\/div><\/div><\/div><\/div><\/div>\n\n\n\n<div class=\"wp-block-sutherland-combine-block combine-about-layout\"><div class=\"sutherland-combine-main sutherland-combine-layout-style-2\"><div class=\"sutherland-combine-inner\"><\/div>\n<p class=\"has-text-align-center about-intro\"><strong>K\u00fcnstliche Intelligenz. Automatisierung. Cloud&nbsp;Engineering. Advanced Analytics.<\/strong><br>F\u00fcr F\u00fchrungskr\u00e4fte sind dies zentrale Erfolgsfaktoren. F\u00fcr uns sind sie unsere Kernkompetenzen.<\/p>\n<\/div><\/div>\n\n\n\n<div class=\"wp-block-sutherland-combine-block combine-about-layout\"><div class=\"sutherland-combine-main sutherland-combine-layout-style-2\"><div class=\"sutherland-combine-inner\"><\/div>\n<div class=\"wp-block-columns about-video is-layout-flex wp-container-core-columns-is-layout-9d6595d7 wp-block-columns-is-layout-flex\">\n<div class=\"wp-block-column is-layout-flow wp-block-column-is-layout-flow\">\n<h2 class=\"wp-block-heading\" id=\"h-wodurch-wir-uns-von-anderen-unterscheiden\">Wodurch wir uns von anderen unterscheiden<\/h2>\n\n\n\n<div style=\"height:19px\" aria-hidden=\"true\" class=\"wp-block-spacer\"><\/div>\n\n\n\n<p><strong>Eine Erfolgsbilanz, die B\u00e4nde spricht&nbsp;<\/strong>\u2013 Wir haben dazu beigetragen, viele der erfolgreichsten Unternehmen der Welt aufzubauen und zu transformieren. Die Marken, denen Sie vertrauen, \u00fcbertragen uns vom Design bis zur Bereitstellung die Verantwortung, um bleibende, messbare Auswirkungen zu erzielen.<\/p>\n\n\n\n<p><strong>Wir gewinnen, wenn Sie gewinnen<\/strong>&nbsp;\u2013 63&nbsp;% unseres Gesch\u00e4fts sind vertraglich an den messbaren Erfolg unserer Kunden gebunden. Wir modellieren unsere Engagements so, dass die KPIs unserer Kunden zu unseren ergebnisorientierten Erfolgskriterien werden.<\/p>\n\n\n\n<p><strong>Mensch + KI = Digitale Chemie&nbsp;<\/strong>\u2013 Wir verbinden menschliche Einblicke mit KI, um Agentic Operations zu schaffen. Dabei handelt es sich um autonome, intelligente Services, die auf Deep Engineering basieren. Die Menschen bleiben der Mittelpunkt, wobei KI jede Entscheidung und jedes Ergebnis erweitert und verbessert.<\/p>\n\n\n\n<p><strong>Vorreiter bei Innovationen&nbsp;\u2013<\/strong> Wir investieren in die Zukunft: neue Technologien, disruptive Plattformen und skalierbare L\u00f6sungen. Da wir auf Plattformen setzen, bauen wir modulare, wiederverwendbare Systeme auf, die die Transformation beschleunigen und neue Werte freisetzen.<\/p>\n<\/div>\n\n\n\n<div class=\"wp-block-column is-layout-flow wp-block-column-is-layout-flow\">\n<div style=\"height:10px\" aria-hidden=\"true\" class=\"wp-block-spacer\"><\/div>\n\n\n<div class=\"wp-block-image\">\n<figure class=\"alignright size-large\"><img decoding=\"async\" src=\"https:\/\/www.sutherlandglobal.com\/de\/wp-content\/uploads\/sites\/23\/What-Sets-Us-Apart.jpg?w=515\" alt=\"What Sets Us Apart\" class=\"wp-image-56304\"\/><\/figure>\n<\/div><\/div>\n<\/div>\n<\/div><\/div>\n\n\n\n<section class=\"wp-block-sutherland-timeline timeline-section hidedots\" style=\"background-image:linear-gradient(0deg,rgb(237,239,238) 0%,rgb(255,255,255) 100%);background-color:#26235d\"><div class=\"top-header\" style=\"text-align:left\"><h2 style=\"color:#000000\">Geschichte von Sutherland<\/h2><p style=\"color:#000000\"><\/p><\/div><div class=\"container\"><div class=\"year-nav\"><div class=\"year-nav__item\"><h4 class=\"timeline-year wow\">1987<\/h4><p class=\"timeline-item-desc wow\" style=\"color:#000000\">Seit 1987 weltweit Kunden begeistern<\/p><\/div><div class=\"year-nav__item\"><h4 class=\"timeline-year wow\">1990er<\/h4><p class=\"timeline-item-desc wow\" style=\"color:#000000\">Early Adopter von Robotik zur Transformation unserer Kundenabl\u00e4ufe<\/p><\/div><div class=\"year-nav__item\"><h4 class=\"timeline-year wow\">1990er<\/h4><p class=\"timeline-item-desc wow\" style=\"color:#000000\">Aufbau eines Arsenals an fortschrittlichen Produkten und Plattformen, die unsere Kunden bei schnelleren Markteinf\u00fchrungen unterst\u00fctzen<\/p><\/div><div class=\"year-nav__item\"><h4 class=\"timeline-year wow\">2000er<\/h4><p class=\"timeline-item-desc wow\" style=\"color:#000000\">Akquisition zur Verbesserung von Business Intelligence und Forschungskapazit\u00e4ten<\/p><\/div><div class=\"year-nav__item\"><h4 class=\"timeline-year wow\">2013<\/h4><p class=\"timeline-item-desc wow\" style=\"color:#000000\">\u00dcbernahme von Apollo Health Street zur Verst\u00e4rkung unserer Spezialisierung auf den Gesundheitssektor<\/p><\/div><div class=\"year-nav__item\"><h4 class=\"timeline-year wow\">2014<\/h4><p class=\"timeline-item-desc wow\" style=\"color:#000000\">Gr\u00fcndung der Sutherland Labs, um unsere Innovation durch menschliche Erkenntnisse und Design-Thinking zu verbessern<\/p><\/div><div class=\"year-nav__item\"><h4 class=\"timeline-year wow\">2016<\/h4><p class=\"timeline-item-desc wow\" style=\"color:#000000\">Erweiterung unserer Kapazit\u00e4ten in Cognitive AI und Analytics durch eine \u00dcbernahme zur Skalierung digitaler L\u00f6sungen<\/p><\/div><div class=\"year-nav__item\"><h4 class=\"timeline-year wow\">2018<\/h4><p class=\"timeline-item-desc wow\" style=\"color:#000000\">Einf\u00fchrung von Innovation Lab und Digital Engineering Practice zum Vereinen von Unternehmen und Technologie<\/p><\/div><div class=\"year-nav__item\"><h4 class=\"timeline-year wow\">2020<\/h4><p class=\"timeline-item-desc wow\" style=\"color:#000000\">Einf\u00fchrung von Sutherland Anywhere, einer modularen Technologieplattform, mit der Kunden auf der ganzen Welt schnell sichere Remote-Arbeitsumgebungen einrichten k\u00f6nnen<\/p><\/div><div class=\"year-nav__item\"><h4 class=\"timeline-year wow\">2022<\/h4><p class=\"timeline-item-desc wow\" style=\"color:#000000\">\u00dcbernahme von Augment CXM, einer KI-basierten Customer-Experience-Plattform, um unsere CX-Angebote zu erweitern<\/p><\/div><div class=\"year-nav__item\"><h4 class=\"timeline-year wow\">2023<\/h4><p class=\"timeline-item-desc wow\" style=\"color:#000000\">\u00dcbernahme von Suneratech, einem f\u00fchrenden DES-Unternehmen, um unser DES-L\u00f6sungsportfolio branchen\u00fcbergreifend auszuweiten<\/p><\/div><div class=\"year-nav__item\"><h4 class=\"timeline-year wow\">2025<\/h4><p class=\"timeline-item-desc wow\" style=\"color:#000000\">\u00dcbernahme von ATMECS Global, einem Unternehmen f\u00fcr fortschrittliche Forschungs- und Entwicklungsingenieurleistungen, um das Portfolio der digitalen Ingenieurdienstleistungen zu erweitern.<\/p><\/div><\/div><div class=\"timeline-dots\"><\/div><\/div><\/section>\n\n\n\n<div class=\"wp-block-sutherland-combine-block\"><div class=\"sutherland-combine-main sutherland-combine-layout-style-3\"><div class=\"sutherland-combine-inner\" style=\"background-image:linear-gradient(160deg,#26235d 0%,#26235d 50%,#b82659 100%)\"><\/div>\t\t<div class=\"wp-block-sutherland-testimonial wp-block-sutherland-testimonial layout-with-overlay\" id=\"testimonial-cab5e4fe-25f4-4d3d-b2b0-3e59f713c976\" style=\"background-image: linear-gradient(to right, transparent, transparent)\">\n\t\t\t<div class=\"testimonial__inner\">\n\t\t\t\t<div class=\"testimonial-main\">\n\t\t\t\t\t<div class=\"testimonial__img\">\n\t\t\t\t\t\t\t\t\t\t\t\t\t<img decoding=\"async\" src=\"https:\/\/www.sutherlandglobal.com\/wp-content\/uploads\/sites\/2\/fingerprint-837x961-1.png\" width=\"540\" height=\"620\" loading=\"lazy\" alt=\"fingerprint\"\/>\n\t\t\t\t\t\t\t\t\t\t\t<\/div>\n\t\t\t\t\t<div class=\"testimonial__content\" style=\"color: #FFF;\">\n\t\t\t\t\t\t<div class=\"testimonial__content-inner\">\n\t\t\t\t\t\t\t\t\t\t\t\t\t\t\t<div class=\"testimonial__details\" style=\"color: #FFF;\">\n\t\t\t\t\t\t\t\t\t<p>\u201cIn den letzten drei Jahrzehnten haben wir konsequent in Personal, Produkte und Plattformen investiert, um \u2028ein Unternehmen aufzubauen, das messbare Ergebnisse f\u00fcr unsere Kunden erzielt. Das ist auch heute noch unser Auftrag. Die Kernwerte des Unternehmens sind Flexibilit\u00e4t, unkonventionelles Denken, kompromisslose Integrit\u00e4t und makellose Ausf\u00fchrung.\u201d<\/p>\t\t\t\t\t\t\t\t<\/div>\n\t\t\t\t\t\t\t\t\t\t\t\t\t\t\t\t\t\t\t\t\t\t\t\t\t\t\t\t\t\t\t<div class=\"testimonial__person-info\" style=\"color: #FFF;\">\n\t\t\t\t\t\t\t\t\t\t\t\t\t\t\t\t\t\t\t\t\t<span class=\"name\"> Dilip Vellodi <\/span>\n\t\t\t\t\t\t\t\t\t\t\t\t\t\t\t\t\t\t\t\t\t\t\t\t\t\t\t\t\t\t\t<span class=\"designation\"> Chairman und CEO von Sutherland <\/span>\n\t\t\t\t\t\t\t\t\t\t\t\t\t\t\t\t\t\t\t<\/div>\n\t\t\t\t\t\t\t\t\t\t\t\t\t\t\t\t\t\t\t\t\t\t\t\t\t\t\t\t\t\t<div class=\"btn-main btn-red-arrow\">\n\t\t\t\t\t\t\t\t\t<a href=\"\/de\/about-us\/leadership\">Siehe F\u00fchrungsteam <\/a>\n\t\t\t\t\t\t\t\t<\/div>\n\t\t\t\t\t\t\t\t\t\t\t\t\t<\/div> \n\t\t\t\t\t<\/div>\n\t\t\t\t<\/div>\n\t\t\t<\/div>\n\t\t<\/div>\n\t\t\n\n\n<div class=\"wp-block-sutherland-two-column-card two-column-card-main  no-bg overlap-prev-block\" style=\"background-image:linear-gradient(to right, transparent, transparent)\"><div class=\"two-column-card-main__boxes\"><div class=\"two-column-card-main__box withbtn\" style=\"background-image:linear-gradient(114.8deg, #F1F1F4 7.86%, #FFFFFF 78.28%)\"><div class=\"two-column-card-main__box-content\"><div class=\"two-column-card-main__box-holder\"><div class=\"box-content-content-wrap\"><h5 style=\"color:#2C3546\">Positive Auswirkungen<\/h5><p style=\"color:#2C3546\">Die Unternehmen von heute agieren auf einem Markt, der durch den sich beschleunigenden Klimawandel, wachsende Ungleichheit, Umweltverschmutzung und Konflikte gest\u00f6rt wird.<br><br>Als Unterzeichner des UN Global Compact nehmen wir unsere Verantwortung gegen\u00fcber der Menschheit und dem Planeten durch solide Unternehmensrichtlinien und Verpflichtungen wahr. Wir wenden unsere L\u00f6sungen weltweit konsequent an, und arbeiten eng mit unseren Partnern zusammen, um Ver\u00e4nderungen zu erreichen.<br><br>Sutherland ist stolz darauf, seinen Beitrag zu leisten.<\/p><\/div><p class=\"btn-main btn-red-arrow\"><a href=\"https:\/\/www.sutherlandglobal.com\/de\/about-us\/sustainability\">Mehr erfahren<\/a><\/p><\/div><\/div><div class=\"two-column-card-main__box-image\"><img decoding=\"async\" src=\"https:\/\/www.sutherlandglobal.com\/wp-content\/uploads\/sites\/2\/Positive-Impact_1c0225.jpg\" alt=\"Positive-Impact\" height=\"347\" width=\"672\" loading=\"lazy\"\/><\/div><\/div><div class=\"two-column-card-main__box withbtn\" style=\"background-image:linear-gradient(114.8deg, #F1F1F4 7.86%, #FFFFFF 78.28%)\"><div class=\"two-column-card-main__box-content\"><div class=\"two-column-card-main__box-holder\"><div class=\"box-content-content-wrap\"><h5 style=\"color:#2C3546\">Unser globaler Fu\u00dfabdruck<\/h5><p style=\"color:#2C3546\">Wir sind ein globales Unternehmen mit einer Pr\u00e4senz in \u00fcber 60\u00a0Entwicklungszentren und erbringen Leistungen f\u00fcr Kunden in \u00fcber 144 L\u00e4ndern. Unsere Unternehmensniederlassungen befinden sich in London, New York und San Francisco, und wir verf\u00fcgen \u00fcber hochmoderne Innovationslabore in London, Bangalore, und San Francisco. Zu unseren europ\u00e4ischen Standorten geh\u00f6ren Sofia, Burgas und Varna in Bulgarien und Pristina im Kosovo.<\/p><\/div><p class=\"btn-main btn-red-arrow\"><a href=\"https:\/\/www.sutherlandglobal.com\/de\/locations\">Standorte erkunden<\/a><\/p><\/div><\/div><div class=\"two-column-card-main__box-image\"><img decoding=\"async\" src=\"https:\/\/www.sutherlandglobal.com\/wp-content\/uploads\/sites\/2\/Global-Footprint.jpg\" alt=\"Global Footprint\" height=\"347\" width=\"672\" loading=\"lazy\"\/><\/div><\/div><\/div><\/div>\n<\/div><\/div>\n\n\n\n<div class=\"wp-block-sutherland-combine-block combine-about-layout\"><div class=\"sutherland-combine-main sutherland-combine-layout-style-2\"><div class=\"sutherland-combine-inner\"><\/div>\n<div class=\"wp-block-columns about-video is-layout-flex wp-container-core-columns-is-layout-9d6595d7 wp-block-columns-is-layout-flex\">\n<div class=\"wp-block-column is-layout-flow wp-block-column-is-layout-flow\">\n<div style=\"height:50px\" aria-hidden=\"true\" class=\"wp-block-spacer\"><\/div>\n\n\n\n<h2 class=\"wp-block-heading\" id=\"h-vierzehn-lander-ein-unglaublicher-erfolg\">Vierzehn L\u00e4nder, ein unglaublicher Erfolg<\/h2>\n\n\n\n<div style=\"height:19px\" aria-hidden=\"true\" class=\"wp-block-spacer\"><\/div>\n\n\n\n<p>Sutherland wurde in allen 14 teilnehmenden L\u00e4ndern als Great Place To Work\u00ae zertifiziert: Bulgarien, Kanada, China, Kolumbien, \u00c4gypten, Indien, Jamaika, Kosovo, Malaysia, Philippinen, Saudi-Arabien, die VAE, Gro\u00dfbritannien und die USA.<\/p>\n<\/div>\n\n\n\n<div class=\"wp-block-column is-layout-flow wp-block-column-is-layout-flow\">\n<div style=\"height:10px\" aria-hidden=\"true\" class=\"wp-block-spacer\"><\/div>\n\n\n<div class=\"wp-block-image\">\n<figure data-wp-context=\"{&quot;imageId&quot;:&quot;69f1b8410c4d5&quot;}\" data-wp-interactive=\"core\/image\" data-wp-key=\"69f1b8410c4d5\" class=\"alignright size-full wp-lightbox-container\"><img decoding=\"async\" data-wp-class--hide=\"state.isContentHidden\" data-wp-class--show=\"state.isContentVisible\" data-wp-init=\"callbacks.setButtonStyles\" data-wp-on--click=\"actions.showLightbox\" data-wp-on--load=\"callbacks.setButtonStyles\" data-wp-on-window--resize=\"callbacks.setButtonStyles\" src=\"https:\/\/www.sutherlandglobal.com\/wp-content\/uploads\/sites\/2\/GPTW-Banner.jpg\" alt=\"GPTW\" class=\"wp-image-66896\"\/><button\n\t\t\tclass=\"lightbox-trigger\"\n\t\t\ttype=\"button\"\n\t\t\taria-haspopup=\"dialog\"\n\t\t\taria-label=\"Enlarge\"\n\t\t\tdata-wp-init=\"callbacks.initTriggerButton\"\n\t\t\tdata-wp-on--click=\"actions.showLightbox\"\n\t\t\tdata-wp-style--right=\"state.imageButtonRight\"\n\t\t\tdata-wp-style--top=\"state.imageButtonTop\"\n\t\t>\n\t\t\t<svg xmlns=\"http:\/\/www.w3.org\/2000\/svg\" width=\"12\" height=\"12\" fill=\"none\" viewBox=\"0 0 12 12\">\n\t\t\t\t<path fill=\"#fff\" d=\"M2 0a2 2 0 0 0-2 2v2h1.5V2a.5.5 0 0 1 .5-.5h2V0H2Zm2 10.5H2a.5.5 0 0 1-.5-.5V8H0v2a2 2 0 0 0 2 2h2v-1.5ZM8 12v-1.5h2a.5.5 0 0 0 .5-.5V8H12v2a2 2 0 0 1-2 2H8Zm2-12a2 2 0 0 1 2 2v2h-1.5V2a.5.5 0 0 0-.5-.5H8V0h2Z\" \/>\n\t\t\t<\/svg>\n\t\t<\/button><\/figure>\n<\/div><\/div>\n<\/div>\n<\/div><\/div>\n\n\n\n<div class=\"wp-block-sutherland-featured-cta bg-layout-1 cta\" id=\"cta-dfffc03d-e7ee-4153-91a0-8eb0d46d3257\"><div class=\"container-wrap\"><div class=\"cta__body\"><div class=\"cta__content\"><div class=\"cta__text\" style=\"text-align:left\"><h4 style=\"color:#FFFFFF\" class=\"subheading\">M\u00f6chten Sie etwas in der Welt bewirken? Erkunden Sie Ihre n\u00e4chsten Karriereschritte bei Sutherland.<\/h4><\/div><div class=\"cta__button\"><p class=\"btn-main btn-secondary-dark\"><a href=\"http:\/\/jobs.sutherlandglobal.com\"><strong>Kommen Sie zu uns<\/strong><\/a><\/p><\/div><\/div><\/div><\/div><\/div>\n","protected":false},"excerpt":{"rendered":"<p>As a process transformation company, Sutherland rethinks and rebuilds processes for the digital age by combining the speed and insight of design thinking with the scale and accuracy of data analytics.<\/p>\n","protected":false},"author":21,"featured_media":0,"parent":0,"menu_order":0,"comment_status":"closed","ping_status":"closed","template":"","meta":{"_acf_changed":false,"om_disable_all_campaigns":false,"_trash_the_other_posts":false,"editor_notices":[],"footnotes":""},"class_list":["post-286","page","type-page","status-publish"],"yoast_head":"<!-- This site is optimized with the Yoast SEO Premium plugin v25.6 (Yoast SEO v26.7) - https:\/\/yoast.com\/wordpress\/plugins\/seo\/ -->\n<title>\u00dcber uns\u00a0- Sutherland<\/title>\n<meta name=\"description\" content=\"Sutherland ist der weltweit bevorzugte Partner f\u00fcr die digitale Transformation von bekannten Marken. Wir bieten jedem Unternehmen neue Schl\u00fcssel f\u00fcr Gesch\u00e4ft, Personal und Kunden.\" \/>\n<meta name=\"robots\" content=\"index, follow, max-snippet:-1, max-image-preview:large, max-video-preview:-1\" \/>\n<link rel=\"canonical\" href=\"https:\/\/www.sutherlandglobal.com\/de\/about-us\" \/>\n<meta property=\"og:locale\" content=\"en_US\" \/>\n<meta property=\"og:type\" content=\"article\" \/>\n<meta property=\"og:title\" content=\"\u00dcber uns\u00a0\" \/>\n<meta property=\"og:description\" content=\"Sutherland ist der weltweit bevorzugte Partner f\u00fcr die digitale Transformation von bekannten Marken. Wir bieten jedem Unternehmen neue Schl\u00fcssel f\u00fcr Gesch\u00e4ft, Personal und Kunden.\" \/>\n<meta property=\"og:url\" content=\"https:\/\/www.sutherlandglobal.com\/de\/about-us\" \/>\n<meta property=\"og:site_name\" content=\"Sutherland - German (DE)\" \/>\n<meta property=\"article:publisher\" content=\"https:\/\/www.facebook.com\/Sutherland-Global-388462191504598\/\" \/>\n<meta property=\"article:modified_time\" content=\"2025-10-23T12:05:28+00:00\" \/>\n<meta property=\"og:image\" content=\"https:\/\/www.sutherlandglobal.com\/wp-content\/uploads\/sites\/2\/2023\/09\/og-facebook.png\" \/>\n<meta name=\"twitter:card\" content=\"summary_large_image\" \/>\n<meta name=\"twitter:image\" content=\"https:\/\/www.sutherlandglobal.com\/wp-content\/uploads\/sites\/2\/2023\/09\/og-twitter.png\" \/>\n<meta name=\"twitter:site\" content=\"@SutherlandCorp\" \/>\n<script type=\"application\/ld+json\" class=\"yoast-schema-graph\">{\"@context\":\"https:\/\/schema.org\",\"@graph\":[{\"@type\":\"BreadcrumbList\",\"@id\":\"https:\/\/www.sutherlandglobal.com\/de\/about-us#breadcrumb\",\"itemListElement\":[{\"@type\":\"ListItem\",\"position\":1,\"name\":\"Home\",\"item\":\"https:\/\/www.sutherlandglobal.com\/de\/\"},{\"@type\":\"ListItem\",\"position\":2,\"name\":\"\u00dcber uns\u00a0\"}]},{\"@type\":\"WebSite\",\"@id\":\"https:\/\/www.sutherlandglobal.com\/de\/#website\",\"url\":\"https:\/\/www.sutherlandglobal.com\/de\/\",\"name\":\"Sutherland\",\"description\":\"\",\"publisher\":{\"@id\":\"https:\/\/www.sutherlandglobal.com\/de\/#organization\"},\"alternateName\":\"Sutherland Global Services\",\"potentialAction\":[{\"@type\":\"SearchAction\",\"target\":{\"@type\":\"EntryPoint\",\"urlTemplate\":\"https:\/\/www.sutherlandglobal.com\/de\/search?query={search_term_string}\"},\"query-input\":{\"@type\":\"PropertyValueSpecification\",\"valueRequired\":true,\"valueName\":\"search_term_string\"}}],\"inLanguage\":\"en-US\"}]}<\/script>\n<!-- \/ Yoast SEO Premium plugin. -->","yoast_head_json":{"title":"\u00dcber uns\u00a0- Sutherland","description":"Sutherland ist der weltweit bevorzugte Partner f\u00fcr die digitale Transformation von bekannten Marken. Wir bieten jedem Unternehmen neue Schl\u00fcssel f\u00fcr Gesch\u00e4ft, Personal und Kunden.","robots":{"index":"index","follow":"follow","max-snippet":"max-snippet:-1","max-image-preview":"max-image-preview:large","max-video-preview":"max-video-preview:-1"},"canonical":"https:\/\/www.sutherlandglobal.com\/de\/about-us","og_locale":"en_US","og_type":"article","og_title":"\u00dcber uns\u00a0","og_description":"Sutherland ist der weltweit bevorzugte Partner f\u00fcr die digitale Transformation von bekannten Marken. Wir bieten jedem Unternehmen neue Schl\u00fcssel f\u00fcr Gesch\u00e4ft, Personal und Kunden.","og_url":"https:\/\/www.sutherlandglobal.com\/de\/about-us","og_site_name":"Sutherland - German (DE)","article_publisher":"https:\/\/www.facebook.com\/Sutherland-Global-388462191504598\/","article_modified_time":"2025-10-23T12:05:28+00:00","og_image":[{"url":"https:\/\/www.sutherlandglobal.com\/wp-content\/uploads\/sites\/2\/2023\/09\/og-facebook.png","type":"","width":"","height":""}],"twitter_card":"summary_large_image","twitter_image":"https:\/\/www.sutherlandglobal.com\/wp-content\/uploads\/sites\/2\/2023\/09\/og-twitter.png","twitter_site":"@SutherlandCorp","schema":{"@context":"https:\/\/schema.org","@graph":[{"@type":"BreadcrumbList","@id":"https:\/\/www.sutherlandglobal.com\/de\/about-us#breadcrumb","itemListElement":[{"@type":"ListItem","position":1,"name":"Home","item":"https:\/\/www.sutherlandglobal.com\/de\/"},{"@type":"ListItem","position":2,"name":"\u00dcber uns\u00a0"}]},{"@type":"WebSite","@id":"https:\/\/www.sutherlandglobal.com\/de\/#website","url":"https:\/\/www.sutherlandglobal.com\/de\/","name":"Sutherland","description":"","publisher":{"@id":"https:\/\/www.sutherlandglobal.com\/de\/#organization"},"alternateName":"Sutherland Global Services","potentialAction":[{"@type":"SearchAction","target":{"@type":"EntryPoint","urlTemplate":"https:\/\/www.sutherlandglobal.com\/de\/search?query={search_term_string}"},"query-input":{"@type":"PropertyValueSpecification","valueRequired":true,"valueName":"search_term_string"}}],"inLanguage":"en-US"}]}},"acf":[],"jetpack_sharing_enabled":true,"_links":{"self":[{"href":"https:\/\/www.sutherlandglobal.com\/de\/wp-json\/wp\/v2\/pages\/286","targetHints":{"allow":["GET"]}}],"collection":[{"href":"https:\/\/www.sutherlandglobal.com\/de\/wp-json\/wp\/v2\/pages"}],"about":[{"href":"https:\/\/www.sutherlandglobal.com\/de\/wp-json\/wp\/v2\/types\/page"}],"author":[{"embeddable":true,"href":"https:\/\/www.sutherlandglobal.com\/de\/wp-json\/wp\/v2\/users\/21"}],"replies":[{"embeddable":true,"href":"https:\/\/www.sutherlandglobal.com\/de\/wp-json\/wp\/v2\/comments?post=286"}],"version-history":[{"count":99,"href":"https:\/\/www.sutherlandglobal.com\/de\/wp-json\/wp\/v2\/pages\/286\/revisions"}],"predecessor-version":[{"id":59862,"href":"https:\/\/www.sutherlandglobal.com\/de\/wp-json\/wp\/v2\/pages\/286\/revisions\/59862"}],"wp:attachment":[{"href":"https:\/\/www.sutherlandglobal.com\/de\/wp-json\/wp\/v2\/media?parent=286"}],"curies":[{"name":"wp","href":"https:\/\/api.w.org\/{rel}","templated":true}]}}