{"id":3524,"date":"2023-08-23T07:06:51","date_gmt":"2023-08-23T07:06:51","guid":{"rendered":"https:\/\/www.sutherlandglobal.com\/?page_id=3524"},"modified":"2025-03-27T03:24:15","modified_gmt":"2025-03-27T11:24:15","slug":"sutherland-anywhere","status":"publish","type":"page","link":"https:\/\/www.sutherlandglobal.com\/de\/products-x-platforms\/sutherland-anywhere","title":{"rendered":"Sutherland Anywhere\u00ae"},"content":{"rendered":"\n<div class=\"wp-block-sutherland-home-media-banner home-media-banner  home-media-banner-animation textAlign-left\"><style type=\"text\/css\">@media only screen and (min-width: 1140px) {header.sutherland-header .sutherland-menu ul.menu>li>a{color: #fff;};}}<\/style><div class=\"home-media-banner__background-image\" style=\"background-image:url(https:\/\/www.sutherlandglobal.com\/wp-content\/uploads\/sites\/2\/Anywhere-1920x550-1.jpg);background-color:#26235D\"><div class=\"home-media-banner__overlay\" style=\"background-color:#000;opacity:0.2\"><\/div><\/div><div class=\"home-media-banner__content-section\" style=\"text-align:left\"><button id=\"playButton\">Play Video<\/button><div class=\"home-media-banner__content-inner\"><p style=\"color:#FFFFFF\" class=\"subtitle\">SUTHERLAND ANYWHERE\u00ae<\/p><h1 style=\"color:#FFF\"><span class=\"title-text second\"><strong>Nahtlose und sichere L\u00f6sungen f\u00fcr das Remote-Workforce-Management<\/strong><\/span><\/h1><div class=\"banner-subtext\"><p style=\"color:#FFF\"><\/p><\/div><p class=\"btn-main btn-secondary-dark watch-view-btn\" data-videoembedlink=\"https:\/\/player.vimeo.com\/video\/640699328?h=47c0382b70&amp;title=0&amp;byline=0&amp;portrait=0\">Video ansehen<\/p><div class=\"custom-model-main\"><div class=\"custom-model-inner\"><div class=\"close-btn\"><svg xmlns=\"http:\/\/www.w3.org\/2000\/svg\" width=\"17.732\" height=\"17.234\" viewBox=\"0 0 17.732 17.234\"><g id=\"Group_1000\" data-name=\"Group 1000\" transform=\"translate(0 17.234) rotate(-90)\"><path id=\"Icon_Chevron_down\" data-name=\"Icon Chevron down\" d=\"M17.171,7.31,10.4.536A1.879,1.879,0,0,0,8.866.009,1.885,1.885,0,0,0,7.334.536L.56,7.31a1.917,1.917,0,1,0,2.71,2.711l5.6-5.6,5.594,5.6A1.917,1.917,0,0,0,17.171,7.31Z\" transform=\"translate(6.652 17.732) rotate(-90)\" fill=\"#b4b4b4\" fill-rule=\"evenodd\"><\/path><path id=\"Icon_Chevron_down-2\" data-name=\"Icon Chevron down\" d=\"M17.171,7.31,10.4.536A1.879,1.879,0,0,0,8.866.009,1.885,1.885,0,0,0,7.334.536L.56,7.31a1.917,1.917,0,1,0,2.71,2.711l5.6-5.6,5.594,5.6A1.917,1.917,0,0,0,17.171,7.31Z\" transform=\"translate(10.581) rotate(90)\" fill=\"#b4b4b4\" fill-rule=\"evenodd\"><\/path><\/g><\/svg><\/div><div class=\"custom-model-wrap\"><div class=\"pop-up-content-wrap\"><iframe width=\"560\" height=\"315\" src=\"\" title=\"YouTube video player\" frameborder=\"0\" sandbox=\"allow-scripts allow-same-origin allow-presentation\" allow=\"accelerometer; autoplay; clipboard-write; encrypted-media; gyroscope; picture-in-picture; web-share\" allowfullscreen loading=\"lazy\"><\/iframe><\/div><\/div><\/div><div class=\"bg-overlay\"><\/div><\/div><\/div><\/div><div class=\"hero-donw-arrow\"><img loading=\"lazy\" decoding=\"async\" src=\"\/wp-content\/themes\/sutherland\/assets\/src\/images\/hero-down-arrow.svg\" width=\"31\" height=\"19\" role=\"button\" alt=\"Down Scroll\" title=\"Down Scroll\"\/><\/div><\/div>\n\n\n\n<div class=\"wp-block-sutherland-intro-block intro-block-sections\"><div class=\"intro-block-left\" style=\"background-image:linear-gradient(0deg, #EDEFEE 0%, #FFFFFF 100%)\"><h2 style=\"color:#2C3546\">Nahtloses und sicheres Remote-Workforce-Management<\/h2><\/div><div class=\"intro-block-right\">\n<p>Fortschritte in der Technologie, ein zunehmender Fokus auf Inklusion von Mitarbeitern, die Herausforderungen des Pendelns und steigende Mietkosten sind nur einige der Faktoren, die Unternehmen zu flexibleren Arbeitsvereinbarungen bewegen.<\/p>\n\n\n\n<p>Sutherland Anywhere\u00ae ist eine integrierte, modulare Reihe von Technologieplattformen, die es Unternehmen erm\u00f6glichen, jedem Mitarbeiter schnell eine funktionsreiche und sichere Remote-Umgebung zur Verf\u00fcgung zu stellen und dabei die Bed\u00fcrfnisse und Priorit\u00e4ten der Kunden zu erf\u00fcllen.<\/p>\n\n\n\n<p>Platform as a Service (PaaS) meistert die Herausforderungen der Telearbeit \u2013 Produktivit\u00e4t, Sicherheit, Support, Technologie, Schulung und Zusammenarbeit \u2013 und sorgt daf\u00fcr, dass Sie in einer Welt erfolgreich sein k\u00f6nnen, in der die Remote-Arbeit zunimmt.<\/p>\n\n\n\n<div class=\"wp-block-sutherland-only-button sutherland-button\" id=\"button-88d3ff79-cadd-41bb-b9e9-8ba3cd4539ec\" style=\"text-align:left\"><a href=\"\/de\/contact-us\" class=\"btn-main btn-secondary\" target=\"_self\" rel=\"noopener\">Kontakt<\/a><\/div>\n<\/div><\/div>\n\n\n\n<div class=\"wp-block-sutherland-three-column-text three-column-text-main three-column-text-layout-column-3-view\" style=\"background-image:linear-gradient(140deg, #26235d, #26235d, #b82659)\"><div class=\"three-column-text-main__title-section\" style=\"text-align:left\"><h2 style=\"color:#FFFFFF\">Funktionen und Vorteile<\/h2><\/div><div class=\"three-column-text-main__box-section\"><div class=\"three-column-text-main__inner-box\"><div class=\"three-column-text-main__boxes\"><div class=\"three-column-text-main__box\"><div class=\"three-column-text-main__box-inner\"><div class=\"three-column-text-main__box-content\"><h3 style=\"color:#FFFFFF\">Verteilte und flexible Belegschaft<\/h3><p style=\"color:#FFFFFF\">Bauen Sie eine hochgradig diversifizierte, geografisch verteilte Belegschaft auf, die je nach Volumen und Saisonalit\u00e4t des Gesch\u00e4fts vergr\u00f6\u00dfert oder verkleinert werden kann.<\/p><\/div><\/div><\/div><div class=\"three-column-text-main__box\"><div class=\"three-column-text-main__box-inner\"><div class=\"three-column-text-main__box-content\"><h3 style=\"color:#FFFFFF\">Notfallwiederherstellung und Gesch\u00e4ftskontinuit\u00e4t<\/h3><p style=\"color:#FFFFFF\">Wirken Sie dem Risiko einer Unterbrechung des Gesch\u00e4ftsbetriebs aufgrund unvorhersehbarer Ereignisse und Notf\u00e4lle entgegen.<\/p><\/div><\/div><\/div><div class=\"three-column-text-main__box\"><div class=\"three-column-text-main__box-inner\"><div class=\"three-column-text-main__box-content\"><h3 style=\"color:#FFFFFF\">Talentakquise<\/h3><p style=\"color:#FFFFFF\">Greifen Sie zur richtigen Zeit und \u00fcberall auf der Welt auf qualifizierte Mitarbeiter zu.<\/p><\/div><\/div><\/div><\/div><\/div><\/div><\/div>\n\n\n\t\t\t<div id=\"casestudy-slider-1\" class=\"wp-block-sutherland-casestudy-slider case-study-slider show-heading overlap-prev-block\">\n\t\t\t\t<style>\n\t\t\t\t\t#casestudy-slider-1.case-study-slider .casestudy-slider__title-section .casestudy-slider__arrows button{border-color:#26235d !important;background-color:rgba(228, 227, 245, 0.2) !important;}#casestudy-slider-1.case-study-slider .casestudy-slider__title-section .casestudy-slider__arrows svg path{fill:#26235d !important;stroke:#26235d !important;}\t\t\t\t<\/style>\n\t\t\t\t<div class=\"casestudy-slider hide-arrows hide-dots\">\n\t\t\t\t\t<div class=\"casestudy-slider__inner\">\n\t\t\t\t\t\t\t\t\t\t\t\t\t<div class=\"casestudy-slider__title-section\" style=\"background-color: #FFFFFF\">\n\t\t\t\t\t\t\t\t<h2 style=\"color: #272F3D\">Fallstudien<\/h2>\n\t\t\t\t\t\t\t\t\n\t\t\t\t\t\t\t<\/div>\n\t\t\t\t\t\t\t\t\t\t\t\t\n\t\t\t\t\t\t<div class=\"casestudy-slider__slide-main slick-init-loader\" \n\t\t\t\t\t\t\tdata-slide-autoplay=\"false\"\n\t\t\t\t\t\t\tdata-slide-arrows=\"false\"\n\t\t\t\t\t\t\tdata-slide-dots=\"false\"\n\t\t\t\t\t\t\tdata-slide-desktop=\"3\"\n\t\t\t\t\t\t\tdata-slide-tablet=\"2\"\n\t\t\t\t\t\t\tdata-slide-mobile=\"1\"\n\t\t\t\t\t\t\tstyle=\"background-color: #FFFFFF\"\n\t\t\t\t\t\t\trole=\"list\"\n\t\t\t\t\t\t>\n\t\t\t\t\t\t\t\t\t\t\t\t\t\t\t\t<div class=\"casestudy-slider__slide\" role=\"listitem\" aria-label=\"Eine Remote-Arbeitsl\u00f6sung f\u00fcr ein globales Unternehmen\"\n\t\t\t\t\t\t\t\t\t>\n\t\t\t\t\t\t\t\t\t\t<div class=\"casestudy-slider__content\"  data-url=\"https:\/\/www.sutherlandglobal.com\/de\/insights\/case-study\/a-remote-working-solution-for-a-global-organization-sutherland\">\n\t\t\t\t\t\t\t\t\t\t<img loading=\"lazy\" decoding=\"async\" width=\"1128\" height=\"637\" src=\"https:\/\/www.sutherlandglobal.com\/de\/wp-content\/uploads\/sites\/26\/remote-working-thumbnail-e1701173387706.jpg?w=1128\" class=\"attachment-1032 size-1032\" alt=\"Eine Remote-Arbeitsl\u00f6sung f\u00fcr ein globales Unternehmen\" title=\"Eine Remote-Arbeitsl\u00f6sung f\u00fcr ein globales Unternehmen\" srcset=\"https:\/\/www.sutherlandglobal.com\/de\/wp-content\/uploads\/sites\/26\/remote-working-thumbnail-e1701173387706.jpg 1128w, https:\/\/www.sutherlandglobal.com\/de\/wp-content\/uploads\/sites\/26\/remote-working-thumbnail-e1701173387706.jpg?resize=300,169 300w, https:\/\/www.sutherlandglobal.com\/de\/wp-content\/uploads\/sites\/26\/remote-working-thumbnail-e1701173387706.jpg?resize=768,434 768w, https:\/\/www.sutherlandglobal.com\/de\/wp-content\/uploads\/sites\/26\/remote-working-thumbnail-e1701173387706.jpg?resize=1024,578 1024w\" sizes=\"auto, (max-width: 1128px) 100vw, 1128px\" \/>\t\t\t\t\t\t\t\t\t\t\t<div class=\"casestudy-slider__overlay\" style=\"background-color: rgba(0, 0, 0, 0.5)\"><\/div>\n\t\t\t\t\t\t\t\t\t\t\t<a href=\"https:\/\/www.sutherlandglobal.com\/de\/insights\/case-study\/a-remote-working-solution-for-a-global-organization-sutherland\" class=\"case-study-item-link\"><span class=\"screen-reader-text\">Eine Remote-Arbeitsl\u00f6sung f\u00fcr ein globales Unternehmen<\/span><\/a>\n\t\t\t\t\t\t\t\t\t\t\t<div class=\"casestudy-slider__content-inner\">\n\t\t\t\t\t\t\t\t\t\t\t\t\t\t\t\t\t\t\t\t\t\t\t\t\t\t<div class=\"drawer-text\">\n\t\t\t\t\t\t\t\t\t\t\t\t\t\t\tFallstudie\t\t\t\t\t\t\t\t\t\t\t\t\t\t\t<\/div>\n\t\t\t\t\t\t\t\t\t\t\t\t\t\t\t\t\t\t\t\t\t\t\t\t\t\t<div class=\"casestudy-slider__details\">\n\t\t\t\t\t\t\t\t\t\t\t\t\t<a href=\"https:\/\/www.sutherlandglobal.com\/de\/insights\/case-study\/a-remote-working-solution-for-a-global-organization-sutherland\" class=\"case-study-block-title\">\n\t\t\t\t\t\t\t\t\t\t\t\t\tEine Remote-Arbeitsl\u00f6sung f\u00fcr ein globales Unternehmen \n\t\t\t\t\t\t\t\t\t\t\t\t\t<\/a>\n\t\t\t\t\t\t\t\t\t\t\t\t<\/div>\n\t\t\t\t\t\t\t\t\t\t\t\t\t\t\t\t\t\t\t\t\t\t\t\t\t<div class=\"btn-main btn-white-arrow\">\n\t\t\t\t\t\t\t\t\t\t\t\t\t\t<a href=\"https:\/\/www.sutherlandglobal.com\/de\/insights\/case-study\/a-remote-working-solution-for-a-global-organization-sutherland\" aria-label=\"Eine Remote-Arbeitsl\u00f6sung f\u00fcr ein globales Unternehmen\">Mehr lesen<span class=\"screen-reader-text\">Mehr lesen &#8211; Eine Remote-Arbeitsl\u00f6sung f\u00fcr ein globales Unternehmen<\/span><\/a>\n\t\t\t\t\t\t\t\t\t\t\t\t\t<\/div>\n\t\t\t\t\t\t\t\t\t\t\t\t\t\t\t\t\t\t\t\t\t\t\t<\/div> \n\t\t\t\t\t\t\t\t\t\t<\/div>\n\t\t\t\t\t\t\t\t\t<\/div>\n\t\t\t\t\t\t\t\t\t\t\t\t\t\t<\/div>\n\t\t\t\t\t<\/div>\n\t\t\t\t<\/div>\n\t\t\t<\/div>\n\t\t\t\n\n\n<div class=\"wp-block-sutherland-contactus-form wp-block-sutherland-marketo-form marketo-form overlap-prev-block overlap-next-block remove-padding\" id=\"marketo-form-249404d6-6cb5-4ec8-9413-4caa9a153e95\" style=\"background-image:linear-gradient(to right, transparent, transparent)\"><div class=\"contactus-form-main contactus-main\"><div class=\"contactus-form-inner\"><div class=\"marketo-form__column\" style=\"background-image:url(https:\/\/www.sutherlandglobal.com\/wp-content\/uploads\/sites\/2\/contact-background-1.jpg)\"><div class=\"mb-form__header\"><h2 style=\"color:#2C3546\">Kontakt<\/h2><\/div><div id=\"marketo-form-form-2105\" class=\"mb-form__wrap\"><div class=\"mb-form__success-msg hide\">Vielen Dank f\u00fcr Ihre Nachricht! Wir freuen uns darauf, bald mit Ihnen zu sprechen.<\/div><form class=\"marketo-form__form mktoForm\" id=\"mktoForm_2105\" data-forminstance=\"marketo-form-249404d6-6cb5-4ec8-9413-4caa9a153e95-mktoForm-2105\" data-munchkin=\"668-NEQ-306\" data-formid=\"2105\"><\/form><\/div><\/div><\/div><\/div><\/div>\n\n\n\n<div class=\"wp-block-sutherland-explore-v2\"><div class=\"sutherland-explore-v2 arrow-enable\"><div class=\"explore-v2 left-explore-v2-section\" style=\"text-align:left\"><div class=\"explore-v2-text\"><a href=\"\/de\/industries\"><span class=\"screen-reader-text\">Entdecken Sie alle Branchen<\/span><\/a><h3 style=\"color:#2C3546\">Entdecken Sie alle Branchen<\/h3><\/div><\/div><div class=\"explore-v2 right-explore-v2-section\" style=\"text-align:right\"><div class=\"explore-v2-text\"><a href=\"\/de\/services\"><span class=\"screen-reader-text\">Entdecken Sie alle L\u00f6sungen<\/span><\/a><h3 style=\"color:#2C3546\">Entdecken Sie alle L\u00f6sungen<\/h3><\/div><\/div><\/div><\/div>\n","protected":false},"excerpt":{"rendered":"<p>Manage a remote workforce with our tools, technology, and industry experience. Unlock high-performance outcomes from anywhere in the world. Learn more.<\/p>\n","protected":false},"author":21,"featured_media":4675,"parent":2621,"menu_order":0,"comment_status":"closed","ping_status":"closed","template":"","meta":{"_acf_changed":false,"om_disable_all_campaigns":false,"_trash_the_other_posts":false,"editor_notices":[],"footnotes":""},"class_list":["post-3524","page","type-page","status-publish","has-post-thumbnail"],"yoast_head":"<!-- This site is optimized with the Yoast SEO Premium plugin v25.6 (Yoast SEO v26.7) - https:\/\/yoast.com\/wordpress\/plugins\/seo\/ -->\n<title>Nahtlose und sichere L\u00f6sungen f\u00fcr das Remote-Workforce-Management<\/title>\n<meta name=\"description\" content=\"Sutherland Anywhere\u00ae ist eine integrierte, modulare Reihe von Technologieplattformen, die es Unternehmen erm\u00f6glichen, jedem Mitarbeiter schnell eine funktionsreiche und sichere Remote-Umgebung zur Verf\u00fcgung zu stellen und dabei die Bed\u00fcrfnisse und Priorit\u00e4ten der Kunden zu erf\u00fcllen.\" \/>\n<meta name=\"robots\" content=\"index, follow, max-snippet:-1, max-image-preview:large, max-video-preview:-1\" \/>\n<link rel=\"canonical\" href=\"https:\/\/www.sutherlandglobal.com\/de\/products-x-platforms\/sutherland-anywhere\" \/>\n<meta property=\"og:locale\" content=\"en_US\" \/>\n<meta property=\"og:type\" content=\"article\" \/>\n<meta property=\"og:title\" content=\"Sutherland Anywhere\" \/>\n<meta property=\"og:description\" content=\"Sutherland Anywhere\u00ae ist eine integrierte, modulare Reihe von Technologieplattformen, die es Unternehmen erm\u00f6glichen, jedem Mitarbeiter schnell eine funktionsreiche und sichere Remote-Umgebung zur Verf\u00fcgung zu stellen und dabei die Bed\u00fcrfnisse und Priorit\u00e4ten der Kunden zu erf\u00fcllen.\" \/>\n<meta property=\"og:url\" content=\"https:\/\/www.sutherlandglobal.com\/de\/products-x-platforms\/sutherland-anywhere\" \/>\n<meta property=\"og:site_name\" content=\"Sutherland - German (DE)\" \/>\n<meta property=\"article:publisher\" content=\"https:\/\/www.facebook.com\/Sutherland-Global-388462191504598\/\" \/>\n<meta property=\"article:modified_time\" content=\"2025-03-27T11:24:15+00:00\" \/>\n<meta property=\"og:image\" content=\"https:\/\/www.sutherlandglobal.com\/de\/wp-content\/uploads\/sites\/26\/2023\/09\/Anywhere_OG_1200x628.jpg\" \/>\n\t<meta property=\"og:image:width\" content=\"1200\" \/>\n\t<meta property=\"og:image:height\" content=\"628\" \/>\n\t<meta property=\"og:image:type\" content=\"image\/jpeg\" \/>\n<meta name=\"twitter:card\" content=\"summary_large_image\" \/>\n<meta name=\"twitter:title\" content=\"Sutherland Anywhere\u00ae\" \/>\n<meta name=\"twitter:site\" content=\"@SutherlandCorp\" \/>\n<script type=\"application\/ld+json\" class=\"yoast-schema-graph\">{\"@context\":\"https:\/\/schema.org\",\"@graph\":[{\"@type\":\"BreadcrumbList\",\"@id\":\"https:\/\/www.sutherlandglobal.com\/de\/products-x-platforms\/sutherland-anywhere#breadcrumb\",\"itemListElement\":[{\"@type\":\"ListItem\",\"position\":1,\"name\":\"Home\",\"item\":\"https:\/\/www.sutherlandglobal.com\/de\/\"},{\"@type\":\"ListItem\",\"position\":2,\"name\":\"Produkte und Plattformen\u00a0\",\"item\":\"https:\/\/www.sutherlandglobal.com\/de\/products-x-platforms\"},{\"@type\":\"ListItem\",\"position\":3,\"name\":\"Sutherland Anywhere\u00ae\"}]},{\"@type\":\"WebSite\",\"@id\":\"https:\/\/www.sutherlandglobal.com\/de\/#website\",\"url\":\"https:\/\/www.sutherlandglobal.com\/de\/\",\"name\":\"Sutherland\",\"description\":\"\",\"publisher\":{\"@id\":\"https:\/\/www.sutherlandglobal.com\/de\/#organization\"},\"alternateName\":\"Sutherland Global Services\",\"potentialAction\":[{\"@type\":\"SearchAction\",\"target\":{\"@type\":\"EntryPoint\",\"urlTemplate\":\"https:\/\/www.sutherlandglobal.com\/de\/search?query={search_term_string}\"},\"query-input\":{\"@type\":\"PropertyValueSpecification\",\"valueRequired\":true,\"valueName\":\"search_term_string\"}}],\"inLanguage\":\"en-US\"}]}<\/script>\n<!-- \/ Yoast SEO Premium plugin. -->","yoast_head_json":{"title":"Nahtlose und sichere L\u00f6sungen f\u00fcr das Remote-Workforce-Management","description":"Sutherland Anywhere\u00ae ist eine integrierte, modulare Reihe von Technologieplattformen, die es Unternehmen erm\u00f6glichen, jedem Mitarbeiter schnell eine funktionsreiche und sichere Remote-Umgebung zur Verf\u00fcgung zu stellen und dabei die Bed\u00fcrfnisse und Priorit\u00e4ten der Kunden zu erf\u00fcllen.","robots":{"index":"index","follow":"follow","max-snippet":"max-snippet:-1","max-image-preview":"max-image-preview:large","max-video-preview":"max-video-preview:-1"},"canonical":"https:\/\/www.sutherlandglobal.com\/de\/products-x-platforms\/sutherland-anywhere","og_locale":"en_US","og_type":"article","og_title":"Sutherland Anywhere","og_description":"Sutherland Anywhere\u00ae ist eine integrierte, modulare Reihe von Technologieplattformen, die es Unternehmen erm\u00f6glichen, jedem Mitarbeiter schnell eine funktionsreiche und sichere Remote-Umgebung zur Verf\u00fcgung zu stellen und dabei die Bed\u00fcrfnisse und Priorit\u00e4ten der Kunden zu erf\u00fcllen.","og_url":"https:\/\/www.sutherlandglobal.com\/de\/products-x-platforms\/sutherland-anywhere","og_site_name":"Sutherland - German (DE)","article_publisher":"https:\/\/www.facebook.com\/Sutherland-Global-388462191504598\/","article_modified_time":"2025-03-27T11:24:15+00:00","og_image":[{"width":1200,"height":628,"url":"https:\/\/www.sutherlandglobal.com\/de\/wp-content\/uploads\/sites\/26\/2023\/09\/Anywhere_OG_1200x628.jpg","type":"image\/jpeg"}],"twitter_card":"summary_large_image","twitter_title":"Sutherland Anywhere\u00ae","twitter_site":"@SutherlandCorp","schema":{"@context":"https:\/\/schema.org","@graph":[{"@type":"BreadcrumbList","@id":"https:\/\/www.sutherlandglobal.com\/de\/products-x-platforms\/sutherland-anywhere#breadcrumb","itemListElement":[{"@type":"ListItem","position":1,"name":"Home","item":"https:\/\/www.sutherlandglobal.com\/de\/"},{"@type":"ListItem","position":2,"name":"Produkte und Plattformen\u00a0","item":"https:\/\/www.sutherlandglobal.com\/de\/products-x-platforms"},{"@type":"ListItem","position":3,"name":"Sutherland Anywhere\u00ae"}]},{"@type":"WebSite","@id":"https:\/\/www.sutherlandglobal.com\/de\/#website","url":"https:\/\/www.sutherlandglobal.com\/de\/","name":"Sutherland","description":"","publisher":{"@id":"https:\/\/www.sutherlandglobal.com\/de\/#organization"},"alternateName":"Sutherland Global Services","potentialAction":[{"@type":"SearchAction","target":{"@type":"EntryPoint","urlTemplate":"https:\/\/www.sutherlandglobal.com\/de\/search?query={search_term_string}"},"query-input":{"@type":"PropertyValueSpecification","valueRequired":true,"valueName":"search_term_string"}}],"inLanguage":"en-US"}]}},"acf":[],"jetpack_sharing_enabled":true,"_links":{"self":[{"href":"https:\/\/www.sutherlandglobal.com\/de\/wp-json\/wp\/v2\/pages\/3524","targetHints":{"allow":["GET"]}}],"collection":[{"href":"https:\/\/www.sutherlandglobal.com\/de\/wp-json\/wp\/v2\/pages"}],"about":[{"href":"https:\/\/www.sutherlandglobal.com\/de\/wp-json\/wp\/v2\/types\/page"}],"author":[{"embeddable":true,"href":"https:\/\/www.sutherlandglobal.com\/de\/wp-json\/wp\/v2\/users\/21"}],"replies":[{"embeddable":true,"href":"https:\/\/www.sutherlandglobal.com\/de\/wp-json\/wp\/v2\/comments?post=3524"}],"version-history":[{"count":100,"href":"https:\/\/www.sutherlandglobal.com\/de\/wp-json\/wp\/v2\/pages\/3524\/revisions"}],"predecessor-version":[{"id":58683,"href":"https:\/\/www.sutherlandglobal.com\/de\/wp-json\/wp\/v2\/pages\/3524\/revisions\/58683"}],"up":[{"embeddable":true,"href":"https:\/\/www.sutherlandglobal.com\/de\/wp-json\/wp\/v2\/pages\/2621"}],"wp:featuredmedia":[{"embeddable":true,"href":"https:\/\/www.sutherlandglobal.com\/de\/wp-json\/wp\/v2\/media\/4675"}],"wp:attachment":[{"href":"https:\/\/www.sutherlandglobal.com\/de\/wp-json\/wp\/v2\/media?parent=3524"}],"curies":[{"name":"wp","href":"https:\/\/api.w.org\/{rel}","templated":true}]}}