{"id":4402,"date":"2023-08-31T08:12:41","date_gmt":"2023-08-31T08:12:41","guid":{"rendered":"https:\/\/www.sutherlandglobal.com\/?page_id=4402"},"modified":"2025-03-27T03:27:10","modified_gmt":"2025-03-27T11:27:10","slug":"environment","status":"publish","type":"page","link":"https:\/\/www.sutherlandglobal.com\/de\/about-us\/environment","title":{"rendered":"Umwelt"},"content":{"rendered":"\n<div class=\"wp-block-sutherland-home-media-banner home-media-banner  home-media-banner-animation textAlign-left\"><style type=\"text\/css\">@media only screen and (min-width: 1140px) {header.sutherland-header .sutherland-menu ul.menu>li>a{color: #fff;};}}<\/style><div class=\"home-media-banner__background-image\" style=\"background-image:url(https:\/\/www.sutherlandglobal.com\/wp-content\/uploads\/sites\/2\/chemistry-background01.jpg);background-color:#26235D\"><div class=\"home-media-banner__overlay\" style=\"background-color:#000;opacity:0.2\"><\/div><\/div><div class=\"home-media-banner__content-section\" style=\"text-align:left\"><button id=\"playButton\">Play Video<\/button><div class=\"home-media-banner__content-inner\"><p style=\"color:#FFFFFF\" class=\"subtitle\">UMWELT<\/p><h1 style=\"color:#FFF\"><span class=\"title-text second\"><strong>Unser Engagement f\u00fcr \u00f6kologische Nachhaltigkeit<\/strong><\/span><\/h1><div class=\"banner-subtext\"><p style=\"color:#FFF\">Als Unterzeichner von UN Global Compact engagieren wir uns aktiv im Bereich der umweltbezogenen Risiken und Chancen, die sich auf Klima, Wasser und Lebensmittel auswirken.<\/p><\/div><\/div><\/div><div class=\"hero-donw-arrow\"><img loading=\"lazy\" decoding=\"async\" src=\"\/wp-content\/themes\/sutherland\/assets\/src\/images\/hero-down-arrow.svg\" width=\"31\" height=\"19\" role=\"button\" alt=\"Down Scroll\" title=\"Down Scroll\"\/><\/div><\/div>\n\n\n\n<div class=\"wp-block-sutherland-image-textcard-bullets\" style=\"background-color:#f5f8fb\"><div class=\"sutherland-image-textcard-bullets layout1\"><div class=\"image-card\"><img loading=\"lazy\" decoding=\"async\" src=\"https:\/\/www.sutherlandglobal.com\/wp-content\/uploads\/sites\/2\/Environ_hero_806x636.jpg\" height=\"636\" width=\"806\" alt=\"Environment hero\"\/><\/div><div class=\"text-card\" style=\"background-color:#FFFFFF;text-align:left\"><p>Umweltschutz ist f\u00fcr unsere Gesch\u00e4ftst\u00e4tigkeit von zentraler Bedeutung. Wir reduzieren die Umweltauswirkungen unserer T\u00e4tigkeit, vom Verbrauch nat\u00fcrlicher Ressourcen \u00fcber die Abfallerzeugung bis hin zu Gesch\u00e4ftsreisen. Lange bevor COVID die Art und Weise, wie wir arbeiten, ver\u00e4nderte, erm\u00f6glichten wir es Tausenden unserer Mitarbeiter auf der ganzen Welt, mit Hilfe von Tools f\u00fcr die virtuelle Kollaboration in Telearbeit t\u00e4tig zu sein und so die durch das Pendeln verursachten Kohlenstoffemissionen drastisch zu reduzieren.\u00a0<br><br>Wie es unserem Wesen entspricht, unterst\u00fctzen wir die Nachhaltigkeitsverpflichtungen unserer Kunden, indem wir innovative IT-L\u00f6sungen und Prozesstransformationen anbieten, um ihren \u00f6kologischen Fu\u00dfabdruck und die damit verbundenen Kosten zu reduzieren.\u00a0\u00a0\u00a0<\/p><p><strong>Unsere wichtigsten Nachhaltigkeitsziele sind:<\/strong><\/p><div class=\"bullets-section\"><ul class=\"bullet-lists\"><li>\u00dcberwachung unserer CO<sub>2<\/sub>-Bilanz und Reduzierung der CO<sub>2<\/sub>-Emissionen<\/li><li>F\u00f6rderung lokaler Ma\u00dfnahmen, um unsere Umwelt positiv zu beeinflussen<\/li><\/ul><\/div><\/div><\/div><\/div>\n\n\n\n<div class=\"wp-block-sutherland-featured-cta bg-layout-1 cta\" id=\"cta-077d698e-faba-44e5-a470-a50d81ed60dd\"><div class=\"container-wrap\"><div class=\"cta__body\"><div class=\"cta__content\"><div class=\"cta__text\" style=\"text-align:left\"><h4 style=\"color:#FFFFFF\" class=\"subheading\">Lesen Sie das Environmental Sustainability Commitment von Sutherland<\/h4><\/div><div class=\"cta__button\"><p class=\"btn-main btn-secondary\"><a href=\"https:\/\/www.sutherlandglobal.com\/wp-content\/uploads\/sites\/2\/SB-1031-Environmental-Policy_v0624.TX_.pdf\">PDF herunterladen<\/a><\/p><\/div><\/div><\/div><\/div><\/div>\n","protected":false},"excerpt":{"rendered":"<p>As a signatory of the UN Global Compact, we are committed to actively addressing the environmental risks and opportunities that impact our climate, water and food.<\/p>\n","protected":false},"author":21,"featured_media":0,"parent":286,"menu_order":0,"comment_status":"closed","ping_status":"closed","template":"","meta":{"_acf_changed":false,"om_disable_all_campaigns":false,"_trash_the_other_posts":false,"editor_notices":[],"footnotes":""},"class_list":["post-4402","page","type-page","status-publish"],"yoast_head":"<!-- This site is optimized with the Yoast SEO Premium plugin v25.6 (Yoast SEO v26.7) - https:\/\/yoast.com\/wordpress\/plugins\/seo\/ -->\n<title>Unser Engagement f\u00fcr \u00f6kologische Nachhaltigkeit- Sutherland<\/title>\n<meta name=\"description\" content=\"Als Unterzeichner von UN Global Compact engagieren wir uns aktiv im Bereich der umweltbezogenen Risiken und Chancen, die sich auf Klima, Wasser und Lebensmittel auswirken.\" \/>\n<meta name=\"robots\" content=\"index, follow, max-snippet:-1, max-image-preview:large, max-video-preview:-1\" \/>\n<link rel=\"canonical\" href=\"https:\/\/www.sutherlandglobal.com\/de\/about-us\/environment\" \/>\n<meta property=\"og:locale\" content=\"en_US\" \/>\n<meta property=\"og:type\" content=\"article\" \/>\n<meta property=\"og:title\" content=\"Umwelt\" \/>\n<meta property=\"og:description\" content=\"Als Unterzeichner von UN Global Compact engagieren wir uns aktiv im Bereich der umweltbezogenen Risiken und Chancen, die sich auf Klima, Wasser und Lebensmittel auswirken.\" \/>\n<meta property=\"og:url\" content=\"https:\/\/www.sutherlandglobal.com\/de\/about-us\/environment\" \/>\n<meta property=\"og:site_name\" content=\"Sutherland - German (DE)\" \/>\n<meta property=\"article:publisher\" content=\"https:\/\/www.facebook.com\/Sutherland-Global-388462191504598\/\" \/>\n<meta property=\"article:modified_time\" content=\"2025-03-27T11:27:10+00:00\" \/>\n<meta property=\"og:image\" content=\"https:\/\/www.sutherlandglobal.com\/wp-content\/uploads\/sites\/2\/Environ_hero_806x636.jpg\" \/>\n<meta name=\"twitter:card\" content=\"summary_large_image\" \/>\n<meta name=\"twitter:site\" content=\"@SutherlandCorp\" \/>\n<script type=\"application\/ld+json\" class=\"yoast-schema-graph\">{\"@context\":\"https:\/\/schema.org\",\"@graph\":[{\"@type\":\"BreadcrumbList\",\"@id\":\"https:\/\/www.sutherlandglobal.com\/de\/about-us\/environment#breadcrumb\",\"itemListElement\":[{\"@type\":\"ListItem\",\"position\":1,\"name\":\"Home\",\"item\":\"https:\/\/www.sutherlandglobal.com\/de\/\"},{\"@type\":\"ListItem\",\"position\":2,\"name\":\"\u00dcber uns\u00a0\",\"item\":\"https:\/\/www.sutherlandglobal.com\/de\/about-us\"},{\"@type\":\"ListItem\",\"position\":3,\"name\":\"Umwelt\"}]},{\"@type\":\"WebSite\",\"@id\":\"https:\/\/www.sutherlandglobal.com\/de\/#website\",\"url\":\"https:\/\/www.sutherlandglobal.com\/de\/\",\"name\":\"Sutherland\",\"description\":\"\",\"publisher\":{\"@id\":\"https:\/\/www.sutherlandglobal.com\/de\/#organization\"},\"alternateName\":\"Sutherland Global Services\",\"potentialAction\":[{\"@type\":\"SearchAction\",\"target\":{\"@type\":\"EntryPoint\",\"urlTemplate\":\"https:\/\/www.sutherlandglobal.com\/de\/search?query={search_term_string}\"},\"query-input\":{\"@type\":\"PropertyValueSpecification\",\"valueRequired\":true,\"valueName\":\"search_term_string\"}}],\"inLanguage\":\"en-US\"}]}<\/script>\n<!-- \/ Yoast SEO Premium plugin. -->","yoast_head_json":{"title":"Unser Engagement f\u00fcr \u00f6kologische Nachhaltigkeit- Sutherland","description":"Als Unterzeichner von UN Global Compact engagieren wir uns aktiv im Bereich der umweltbezogenen Risiken und Chancen, die sich auf Klima, Wasser und Lebensmittel auswirken.","robots":{"index":"index","follow":"follow","max-snippet":"max-snippet:-1","max-image-preview":"max-image-preview:large","max-video-preview":"max-video-preview:-1"},"canonical":"https:\/\/www.sutherlandglobal.com\/de\/about-us\/environment","og_locale":"en_US","og_type":"article","og_title":"Umwelt","og_description":"Als Unterzeichner von UN Global Compact engagieren wir uns aktiv im Bereich der umweltbezogenen Risiken und Chancen, die sich auf Klima, Wasser und Lebensmittel auswirken.","og_url":"https:\/\/www.sutherlandglobal.com\/de\/about-us\/environment","og_site_name":"Sutherland - German (DE)","article_publisher":"https:\/\/www.facebook.com\/Sutherland-Global-388462191504598\/","article_modified_time":"2025-03-27T11:27:10+00:00","og_image":[{"url":"https:\/\/www.sutherlandglobal.com\/wp-content\/uploads\/sites\/2\/Environ_hero_806x636.jpg","type":"","width":"","height":""}],"twitter_card":"summary_large_image","twitter_site":"@SutherlandCorp","schema":{"@context":"https:\/\/schema.org","@graph":[{"@type":"BreadcrumbList","@id":"https:\/\/www.sutherlandglobal.com\/de\/about-us\/environment#breadcrumb","itemListElement":[{"@type":"ListItem","position":1,"name":"Home","item":"https:\/\/www.sutherlandglobal.com\/de\/"},{"@type":"ListItem","position":2,"name":"\u00dcber uns\u00a0","item":"https:\/\/www.sutherlandglobal.com\/de\/about-us"},{"@type":"ListItem","position":3,"name":"Umwelt"}]},{"@type":"WebSite","@id":"https:\/\/www.sutherlandglobal.com\/de\/#website","url":"https:\/\/www.sutherlandglobal.com\/de\/","name":"Sutherland","description":"","publisher":{"@id":"https:\/\/www.sutherlandglobal.com\/de\/#organization"},"alternateName":"Sutherland Global Services","potentialAction":[{"@type":"SearchAction","target":{"@type":"EntryPoint","urlTemplate":"https:\/\/www.sutherlandglobal.com\/de\/search?query={search_term_string}"},"query-input":{"@type":"PropertyValueSpecification","valueRequired":true,"valueName":"search_term_string"}}],"inLanguage":"en-US"}]}},"acf":[],"jetpack_sharing_enabled":true,"_links":{"self":[{"href":"https:\/\/www.sutherlandglobal.com\/de\/wp-json\/wp\/v2\/pages\/4402","targetHints":{"allow":["GET"]}}],"collection":[{"href":"https:\/\/www.sutherlandglobal.com\/de\/wp-json\/wp\/v2\/pages"}],"about":[{"href":"https:\/\/www.sutherlandglobal.com\/de\/wp-json\/wp\/v2\/types\/page"}],"author":[{"embeddable":true,"href":"https:\/\/www.sutherlandglobal.com\/de\/wp-json\/wp\/v2\/users\/21"}],"replies":[{"embeddable":true,"href":"https:\/\/www.sutherlandglobal.com\/de\/wp-json\/wp\/v2\/comments?post=4402"}],"version-history":[{"count":85,"href":"https:\/\/www.sutherlandglobal.com\/de\/wp-json\/wp\/v2\/pages\/4402\/revisions"}],"predecessor-version":[{"id":58688,"href":"https:\/\/www.sutherlandglobal.com\/de\/wp-json\/wp\/v2\/pages\/4402\/revisions\/58688"}],"up":[{"embeddable":true,"href":"https:\/\/www.sutherlandglobal.com\/de\/wp-json\/wp\/v2\/pages\/286"}],"wp:attachment":[{"href":"https:\/\/www.sutherlandglobal.com\/de\/wp-json\/wp\/v2\/media?parent=4402"}],"curies":[{"name":"wp","href":"https:\/\/api.w.org\/{rel}","templated":true}]}}