{"id":4616,"date":"2023-08-31T14:08:44","date_gmt":"2023-08-31T14:08:44","guid":{"rendered":"https:\/\/www.sutherlandglobal.com\/?page_id=4616"},"modified":"2025-03-27T03:25:20","modified_gmt":"2025-03-27T11:25:20","slug":"sutherland-translate-ai","status":"publish","type":"page","link":"https:\/\/www.sutherlandglobal.com\/de\/products-x-platforms\/sutherland-translate-ai","title":{"rendered":"Sutherland Translate AI\u00ae\u00a0"},"content":{"rendered":"\n<div class=\"wp-block-sutherland-home-media-banner home-media-banner  home-media-banner-animation textAlign-left\"><style type=\"text\/css\">@media only screen and (min-width: 1140px) {header.sutherland-header .sutherland-menu ul.menu>li>a{color: #fff;};}}<\/style><div class=\"home-media-banner__background-image\" style=\"background-image:url(https:\/\/www.sutherlandglobal.com\/wp-content\/uploads\/sites\/2\/Translate-AI-Banner.jpg);background-color:#26235D\"><div class=\"home-media-banner__overlay\" style=\"background-color:#000;opacity:0.2\"><\/div><\/div><div class=\"home-media-banner__content-section\" style=\"text-align:left\"><button id=\"playButton\">Play Video<\/button><div class=\"home-media-banner__content-inner\"><p style=\"color:#FFFFFF\" class=\"subtitle\">SUTHERLAND TRANSLATE AI<em>\u00ae<\/em><\/p><h1 style=\"color:#FFF\"><span class=\"title-text second\"><strong>KI-gest\u00fctzte Omnichannel- und Echtzeit\u00fcbersetzung<\/strong><\/span><\/h1><\/div><\/div><div class=\"hero-donw-arrow\"><img loading=\"lazy\" decoding=\"async\" src=\"\/wp-content\/themes\/sutherland\/assets\/src\/images\/hero-down-arrow.svg\" width=\"31\" height=\"19\" role=\"button\" alt=\"Down Scroll\" title=\"Down Scroll\"\/><\/div><\/div>\n\n\n\n<div class=\"wp-block-sutherland-intro-block intro-block-sections\"><div class=\"intro-block-left\" style=\"background-image:linear-gradient(0deg, #EDEFEE 0%, #FFFFFF 100%)\"><h2 style=\"color:#2C3546\">KI-gest\u00fctzter mehrsprachiger Kundensupport f\u00fcr einen globalen Kundenstamm<\/h2><\/div><div class=\"intro-block-right\">\n<p>Sutherland Translate AI\u00ae ist eine KI-gest\u00fctzte, automatisierte und hochgradig skalierbare \u00dcbersetzungsl\u00f6sung, mit der Ihre Mitarbeiter in der Lage sind, CX in Echtzeit in gleichbleibend hoher Qualit\u00e4t zu liefern. So k\u00f6nnen Unternehmen ihre Supportservices auf neue Regionen ausweiten und gleichzeitig ihre Betriebskosten senken.&nbsp;<\/p>\n\n\n\n<ul class=\"wp-block-list\">\n<li><strong>Vereinfachter Betrieb.<\/strong> Ein einziger globaler Supportpartner f\u00fcr jeden Standort, der Ihre Betriebskosten (Operational Expenditures, OpEx) reduziert. Mitarbeiter k\u00f6nnen von \u00fcberall auf der Welt aus problemlos mit Kunden in deren bevorzugter Sprache kommunizieren.&nbsp;<\/li>\n\n\n\n<li><strong>Gesteigerte Produktivit\u00e4t<\/strong>. Verbesserte Geschwindigkeit f\u00fcr Kompetenz und Onboarding von Mitarbeitern.&nbsp;<\/li>\n\n\n\n<li><strong>M\u00fchelose Integration.<\/strong> Eine nahtlose Integration in Ihr bestehendes CRM, um Ihre Omnichannel-Support-Strategie zu st\u00e4rken.&nbsp;<\/li>\n<\/ul>\n\n\n\n<div class=\"wp-block-sutherland-only-button sutherland-button\" id=\"button-aeb25698-884f-4490-b7bf-39598223a81c\" style=\"text-align:left\"><a href=\"\/de\/contact-us\" class=\"btn-main btn-secondary\" target=\"_self\" rel=\"noopener\">Kontakt<\/a><\/div>\n<\/div><\/div>\n\n\n\n<div class=\"wp-block-sutherland-three-column-text three-column-text-main three-column-text-layout-column-4-view five-column\" style=\"background-image:linear-gradient(140deg, #26235d, #26235d, #b82659)\"><div class=\"three-column-text-main__title-section\" style=\"text-align:left\"><h2 style=\"color:#FFFFFF\">Funktionen und Vorteile<\/h2><\/div><div class=\"three-column-text-main__box-section\"><div class=\"three-column-text-main__inner-box\"><div class=\"three-column-text-main__boxes\"><div class=\"three-column-text-main__box\"><div class=\"three-column-text-main__box-inner\"><div class=\"three-column-text-main__box-content\"><h3 style=\"color:#FFFFFF\">Markteinf\u00fchrung und Skalierung<\/h3><p style=\"color:#FFFFFF\">Trainieren Sie neue Sprachen in weniger als drei Wochen, und f\u00fchren Sie das Onboarding neuer Mitarbeiter in nur 48\u202fStunden durch. Nutzen Sie ein und denselben kompetenten Berater f\u00fcr viele Sprachen in einer sicheren Umgebung mit mehreren Partnern.\u00a0<\/p><\/div><\/div><\/div><div class=\"three-column-text-main__box\"><div class=\"three-column-text-main__box-inner\"><div class=\"three-column-text-main__box-content\"><h3 style=\"color:#FFFFFF\">Genauigkeit auf menschlichem Niveau mit Nuance Check<\/h3><p style=\"color:#FFFFFF\">Unterst\u00fctzt 163\u202fglobale Sprachen und bietet eine operative Genauigkeit von 90\u202f%. Die Engine wird mit starkem regionalen Vokabular trainiert und liefert \u00dcbersetzungen, die lokale Nuancen kennen.\u00a0<\/p><\/div><\/div><\/div><div class=\"three-column-text-main__box\"><div class=\"three-column-text-main__box-inner\"><div class=\"three-column-text-main__box-content\"><h3 style=\"color:#FFFFFF\">Einfache Bereitstellung und Skalierbarkeit<\/h3><p style=\"color:#FFFFFF\">Mit einem nicht intrusiven Implementierungsprozess ist Translate AI\u00ae w\u00e4hrend der Expansion einfach einsetzbar und nahtlos skalierbar.\u00a0<\/p><\/div><\/div><\/div><div class=\"three-column-text-main__box\"><div class=\"three-column-text-main__box-inner\"><div class=\"three-column-text-main__box-content\"><h3 style=\"color:#FFFFFF\">Verbesserung der CX-Metrik<\/h3><p style=\"color:#FFFFFF\">Unterst\u00fctzt mehrsprachige Warteschlangen und verbessert die SLAs. Reduzieren Sie die Wartezeiten der Kunden drastisch, verbessern Sie die Kundenerfahrung, und steigern Sie die CSAT-Scores.<\/p><\/div><\/div><\/div><div class=\"three-column-text-main__box\"><div class=\"three-column-text-main__box-inner\"><div class=\"three-column-text-main__box-content\"><h3 style=\"color:#FFFFFF\">OPEX-Optimierung<\/h3><p style=\"color:#FFFFFF\">Translate AI\u00ae reduziert die OPEX, indem es den Betrieb konsolidiert und die Kosten f\u00fcr die teure Einstellung von Muttersprachlern unn\u00f6tig macht.<\/p><\/div><\/div><\/div><\/div><\/div><\/div><\/div>\n\n\n\n<div class=\"wp-block-sutherland-content-video sutherland-out-story-block layout-2\" style=\"background-color:\"><div class=\"top-heading-section\"><\/div><div class=\"our-story-colums\"><div class=\"our-story-colum left\"><div class=\"image-preview-box has-video no-thumbnail\"><iframe width=\"560\" height=\"315\" src=\"https:\/\/player.vimeo.com\/video\/1004087203\" title=\"\" frameborder=\"0\" sandbox=\"allow-scripts allow-same-origin allow-presentation\" allow=\"accelerometer; autoplay; clipboard-write; encrypted-media; gyroscope; picture-in-picture; web-share\" allowfullscreen loading=\"lazy\"><\/iframe><\/div><\/div><div class=\"our-story-colum right\"><\/div><\/div><\/div>\n\n\n\t\t\t<div id=\"casestudy-slider-1\" class=\"wp-block-sutherland-casestudy-slider case-study-slider show-heading overlap-prev-block\">\n\t\t\t\t<style>\n\t\t\t\t\t#casestudy-slider-1.case-study-slider .casestudy-slider__title-section .casestudy-slider__arrows button{border-color:#26235d !important;background-color:rgba(228, 227, 245, 0.2) !important;}#casestudy-slider-1.case-study-slider .casestudy-slider__title-section .casestudy-slider__arrows svg path{fill:#26235d !important;stroke:#26235d !important;}\t\t\t\t<\/style>\n\t\t\t\t<div class=\"casestudy-slider show-arrows show-dots\">\n\t\t\t\t\t<div class=\"casestudy-slider__inner\">\n\t\t\t\t\t\t\t\t\t\t\t\t\t<div class=\"casestudy-slider__title-section\" style=\"background-color: #FFFFFF\">\n\t\t\t\t\t\t\t\t<h2 style=\"color: #272F3D\">Fallstudien<\/h2>\n\t\t\t\t\t\t\t\t\n\t\t\t\t\t\t\t<\/div>\n\t\t\t\t\t\t\t\t\t\t\t\t\t\t\t\t\t\t\t<div class=\"transformation-stories-slider__arrows\">\n\t\t\t\t\t\t\t<div class=\"casestudy-slider__arrows\">\n\t\t\t\t\t\t\t\t\t\t\t\t\t\t\t\t\t\t\t\t\t\t\t\t\t\t\t\t\t\t\t\n\t\t\t\t\t\t\t\t\t\t\t<button class=\"prevarrow transformation-stories-previous\">\n\t\t\t\t\t\t\t\t\t\t\t<svg width=\"10\" height=\"14\" fill=\"none\" xmlns=\"http:\/\/www.w3.org\/2000\/svg\">\n\t\t\t\t\t\t\t\t\t\t\t\t<path d=\"M8.28315 12.5242L8.28317 12.5242C9.07228 11.7188 9.07228 10.4099 8.28317 9.60455L6.16673 7.44446C5.79008 7.06005 5.79009 6.43995 6.16673 6.05554L8.24909 3.93023C9.03883 3.12421 9.07333 1.8157 8.31298 1.00696C7.91578 0.584481 7.38938 0.375 6.86352 0.375C6.35066 0.375 5.83739 0.574296 5.44397 0.975831C5.44397 0.975832 5.44397 0.975833 5.44397 0.975834L1.21684 5.29024L1.21683 5.29024C0.427722 6.09562 0.427722 7.40448 1.21683 8.20986L5.44395 12.5242C6.229 13.3253 7.49834 13.3253 8.28315 12.5242Z\" fill=\"black\" stroke=\"#26235D\" stroke-width=\"0.75\" \/>\n\t\t\t\t\t\t\t\t\t\t\t<\/svg>\n\t\t\t\t\t\t\t\t\t\t\tPrevious\n\t\t\t\t\t\t\t\t\t\t<\/button>\t\t\t\t\t\t\t\t\t\t\t<button class=\"nextarrow transformation-stories-next\">\n\t\t\t\t\t\t\t\t\t\t\t<svg width=\"10\" height=\"14\" fill=\"none\" xmlns=\"http:\/\/www.w3.org\/2000\/svg\">\n\t\t\t\t\t\t\t\t\t\t\t\t<path d=\"M1.34185 12.5242L1.34183 12.5242C0.552723 11.7188 0.552723 10.4099 1.34183 9.60455L3.45827 7.44446C3.83492 7.06005 3.83491 6.43995 3.45827 6.05554L1.37591 3.93023C0.586175 3.12421 0.551672 1.8157 1.31202 1.00696C1.70922 0.584481 2.23562 0.375 2.76148 0.375C3.27434 0.375 3.78761 0.574296 4.18103 0.975831C4.18103 0.975832 4.18103 0.975833 4.18103 0.975834L8.40816 5.29024L8.40817 5.29024C9.19728 6.09562 9.19728 7.40448 8.40817 8.20986L4.18105 12.5242C3.396 13.3253 2.12666 13.3253 1.34185 12.5242Z\" fill=\"black\" stroke=\"#26235D\" stroke-width=\"0.75\" \/>\n\t\t\t\t\t\t\t\t\t\t\t<\/svg>\n\t\t\t\t\t\t\t\t\t\t\tNext\n\t\t\t\t\t\t\t\t\t\t<\/button>\t\t\t\t\t\t\t\t\t\t\t\t\t\t\t\t\t\t\t<\/div>\t\t\t\t\t\t\t\t\t\n\t\t\t\t\t\t\t\t\t<\/div>\t\t\t\t\t\t\t\t\t\n\t\t\t\t\t\t\t\t\n\t\t\t\t\t\t<div class=\"casestudy-slider__slide-main slick-init-loader\" \n\t\t\t\t\t\t\tdata-slide-autoplay=\"true\"\n\t\t\t\t\t\t\tdata-slide-arrows=\"true\"\n\t\t\t\t\t\t\tdata-slide-dots=\"true\"\n\t\t\t\t\t\t\tdata-slide-desktop=\"3\"\n\t\t\t\t\t\t\tdata-slide-tablet=\"2\"\n\t\t\t\t\t\t\tdata-slide-mobile=\"1\"\n\t\t\t\t\t\t\tstyle=\"background-color: #FFFFFF\"\n\t\t\t\t\t\t\trole=\"list\"\n\t\t\t\t\t\t>\n\t\t\t\t\t\t\t\t\t\t\t\t\t\t\t\t<div class=\"casestudy-slider__slide\" role=\"listitem\" aria-label=\"Globale Ausweitung des Service auf \u00fcber 20 Sprachen, rund um die Uhr f\u00fcr Spotify durch KI-gest\u00fctzte \u00dcbersetzung\"\n\t\t\t\t\t\t\t\t\t>\n\t\t\t\t\t\t\t\t\t\t<div class=\"casestudy-slider__content\"  data-url=\"https:\/\/www.sutherlandglobal.com\/de\/insights\/case-study\/new-ai-driven-language-translation-tool-lets-spotify-grow-its-service-capabilities\">\n\t\t\t\t\t\t\t\t\t\t<img loading=\"lazy\" decoding=\"async\" width=\"770\" height=\"466\" src=\"https:\/\/www.sutherlandglobal.com\/de\/wp-content\/uploads\/sites\/26\/f-.jpg?w=770\" class=\"attachment-1032 size-1032\" alt=\"Globale Ausweitung des Service auf \u00fcber 20 Sprachen, rund um die Uhr f\u00fcr Spotify durch...\" title=\"Globale Ausweitung des Service auf \u00fcber 20 Sprachen, rund um die Uhr f\u00fcr Spotify durch...\" srcset=\"https:\/\/www.sutherlandglobal.com\/de\/wp-content\/uploads\/sites\/26\/f-.jpg 770w, https:\/\/www.sutherlandglobal.com\/de\/wp-content\/uploads\/sites\/26\/f-.jpg?resize=300,182 300w, https:\/\/www.sutherlandglobal.com\/de\/wp-content\/uploads\/sites\/26\/f-.jpg?resize=768,465 768w\" sizes=\"auto, (max-width: 770px) 100vw, 770px\" \/>\t\t\t\t\t\t\t\t\t\t\t<div class=\"casestudy-slider__overlay\" style=\"background-color: rgba(0, 0, 0, 0.5)\"><\/div>\n\t\t\t\t\t\t\t\t\t\t\t<a href=\"https:\/\/www.sutherlandglobal.com\/de\/insights\/case-study\/new-ai-driven-language-translation-tool-lets-spotify-grow-its-service-capabilities\" class=\"case-study-item-link\"><span class=\"screen-reader-text\">Globale Ausweitung des Service auf \u00fcber 20 Sprachen, rund um die Uhr f\u00fcr Spotify durch KI-gest\u00fctzte \u00dcbersetzung<\/span><\/a>\n\t\t\t\t\t\t\t\t\t\t\t<div class=\"casestudy-slider__content-inner\">\n\t\t\t\t\t\t\t\t\t\t\t\t\t\t\t\t\t\t\t\t\t\t\t\t\t\t<div class=\"drawer-text\">\n\t\t\t\t\t\t\t\t\t\t\t\t\t\t\tFallstudie\t\t\t\t\t\t\t\t\t\t\t\t\t\t\t<\/div>\n\t\t\t\t\t\t\t\t\t\t\t\t\t\t\t\t\t\t\t\t\t\t\t\t\t\t<div class=\"casestudy-slider__details\">\n\t\t\t\t\t\t\t\t\t\t\t\t\t<a href=\"https:\/\/www.sutherlandglobal.com\/de\/insights\/case-study\/new-ai-driven-language-translation-tool-lets-spotify-grow-its-service-capabilities\" class=\"case-study-block-title\">\n\t\t\t\t\t\t\t\t\t\t\t\t\tGlobale Ausweitung des Service auf \u00fcber 20 Sprachen, rund um die Uhr f\u00fcr Spotify durch KI-gest\u00fctzte \u00dcbersetzung \n\t\t\t\t\t\t\t\t\t\t\t\t\t<\/a>\n\t\t\t\t\t\t\t\t\t\t\t\t<\/div>\n\t\t\t\t\t\t\t\t\t\t\t\t\t\t\t\t\t\t\t\t\t\t\t\t\t<div class=\"btn-main btn-white-arrow\">\n\t\t\t\t\t\t\t\t\t\t\t\t\t\t<a href=\"https:\/\/www.sutherlandglobal.com\/de\/insights\/case-study\/new-ai-driven-language-translation-tool-lets-spotify-grow-its-service-capabilities\" aria-label=\"Globale Ausweitung des Service auf \u00fcber 20 Sprachen, rund um die Uhr f\u00fcr Spotify durch...\">Mehr lesen<span class=\"screen-reader-text\">Mehr lesen &#8211; Globale Ausweitung des Service auf \u00fcber 20 Sprachen, rund um die Uhr f\u00fcr Spotify durch KI-gest\u00fctzte \u00dcbersetzung<\/span><\/a>\n\t\t\t\t\t\t\t\t\t\t\t\t\t<\/div>\n\t\t\t\t\t\t\t\t\t\t\t\t\t\t\t\t\t\t\t\t\t\t\t<\/div> \n\t\t\t\t\t\t\t\t\t\t<\/div>\n\t\t\t\t\t\t\t\t\t<\/div>\n\t\t\t\t\t\t\t\t\t\t\t\t\t\t<\/div>\n\t\t\t\t\t<\/div>\n\t\t\t\t<\/div>\n\t\t\t<\/div>\n\t\t\t\n\n\n<div class=\"wp-block-sutherland-column-image-text\"><div class=\"our-differentiators-colums\" style=\"background:linear-gradient(0deg,rgb(239,237,238) 0%,rgba(245,211,39,0) 100%)\"><div class=\"our-differentiators-colum left\" style=\"background:linear-gradient(121deg, rgba(224, 141, 57, 0.36) 0%, rgba(255, 255, 255, 0.36) 31%, rgba(255, 255, 255, 0.36) 64%, rgba(224, 141, 57, 0.36) 100%)\"><h2 style=\"color:#2C3546;text-align:left\">Freisetzung digitaler Leistung<\/h2><div class=\"our-differentiators-img\"><\/div><\/div><div class=\"our-differentiators-colum right\" style=\"text-align:left\"><div class=\"inner-mid-col-text-section\"><div class=\"accordian-text-section\"><div class=\"accordian-text-title\"><p class=\"title\" style=\"color:#2C3546\"><strong>Globale Reichweite<\/strong><\/p><\/div><div class=\"accordian-text-descriptions\"><p class=\"description\" style=\"color:#2C3546\">Mehr als 98\u202fSprachen werden mit muttersprachlichen Nuancen unterst\u00fctzt. Erweitern Sie mit Echtzeit\u00fcbersetzungen Ihre globale Reichweite und den Kundensupport \u00fcber Regionen und L\u00e4nder hinweg.\u00a0\u00a0<\/p><\/div><\/div><div class=\"accordian-text-section\"><div class=\"accordian-text-title\"><p class=\"title\" style=\"color:#2C3546\"><strong><strong>Kosteneinsparungen<\/strong>\u00a0<\/strong><\/p><\/div><div class=\"accordian-text-descriptions\"><p class=\"description\" style=\"color:#2C3546\">20\u202f% reduzierter OPEX. Optimieren Sie den Bedarf an mehrsprachigen Supportmitarbeitern, und steigern Sie die Kosteneffizienz des Unternehmens.\u00a0<\/p><\/div><\/div><div class=\"accordian-text-section\"><div class=\"accordian-text-title\"><p class=\"title\" style=\"color:#2C3546\"><strong><strong>Personalisierter Support<\/strong>\u00a0<\/strong><\/p><\/div><div class=\"accordian-text-descriptions\"><p class=\"description\" style=\"color:#2C3546\">90\u202f% \u00dcbersetzungsgenauigkeit. Bieten Sie Ihren Kunden personalisierte Unterst\u00fctzung mit muttersprachlichen Nuancen und positive Support-Erfahrungen.\u00a0<\/p><\/div><\/div><div class=\"accordian-text-section\"><div class=\"accordian-text-title\"><p class=\"title\" style=\"color:#2C3546\"><strong>Wettbewerbsvorteil<\/strong><\/p><\/div><div class=\"accordian-text-descriptions\"><p class=\"description\" style=\"color:#2C3546\">95,5\u202f% k\u00fcrzere Onboarding-Zeit (von 45\u202fTagen auf 2\u202fTage). Optimieren Sie den Kundensupport, und erf\u00fcllen Sie die unterschiedlichen Kundenbed\u00fcrfnisse, w\u00e4hrend Sie gleichzeitig f\u00fcr eine \u00fcberlegene Kundenerfahrung sorgen.\u00a0<\/p><\/div><\/div><\/div><\/div><\/div><\/div>\n\n\n\n<div class=\"wp-block-sutherland-featured-cta bg-layout-1 cta\" id=\"cta-58b9819a-4015-403d-ad97-315f89d423db\"><div class=\"container-wrap\"><div class=\"cta__body\"><div class=\"cta__content\"><div class=\"cta__text\" style=\"text-align:left\"><h6 style=\"color:#FFFFFF\">INTERESSANTE ERKENNTNISSE<\/h6><h4 style=\"color:#FFFFFF\" class=\"subheading\"><strong>Die Zukunft der Kundenbetreuung: Ist Ihr Unternehmen bereit?<\/strong>\u00a0<\/h4><\/div><div class=\"cta__button\"><p class=\"btn-main btn-secondary\"><a href=\"https:\/\/www.sutherlandglobal.com\/de\/insights\/blog\/the-future-of-customer-care-is-your-company-ready\">Blog lesen<\/a><\/p><\/div><\/div><\/div><\/div><\/div>\n\n\n\n<div class=\"wp-block-sutherland-contactus-form wp-block-sutherland-marketo-form marketo-form overlap-prev-block overlap-next-block remove-padding\" id=\"marketo-form-249404d6-6cb5-4ec8-9413-4caa9a153e95\" style=\"background-image:linear-gradient(to right, transparent, transparent)\"><div class=\"contactus-form-main contactus-main\"><div class=\"contactus-form-inner\"><div class=\"marketo-form__column\" style=\"background-image:url(https:\/\/www.sutherlandglobal.com\/wp-content\/uploads\/sites\/2\/contact-background-1.jpg)\"><div class=\"mb-form__header\"><h2 style=\"color:#2C3546\">Kontakt <\/h2><\/div><div id=\"marketo-form-form-2105\" class=\"mb-form__wrap\"><div class=\"mb-form__success-msg hide\">Vielen Dank f\u00fcr Ihre Nachricht! Wir freuen uns darauf, bald mit Ihnen zu sprechen.<\/div><form class=\"marketo-form__form mktoForm\" id=\"mktoForm_2105\" data-forminstance=\"marketo-form-249404d6-6cb5-4ec8-9413-4caa9a153e95-mktoForm-2105\" data-munchkin=\"668-NEQ-306\" data-formid=\"2105\"><\/form><\/div><\/div><\/div><\/div><\/div>\n\n\n\n<div class=\"wp-block-sutherland-explore-v2\"><div class=\"sutherland-explore-v2 arrow-enable\"><div class=\"explore-v2 left-explore-v2-section\" style=\"text-align:left\"><div class=\"explore-v2-text\"><a href=\"\/de\/industries\"><span class=\"screen-reader-text\">Entdecken Sie alle Branchen<\/span><\/a><h3 style=\"color:#2C3546\">Entdecken Sie alle Branchen<\/h3><\/div><\/div><div class=\"explore-v2 right-explore-v2-section\" style=\"text-align:right\"><div class=\"explore-v2-text\"><a href=\"\/de\/services\"><span class=\"screen-reader-text\">Entdecken Sie alle L\u00f6sungen<\/span><\/a><h3 style=\"color:#2C3546\">Entdecken Sie alle L\u00f6sungen<\/h3><\/div><\/div><\/div><\/div>\n","protected":false},"excerpt":{"rendered":"<p>Experience seamless communication across languages with AI translation. Get in-context translation for conversations, websites, and documents. Learn more.<\/p>\n","protected":false},"author":21,"featured_media":0,"parent":2621,"menu_order":0,"comment_status":"closed","ping_status":"closed","template":"","meta":{"_acf_changed":false,"om_disable_all_campaigns":false,"_trash_the_other_posts":false,"editor_notices":[],"footnotes":""},"class_list":["post-4616","page","type-page","status-publish"],"yoast_head":"<!-- This site is optimized with the Yoast SEO Premium plugin v25.6 (Yoast SEO v26.7) - https:\/\/yoast.com\/wordpress\/plugins\/seo\/ -->\n<title>KI-gest\u00fctzte Omnichannel- und Echtzeit\u00fcbersetzung - Sutherland<\/title>\n<meta name=\"description\" content=\"Sutherland Translate AI\u00ae ist eine KI-gest\u00fctzte, automatisierte und hochgradig skalierbare \u00dcbersetzungsl\u00f6sung, mit der Ihre Mitarbeiter in der Lage sind, CX in Echtzeit in gleichbleibend hoher Qualit\u00e4t zu liefern.\" \/>\n<meta name=\"robots\" content=\"index, follow, max-snippet:-1, max-image-preview:large, max-video-preview:-1\" \/>\n<link rel=\"canonical\" href=\"https:\/\/www.sutherlandglobal.com\/de\/products-x-platforms\/sutherland-translate-ai\" \/>\n<meta property=\"og:locale\" content=\"en_US\" \/>\n<meta property=\"og:type\" content=\"article\" \/>\n<meta property=\"og:title\" content=\"Sutherland Translate AI\u00ae\u00a0\" \/>\n<meta property=\"og:description\" content=\"Sutherland Translate AI\u00ae ist eine KI-gest\u00fctzte, automatisierte und hochgradig skalierbare \u00dcbersetzungsl\u00f6sung, mit der Ihre Mitarbeiter in der Lage sind, CX in Echtzeit in gleichbleibend hoher Qualit\u00e4t zu liefern.\" \/>\n<meta property=\"og:url\" content=\"https:\/\/www.sutherlandglobal.com\/de\/products-x-platforms\/sutherland-translate-ai\" \/>\n<meta property=\"og:site_name\" content=\"Sutherland - German (DE)\" \/>\n<meta property=\"article:publisher\" content=\"https:\/\/www.facebook.com\/Sutherland-Global-388462191504598\/\" \/>\n<meta property=\"article:modified_time\" content=\"2025-03-27T11:25:20+00:00\" \/>\n<meta property=\"og:image\" content=\"https:\/\/www.sutherlandglobal.com\/de\/wp-content\/uploads\/sites\/26\/Translate_hero_806x636.jpg\" \/>\n\t<meta property=\"og:image:width\" content=\"806\" \/>\n\t<meta property=\"og:image:height\" content=\"636\" \/>\n\t<meta property=\"og:image:type\" content=\"image\/jpeg\" \/>\n<meta name=\"twitter:card\" content=\"summary_large_image\" \/>\n<meta name=\"twitter:image\" content=\"https:\/\/www.sutherlandglobal.com\/wp-content\/uploads\/sites\/2\/2023\/09\/og-twitter.png\" \/>\n<meta name=\"twitter:site\" content=\"@SutherlandCorp\" \/>\n<script type=\"application\/ld+json\" class=\"yoast-schema-graph\">{\"@context\":\"https:\/\/schema.org\",\"@graph\":[{\"@type\":\"BreadcrumbList\",\"@id\":\"https:\/\/www.sutherlandglobal.com\/de\/products-x-platforms\/sutherland-translate-ai#breadcrumb\",\"itemListElement\":[{\"@type\":\"ListItem\",\"position\":1,\"name\":\"Home\",\"item\":\"https:\/\/www.sutherlandglobal.com\/de\/\"},{\"@type\":\"ListItem\",\"position\":2,\"name\":\"Produkte und Plattformen\u00a0\",\"item\":\"https:\/\/www.sutherlandglobal.com\/de\/products-x-platforms\"},{\"@type\":\"ListItem\",\"position\":3,\"name\":\"Sutherland Translate AI\u00ae\u00a0\"}]},{\"@type\":\"WebSite\",\"@id\":\"https:\/\/www.sutherlandglobal.com\/de\/#website\",\"url\":\"https:\/\/www.sutherlandglobal.com\/de\/\",\"name\":\"Sutherland\",\"description\":\"\",\"publisher\":{\"@id\":\"https:\/\/www.sutherlandglobal.com\/de\/#organization\"},\"alternateName\":\"Sutherland Global Services\",\"potentialAction\":[{\"@type\":\"SearchAction\",\"target\":{\"@type\":\"EntryPoint\",\"urlTemplate\":\"https:\/\/www.sutherlandglobal.com\/de\/search?query={search_term_string}\"},\"query-input\":{\"@type\":\"PropertyValueSpecification\",\"valueRequired\":true,\"valueName\":\"search_term_string\"}}],\"inLanguage\":\"en-US\"}]}<\/script>\n<!-- \/ Yoast SEO Premium plugin. -->","yoast_head_json":{"title":"KI-gest\u00fctzte Omnichannel- und Echtzeit\u00fcbersetzung - Sutherland","description":"Sutherland Translate AI\u00ae ist eine KI-gest\u00fctzte, automatisierte und hochgradig skalierbare \u00dcbersetzungsl\u00f6sung, mit der Ihre Mitarbeiter in der Lage sind, CX in Echtzeit in gleichbleibend hoher Qualit\u00e4t zu liefern.","robots":{"index":"index","follow":"follow","max-snippet":"max-snippet:-1","max-image-preview":"max-image-preview:large","max-video-preview":"max-video-preview:-1"},"canonical":"https:\/\/www.sutherlandglobal.com\/de\/products-x-platforms\/sutherland-translate-ai","og_locale":"en_US","og_type":"article","og_title":"Sutherland Translate AI\u00ae\u00a0","og_description":"Sutherland Translate AI\u00ae ist eine KI-gest\u00fctzte, automatisierte und hochgradig skalierbare \u00dcbersetzungsl\u00f6sung, mit der Ihre Mitarbeiter in der Lage sind, CX in Echtzeit in gleichbleibend hoher Qualit\u00e4t zu liefern.","og_url":"https:\/\/www.sutherlandglobal.com\/de\/products-x-platforms\/sutherland-translate-ai","og_site_name":"Sutherland - German (DE)","article_publisher":"https:\/\/www.facebook.com\/Sutherland-Global-388462191504598\/","article_modified_time":"2025-03-27T11:25:20+00:00","og_image":[{"width":806,"height":636,"url":"https:\/\/www.sutherlandglobal.com\/de\/wp-content\/uploads\/sites\/26\/Translate_hero_806x636.jpg","type":"image\/jpeg"}],"twitter_card":"summary_large_image","twitter_image":"https:\/\/www.sutherlandglobal.com\/wp-content\/uploads\/sites\/2\/2023\/09\/og-twitter.png","twitter_site":"@SutherlandCorp","schema":{"@context":"https:\/\/schema.org","@graph":[{"@type":"BreadcrumbList","@id":"https:\/\/www.sutherlandglobal.com\/de\/products-x-platforms\/sutherland-translate-ai#breadcrumb","itemListElement":[{"@type":"ListItem","position":1,"name":"Home","item":"https:\/\/www.sutherlandglobal.com\/de\/"},{"@type":"ListItem","position":2,"name":"Produkte und Plattformen\u00a0","item":"https:\/\/www.sutherlandglobal.com\/de\/products-x-platforms"},{"@type":"ListItem","position":3,"name":"Sutherland Translate AI\u00ae\u00a0"}]},{"@type":"WebSite","@id":"https:\/\/www.sutherlandglobal.com\/de\/#website","url":"https:\/\/www.sutherlandglobal.com\/de\/","name":"Sutherland","description":"","publisher":{"@id":"https:\/\/www.sutherlandglobal.com\/de\/#organization"},"alternateName":"Sutherland Global Services","potentialAction":[{"@type":"SearchAction","target":{"@type":"EntryPoint","urlTemplate":"https:\/\/www.sutherlandglobal.com\/de\/search?query={search_term_string}"},"query-input":{"@type":"PropertyValueSpecification","valueRequired":true,"valueName":"search_term_string"}}],"inLanguage":"en-US"}]}},"acf":[],"jetpack_sharing_enabled":true,"_links":{"self":[{"href":"https:\/\/www.sutherlandglobal.com\/de\/wp-json\/wp\/v2\/pages\/4616","targetHints":{"allow":["GET"]}}],"collection":[{"href":"https:\/\/www.sutherlandglobal.com\/de\/wp-json\/wp\/v2\/pages"}],"about":[{"href":"https:\/\/www.sutherlandglobal.com\/de\/wp-json\/wp\/v2\/types\/page"}],"author":[{"embeddable":true,"href":"https:\/\/www.sutherlandglobal.com\/de\/wp-json\/wp\/v2\/users\/21"}],"replies":[{"embeddable":true,"href":"https:\/\/www.sutherlandglobal.com\/de\/wp-json\/wp\/v2\/comments?post=4616"}],"version-history":[{"count":100,"href":"https:\/\/www.sutherlandglobal.com\/de\/wp-json\/wp\/v2\/pages\/4616\/revisions"}],"predecessor-version":[{"id":58685,"href":"https:\/\/www.sutherlandglobal.com\/de\/wp-json\/wp\/v2\/pages\/4616\/revisions\/58685"}],"up":[{"embeddable":true,"href":"https:\/\/www.sutherlandglobal.com\/de\/wp-json\/wp\/v2\/pages\/2621"}],"wp:attachment":[{"href":"https:\/\/www.sutherlandglobal.com\/de\/wp-json\/wp\/v2\/media?parent=4616"}],"curies":[{"name":"wp","href":"https:\/\/api.w.org\/{rel}","templated":true}]}}