{"id":5873,"date":"2023-09-12T11:54:31","date_gmt":"2023-09-12T11:54:31","guid":{"rendered":"https:\/\/www.sutherlandglobal.com\/about-us\/remote-engagement-for-clients-2"},"modified":"2025-03-27T03:25:50","modified_gmt":"2025-03-27T11:25:50","slug":"corporate-citizens","status":"publish","type":"page","link":"https:\/\/www.sutherlandglobal.com\/de\/about-us\/corporate-citizens","title":{"rendered":"Corporate Citizens"},"content":{"rendered":"\n<div class=\"wp-block-sutherland-home-media-banner home-media-banner  home-media-banner-animation textAlign-left\"><style type=\"text\/css\">@media only screen and (min-width: 1140px) {header.sutherland-header .sutherland-menu ul.menu>li>a{color: #fff;};}}<\/style><div class=\"home-media-banner__background-image\" style=\"background-image:url(https:\/\/www.sutherlandglobal.com\/wp-content\/uploads\/sites\/2\/chemistry-background01.jpg);background-color:#26235D\"><div class=\"home-media-banner__overlay\" style=\"background-color:#000;opacity:0.2\"><\/div><\/div><div class=\"home-media-banner__content-section\" style=\"text-align:left\"><button id=\"playButton\">Play Video<\/button><div class=\"home-media-banner__content-inner\"><p style=\"color:#FFFFFF\" class=\"subtitle\">CORPORATE CITIZENS<\/p><h1 style=\"color:#FFF\"><span class=\"title-text second\"><strong>Bef\u00e4higung von Menschen und Umweltschutz<\/strong> <\/span><\/h1><div class=\"banner-subtext\"><p style=\"color:#FFF\">Als Corporate Citizens ist es unser Ziel, unsere Gemeinschaften durch einen fokussierten Beitrag zu \u00f6kologischen, wirtschaftlichen und sozialen Initiativen zu bereichern. <\/p><\/div><\/div><\/div><div class=\"hero-donw-arrow\"><img loading=\"lazy\" decoding=\"async\" src=\"\/wp-content\/themes\/sutherland\/assets\/src\/images\/hero-down-arrow.svg\" width=\"31\" height=\"19\" role=\"button\" alt=\"Down Scroll\" title=\"Down Scroll\"\/><\/div><\/div>\n\n\n\n<div class=\"wp-block-sutherland-intro sutherland-intro-block intro-layout-2\" style=\"background-color:#00000000\"><div class=\"intro-row\"><div class=\"left-section\"><h2 style=\"color:#2C3546;text-align:left\">Wir sind Corporate Citizens<\/h2><\/div><div class=\"right-section\"><p style=\"text-align:left;color:#2C3546\">Als Corporate Citizens bleiben wir unserem Engagement f\u00fcr die Entwicklung messbarer Programme und sinnvoller Strategien treu.. Wir haben das Ziel, das Leben der Menschen und die Umwelt positiv mit Partnerschaften, Spenden, Freiwillig und Entwicklungsprogrammen im Einklang mit der <a href=\"https:\/\/sdgs.un.org\/2030agenda\" target=\"_blank\" rel=\"noreferrer noopener\">Agenda 2030 der Vereinten Nationen f\u00fcr nachhaltige Entwicklung zu beeinflussen.<\/a><\/p><\/div><\/div><\/div>\n\n\n\n<div class=\"wp-block-sutherland-image-textcard-bullets\"><div class=\"sutherland-image-textcard-bullets layout1\"><div class=\"image-card\"><img loading=\"lazy\" decoding=\"async\" src=\"https:\/\/www.sutherlandglobal.com\/wp-content\/uploads\/sites\/2\/CC_hero_991x676.jpg\" height=\"676\" width=\"991\" alt=\"Corporate Citizens hero\"\/><\/div><div class=\"text-card\" style=\"text-align:left\"><h2>Wir st\u00e4rken benachteiligteBev\u00f6lkerungsgruppen<\/h2><p><\/p><p>Wir wollen mit Partnerschaften, Spenden und Investitionen Entwicklungs- und Schulungsprogramme f\u00f6rdern, die dazu beitragen, systembedingte Hindernisse f\u00fcr eine nachhaltige Besch\u00e4ftigung zu beseitigen. Als Unternehmen konzentrieren wir uns darauf, Menschen zu bef\u00e4higen und die Lebensqualit\u00e4t zu verbessern, indem wir nachhaltige Arbeitspl\u00e4tze f\u00fcr benachteiligte Bev\u00f6lkerungsgruppen schaffen.<\/p><p>Sutherland steht ein f\u00fcr:<\/p><div class=\"bullets-section\"><ul class=\"bullet-lists\"><li>Die Bef\u00e4higung ausgegrenzter oder vertriebenerBev\u00f6lkerungsgruppen<\/li><li>Die Beseitigung von Hindernissen f\u00fcr eine nachhaltige Besch\u00e4ftigung<\/li><li>Die Er\u00f6ffnung von Wegen f\u00fcr eine lokale und gerechte Besch\u00e4ftigung<\/li><li>Wesentliche Beitr\u00e4ge zu gerechten sozio\u00f6konomischen Ergebnissen<\/li><\/ul><\/div><\/div><\/div><\/div>\n\n\n\n<div class=\"wp-block-sutherland-column-image-text\"><div class=\"our-differentiators-colums\"><div class=\"our-differentiators-colum left\" style=\"background:linear-gradient(121deg, rgba(224, 141, 57, 0.36) 0%, rgba(255, 255, 255, 0.36) 31%, rgba(255, 255, 255, 0.36) 64%, rgba(224, 141, 57, 0.36) 100%)\"><h2 style=\"color:#2C3546;text-align:left\">Verbesserung von Chancen mit Impact Hiring<\/h2><div class=\"our-differentiators-content\" style=\"color:#2C3546;text-align:left\">\n<p>Wir f\u00f6rdern und besch\u00e4ftigen Talente unter den Mitgliedern der Gemeinschaft, die systematisch von Arbeitgebern und Ressourcen abgeschnitten sind, die ihnen bei der Bew\u00e4ltigung beruflicher Herausforderungen helfen k\u00f6nnen. Unsere Weiterbildung und unsere auftragsorientierte Einstellungspolitik richten sich an 6 Kernzielgruppen.<\/p>\n<\/div><\/div><div class=\"our-differentiators-colum right\" style=\"text-align:left\"><div class=\"inner-mid-col-text-section\"><div class=\"accordian-text-section\"><div class=\"accordian-text-title\"><p class=\"title\" style=\"color:#2C3546\">Alleinerziehende<\/p><\/div><div class=\"accordian-text-descriptions\"><p class=\"description\" style=\"color:#2C3546\">Alleinerziehende mit mindestens einem Kind unter 17 Jahren, das zu Hause lebt.<\/p><\/div><\/div><div class=\"accordian-text-section\"><div class=\"accordian-text-title\"><p class=\"title\" style=\"color:#2C3546\">Personen mit Behinderungen<\/p><\/div><div class=\"accordian-text-descriptions\"><p class=\"description\" style=\"color:#2C3546\">Personen mit k\u00f6rperlichen oder Entwicklungs\u00acst\u00f6rungen.<\/p><\/div><\/div><div class=\"accordian-text-section\"><div class=\"accordian-text-title\"><p class=\"title\" style=\"color:#2C3546\">Vertriebene<\/p><\/div><div class=\"accordian-text-descriptions\"><p class=\"description\" style=\"color:#2C3546\">Fl\u00fcchtlinge, deportierte Menschen oder Binnenvertriebene.<\/p><\/div><\/div><div class=\"accordian-text-section\"><div class=\"accordian-text-title\"><p class=\"title\" style=\"color:#2C3546\">Milit\u00e4rveteranen<\/p><\/div><div class=\"accordian-text-descriptions\"><p class=\"description\" style=\"color:#2C3546\">Diejenigen, die seit dem Milit\u00e4rdienst Schwierigkeiten haben, eine dauerhafte Besch\u00e4ftigung zu finden.<\/p><\/div><\/div><div class=\"accordian-text-section\"><div class=\"accordian-text-title\"><p class=\"title\" style=\"color:#2C3546\">Unterprivilegierte Jugendliche<\/p><\/div><div class=\"accordian-text-descriptions\"><p class=\"description\" style=\"color:#2C3546\">Sch\u00fcler und Studenten im Alter von 17 bis 25 Jahren, die sich auf den Einstieg ins Berufsleben vorbereiten.<\/p><\/div><\/div><div class=\"accordian-text-section\"><div class=\"accordian-text-title\"><p class=\"title\" style=\"color:#2C3546\">\u00c4ltere Menschen<\/p><\/div><div class=\"accordian-text-descriptions\"><p class=\"description\" style=\"color:#2C3546\">Personen ab 55 Jahren, die wieder ins Arbeitsleben eintreten<\/p><\/div><\/div><\/div><\/div><\/div><\/div>\n\n\n\t\t\t<div class=\"wp-block-sutherland-testimonial-block wp-block-sutherland-testimonials-block testimonials-block testimonials-layout3\" id=\"testimonial_block-fa28e3a1-52a1-4b3c-bd1d-c6d8660679ab\" style=\"background-color :#fff;background-image :linear-gradient(127deg, #1D1D47 0%, #212152 44%, #AC154C 100%)\">\n\t\t\t\t<style>\n\t\t\t\t\t#testimonial_block-fa28e3a1-52a1-4b3c-bd1d-c6d8660679ab.testimonials-block .testimonials-block__inner .testimonials-block__title-section button.slick-arrow{border-color:#26235d !important;background-color:rgba(228, 227, 245, 0.2) !important;}#testimonial_block-fa28e3a1-52a1-4b3c-bd1d-c6d8660679ab.testimonials-block .testimonials-block__inner .testimonials-block__title-section .slick-arrow svg path{fill:#26235d !important;stroke:#26235d !important;}\t\t\t\t<\/style>\n\t\t\t\t<div class=\"testimonials-block__inner\">\n\t\t\t\t\t\t\t\t\t\t\t<div class=\"testimonials-block__title-section\" style=\"text-align: left\">\n\t\t\t\t\t\t<h2 style=\"color: #FFFFFF\">Erfahrungen unserer Kunden<\/h2>\n\t\t\t\t\t\t\t\t\t\t\t\t\t\t\t\t\t\t\t\t\n\t\t\t\t\t\t<\/div>\n\t\t\t\t\t\t\t\t\t\t<div class=\"testimonials-block__slide-main slick-init-loader\" \n\t\t\t\t\t\tdata-slide-autoplay=\"true\"\n\t\t\t\t\t\tdata-slide-arrows=\"false\"\n\t\t\t\t\t\tdata-slide-dots=\"true\"\n\t\t\t\t\t\tdata-slide-desktop=\"1\"\n\t\t\t\t\t\tdata-slide-tablet=\"1\"\n\t\t\t\t\t\tdata-slide-mobile=\"1\"\n\t\t\t\t\t>\n\t\t\t\t\t\t\t\t\t\t\t<div class=\"testimonials-block__slide\" data-align=\"left\" style=\"background-color:#fff;background-image:linear-gradient(0deg, #FFFFFF 0%, #FFFFFF 100%);color:#272F3D;text-align:left;\">\n\t\t\t\t\t\t\t<div class=\"testimonials-block__content\">\n\t\t\t\t\t\t\t\t<div class=\"testimonials-block__content-inner\" style=\"justify-content:flex-start;\">\n\t\t\t\t\t\t\t\t\t\t\t\t\t\t\t\t\t\t<div class=\"testimonials-block__details\">\n\t\t\t\t\t\t\t\t\t\t\n<p>Sutherland sorgt daf\u00fcr, dass niemand zur\u00fcckgelassen wird. Andere haben erkannt, dass es nicht ausreicht, Geld zu verdienen, und tun dies jetzt auch.<\/p>\n\t\t\t\t\t\t\t\t\t<\/div>\n\t\t\t\t\t\t\t\t\t\t\t\t\t\t\t\t\t\t\t\t\t\t\t\t\t\t\t\t\t\t<div class=\"testimonials-block__person-info\">\n\t\t\t\t\t\t\t\t\t\t\t\t\t\t\t\t\t\t\t\t\t\t\t\t\t<span class=\"name\"> Tim Hopper <\/span>\n\t\t\t\t\t\t\t\t\t\t\t\t\t\t\t\t\t\t\t\t\t\t\t\t\t\t\t\t\t\t\t\t\t\t\t\t\t<span class=\"designation\"> Microsoft and GISC, Gr\u00fcndungsmitglied <\/span>\n\t\t\t\t\t\t\t\t\t\t\t\t\t\t\t\t\t\t\t\t\t\t\t<\/div>\n\t\t\t\t\t\t\t\t\t\t\t\t\t\t\t\t\t\t\t\t\t\t\t\t\t\t\t\t\t\t\t\t\t\t\t\t\t<\/div> \n\t\t\t\t\t\t\t<\/div>\n\t\t\t\t\t\t<\/div>\n\t\t\t\t\t\t\t\t\t\t\t<\/div>\n\t\t\t\t<\/div>\n\t\t\t<\/div>\n\t\t\t\n\n\n<div class=\"wp-block-sutherland-about-esg sutherland-aboutpage-esg-block\" style=\"background-color:#00000000\"><div class=\"heading-section\" style=\"text-align:left\"><\/div><div class=\"esg-block-colums\"><div class=\"esg-block-colum left\"><div class=\"paragraph-section\" style=\"text-align:left\"><div class=\"esg-block-content\">\n<h2 class=\"wp-block-heading\" id=\"h-freiwilligenarbeit-der-mitarbeiter\">Freiwilligenarbeit der Mitarbeiter<\/h2>\n\n\n\n<p><strong>Gemeinsam k\u00f6nnen wir etwas bewirken.<\/strong><\/p>\n\n\n\n<p>Das Handeln unserer Mitarbeiter wirkt sich positiv auf das Wohlergehen unserer Standortgemeinden aus.<\/p>\n\n\n\n<p>Wir konzentrieren uns darauf, unsere Mitarbeiter zu mobilisieren, damit sie sich an unserer Mission beteiligen. Wir ermutigen einzelne Personen und Teams, sich aktiv an den durch das Corporate-Citizens-Programm und Partnerorganisationen geschaffenen Freiwilligenangeboten zu beteiligen.<\/p>\n\n\n\n<p>Sutherland steht ein f\u00fcr:<\/p>\n\n\n\n<ul class=\"wp-block-list\">\n<li>Motivationunserer Mitarbeiter, um eine st\u00e4rkere Belegschaft zu bef\u00e4higen<\/li>\n\n\n\n<li>Bewusste und nachhaltige Erf\u00fcllung lokaler Besch\u00e4ftigungsbed\u00fcrfnisse<\/li>\n\n\n\n<li>Sich Herausforderungen stellen und zu positiven Ver\u00e4nderungen vor Ort beitragen<\/li>\n<\/ul>\n<\/div><\/div><div class=\"paragraph-section\" style=\"text-align:left\"><div class=\"paragraph-inner-section\"><p class=\"why-sutherland repeater-paragraphs\" style=\"color:#2C3546\"><\/p><\/div><\/div><\/div><div class=\"esg-block-colum right\"><div class=\"image-preview-box\"><img decoding=\"async\" src=\"https:\/\/www.sutherlandglobal.com\/wp-content\/uploads\/sites\/2\/CC_inline01_856x602.jpg\" alt=\"Corporate Citizens\" height=\"602\" width=\"856\" loading=\"lazy\"\/><\/div><\/div><\/div><\/div>\n\n\n\n<section class=\"wp-block-sutherland-product-capabilities product-capabilities\" style=\"background-image:linear-gradient(140deg,rgb(38,35,93) 0%,rgb(38,35,93) 57%,rgb(184,38,89) 100%);background-color:#fff\"><div class=\"top-header\" style=\"text-align:left\"><h2 style=\"color:#ffffff\">Auswirkungen auf lokale Gemeinschaften<\/h2><p style=\"color:#ffffff\">Durch die Zusammenarbeit mit etablierten Organisationen entwickelt Sutherland innovative und engagierte M\u00f6glichkeiten f\u00fcr unsere Mitarbeiter, ehrenamtlich t\u00e4tig zu werden. Und damit zu einer nachhaltigen Besch\u00e4ftigung unterprivilegierter oder marginalisierter Bev\u00f6lkerungsgruppen beizutragen.<\/p><\/div><div class=\"capabilities\"><div class=\"product-capabilities-main\" data-autoplay=\"false\"><div class=\"product-capabilities-item\"><div class=\"product-capabilities-content\" style=\"text-align:left\"><h4 class=\"product-capabilities-title\">Interventionen in der Schule<\/h4><p class=\"product-capabilities-desc\" style=\"color:\">Wir bieten Jugendlichen Bildung, Technologie und Berufsberatung durch Motivations- und Empowerment-Sitzungen, die zwischen Abiturienten und Mitarbeitern von Sutherland organisiert werden.<\/p><\/div><\/div><div class=\"product-capabilities-item\"><div class=\"product-capabilities-content\" style=\"text-align:left\"><h4 class=\"product-capabilities-title\">Digitales Mentoring<\/h4><p class=\"product-capabilities-desc\" style=\"color:\">Unsere Mitarbeiter engagieren sich als Mentoren f\u00fcr digitale Technologien in Einzelgespr\u00e4chen mit Menschen aus unseren verschiedenen Zielgruppen. Ziel ist es, gemeinsam Soft Skills f\u00fcr virtuelle oder pers\u00f6nliche Vorstellungsgespr\u00e4che zu erlernen und zu \u00fcben, um die Arbeitsvermittlung und die \u00dcbernahme von Besch\u00e4ftigungsverh\u00e4ltnissen zu unterst\u00fctzen.<\/p><\/div><\/div><div class=\"product-capabilities-item\"><div class=\"product-capabilities-content\" style=\"text-align:left\"><h4 class=\"product-capabilities-title\">Kulturelle Sensibilisierung<\/h4><p class=\"product-capabilities-desc\" style=\"color:\">Gemeinsam entwickelte Programme bieten unseren Mitarbeitern innovative M\u00f6glichkeiten, mit benachteiligten Gemeinschaften in Kontakt zu treten. Das geschieht mit dem Ziel, kulturelle Sensibilit\u00e4t, Verst\u00e4ndnis und Empathie f\u00fcr gef\u00e4hrdete Bev\u00f6lkerungsgruppen in der Belegschaft zu lernen, zu lehren, zu teilen und zu f\u00f6rdern.<\/p><\/div><\/div><\/div><div class=\"product-capabilities-dots\"><\/div><\/div><\/section>\n","protected":false},"excerpt":{"rendered":"<p>As Corporate Citizens, our purpose is to positively impact lives in the communities where we operate through environmental, economic, and social policies and actions.<\/p>\n","protected":false},"author":21,"featured_media":0,"parent":286,"menu_order":0,"comment_status":"closed","ping_status":"closed","template":"","meta":{"_acf_changed":false,"om_disable_all_campaigns":false,"_trash_the_other_posts":false,"editor_notices":[],"footnotes":""},"class_list":["post-5873","page","type-page","status-publish"],"yoast_head":"<!-- This site is optimized with the Yoast SEO Premium plugin v25.6 (Yoast SEO v26.7) - https:\/\/yoast.com\/wordpress\/plugins\/seo\/ -->\n<title>Bef\u00e4higung von Menschen und Umweltschutz - Sutherland<\/title>\n<meta name=\"description\" content=\"Als Corporate Citizens ist es unser Ziel, unsere Gemeinschaften durch einen fokussierten Beitrag zu \u00f6kologischen, wirtschaftlichen und sozialen Initiativen zu bereichern.\" \/>\n<meta name=\"robots\" content=\"index, follow, max-snippet:-1, max-image-preview:large, max-video-preview:-1\" \/>\n<link rel=\"canonical\" href=\"https:\/\/www.sutherlandglobal.com\/de\/about-us\/corporate-citizens\" \/>\n<meta property=\"og:locale\" content=\"en_US\" \/>\n<meta property=\"og:type\" content=\"article\" \/>\n<meta property=\"og:title\" content=\"Corporate Citizens\" \/>\n<meta property=\"og:description\" content=\"Als Corporate Citizens ist es unser Ziel, unsere Gemeinschaften durch einen fokussierten Beitrag zu \u00f6kologischen, wirtschaftlichen und sozialen Initiativen zu bereichern.\" \/>\n<meta property=\"og:url\" content=\"https:\/\/www.sutherlandglobal.com\/de\/about-us\/corporate-citizens\" \/>\n<meta property=\"og:site_name\" content=\"Sutherland - German (DE)\" \/>\n<meta property=\"article:publisher\" content=\"https:\/\/www.facebook.com\/Sutherland-Global-388462191504598\/\" \/>\n<meta property=\"article:modified_time\" content=\"2025-03-27T11:25:50+00:00\" \/>\n<meta property=\"og:image\" content=\"https:\/\/www.sutherlandglobal.com\/wp-content\/uploads\/sites\/2\/CC_hero_991x676.jpg\" \/>\n<meta name=\"twitter:card\" content=\"summary_large_image\" \/>\n<meta name=\"twitter:site\" content=\"@SutherlandCorp\" \/>\n<script type=\"application\/ld+json\" class=\"yoast-schema-graph\">{\"@context\":\"https:\/\/schema.org\",\"@graph\":[{\"@type\":\"BreadcrumbList\",\"@id\":\"https:\/\/www.sutherlandglobal.com\/de\/about-us\/corporate-citizens#breadcrumb\",\"itemListElement\":[{\"@type\":\"ListItem\",\"position\":1,\"name\":\"Home\",\"item\":\"https:\/\/www.sutherlandglobal.com\/de\/\"},{\"@type\":\"ListItem\",\"position\":2,\"name\":\"\u00dcber uns\u00a0\",\"item\":\"https:\/\/www.sutherlandglobal.com\/de\/about-us\"},{\"@type\":\"ListItem\",\"position\":3,\"name\":\"Corporate Citizens\"}]},{\"@type\":\"WebSite\",\"@id\":\"https:\/\/www.sutherlandglobal.com\/de\/#website\",\"url\":\"https:\/\/www.sutherlandglobal.com\/de\/\",\"name\":\"Sutherland\",\"description\":\"\",\"publisher\":{\"@id\":\"https:\/\/www.sutherlandglobal.com\/de\/#organization\"},\"alternateName\":\"Sutherland Global Services\",\"potentialAction\":[{\"@type\":\"SearchAction\",\"target\":{\"@type\":\"EntryPoint\",\"urlTemplate\":\"https:\/\/www.sutherlandglobal.com\/de\/search?query={search_term_string}\"},\"query-input\":{\"@type\":\"PropertyValueSpecification\",\"valueRequired\":true,\"valueName\":\"search_term_string\"}}],\"inLanguage\":\"en-US\"}]}<\/script>\n<!-- \/ Yoast SEO Premium plugin. -->","yoast_head_json":{"title":"Bef\u00e4higung von Menschen und Umweltschutz - Sutherland","description":"Als Corporate Citizens ist es unser Ziel, unsere Gemeinschaften durch einen fokussierten Beitrag zu \u00f6kologischen, wirtschaftlichen und sozialen Initiativen zu bereichern.","robots":{"index":"index","follow":"follow","max-snippet":"max-snippet:-1","max-image-preview":"max-image-preview:large","max-video-preview":"max-video-preview:-1"},"canonical":"https:\/\/www.sutherlandglobal.com\/de\/about-us\/corporate-citizens","og_locale":"en_US","og_type":"article","og_title":"Corporate Citizens","og_description":"Als Corporate Citizens ist es unser Ziel, unsere Gemeinschaften durch einen fokussierten Beitrag zu \u00f6kologischen, wirtschaftlichen und sozialen Initiativen zu bereichern.","og_url":"https:\/\/www.sutherlandglobal.com\/de\/about-us\/corporate-citizens","og_site_name":"Sutherland - German (DE)","article_publisher":"https:\/\/www.facebook.com\/Sutherland-Global-388462191504598\/","article_modified_time":"2025-03-27T11:25:50+00:00","og_image":[{"url":"https:\/\/www.sutherlandglobal.com\/wp-content\/uploads\/sites\/2\/CC_hero_991x676.jpg","type":"","width":"","height":""}],"twitter_card":"summary_large_image","twitter_site":"@SutherlandCorp","schema":{"@context":"https:\/\/schema.org","@graph":[{"@type":"BreadcrumbList","@id":"https:\/\/www.sutherlandglobal.com\/de\/about-us\/corporate-citizens#breadcrumb","itemListElement":[{"@type":"ListItem","position":1,"name":"Home","item":"https:\/\/www.sutherlandglobal.com\/de\/"},{"@type":"ListItem","position":2,"name":"\u00dcber uns\u00a0","item":"https:\/\/www.sutherlandglobal.com\/de\/about-us"},{"@type":"ListItem","position":3,"name":"Corporate Citizens"}]},{"@type":"WebSite","@id":"https:\/\/www.sutherlandglobal.com\/de\/#website","url":"https:\/\/www.sutherlandglobal.com\/de\/","name":"Sutherland","description":"","publisher":{"@id":"https:\/\/www.sutherlandglobal.com\/de\/#organization"},"alternateName":"Sutherland Global Services","potentialAction":[{"@type":"SearchAction","target":{"@type":"EntryPoint","urlTemplate":"https:\/\/www.sutherlandglobal.com\/de\/search?query={search_term_string}"},"query-input":{"@type":"PropertyValueSpecification","valueRequired":true,"valueName":"search_term_string"}}],"inLanguage":"en-US"}]}},"acf":[],"jetpack_sharing_enabled":true,"_links":{"self":[{"href":"https:\/\/www.sutherlandglobal.com\/de\/wp-json\/wp\/v2\/pages\/5873","targetHints":{"allow":["GET"]}}],"collection":[{"href":"https:\/\/www.sutherlandglobal.com\/de\/wp-json\/wp\/v2\/pages"}],"about":[{"href":"https:\/\/www.sutherlandglobal.com\/de\/wp-json\/wp\/v2\/types\/page"}],"author":[{"embeddable":true,"href":"https:\/\/www.sutherlandglobal.com\/de\/wp-json\/wp\/v2\/users\/21"}],"replies":[{"embeddable":true,"href":"https:\/\/www.sutherlandglobal.com\/de\/wp-json\/wp\/v2\/comments?post=5873"}],"version-history":[{"count":90,"href":"https:\/\/www.sutherlandglobal.com\/de\/wp-json\/wp\/v2\/pages\/5873\/revisions"}],"predecessor-version":[{"id":58686,"href":"https:\/\/www.sutherlandglobal.com\/de\/wp-json\/wp\/v2\/pages\/5873\/revisions\/58686"}],"up":[{"embeddable":true,"href":"https:\/\/www.sutherlandglobal.com\/de\/wp-json\/wp\/v2\/pages\/286"}],"wp:attachment":[{"href":"https:\/\/www.sutherlandglobal.com\/de\/wp-json\/wp\/v2\/media?parent=5873"}],"curies":[{"name":"wp","href":"https:\/\/api.w.org\/{rel}","templated":true}]}}