{"id":5937,"date":"2023-09-12T13:03:09","date_gmt":"2023-09-12T13:03:09","guid":{"rendered":"https:\/\/www.sutherlandglobal.com\/?page_id=5937"},"modified":"2025-03-27T03:27:31","modified_gmt":"2025-03-27T11:27:31","slug":"europe","status":"publish","type":"page","link":"https:\/\/www.sutherlandglobal.com\/de\/locations\/europe","title":{"rendered":"Europa"},"content":{"rendered":"\n<div class=\"wp-block-sutherland-home-media-banner home-media-banner  home-media-banner-animation textAlign-left\"><style type=\"text\/css\">@media only screen and (min-width: 1140px) {header.sutherland-header .sutherland-menu ul.menu>li>a{color: #fff;};}}<\/style><div class=\"home-media-banner__background-image\" style=\"background-image:url(https:\/\/www.sutherlandglobal.com\/wp-content\/uploads\/sites\/2\/chemistry-background01.jpg);background-color:#26235D\"><div class=\"home-media-banner__overlay\" style=\"background-color:#000;opacity:0.2\"><\/div><\/div><div class=\"home-media-banner__content-section\" style=\"text-align:left\"><button id=\"playButton\">Play Video<\/button><div class=\"home-media-banner__content-inner\"><h1 style=\"color:#FFF\"><span class=\"title-text second\"><strong>Europa<\/strong><\/span><\/h1><\/div><\/div><div class=\"hero-donw-arrow\"><img loading=\"lazy\" decoding=\"async\" src=\"\/wp-content\/themes\/sutherland\/assets\/src\/images\/hero-down-arrow.svg\" width=\"31\" height=\"19\" role=\"button\" alt=\"Down Scroll\" title=\"Down Scroll\"\/><\/div><\/div>\n\n\n\n<div class=\"wp-block-sutherland-intro-block intro-block-sections\"><div class=\"intro-block-left\" style=\"background-image:linear-gradient(0deg, #EDEFEE 0%, #FFFFFF 100%)\"><h2 style=\"color:#2C3546\">Lokales Fachwissen f\u00fcr eine breite Palette vertikaler M\u00e4rkte<\/h2><\/div><div class=\"intro-block-right\">\n<p>Unsere europ\u00e4ischen Teams arbeiten branchen\u00fcbergreifend und haben durch die Entwicklung und Bereitstellung intelligenter Prozesse, die messbare Ergebnisse f\u00f6rdern, eine gro\u00dfe Menge an Erfahrung und Fachwissen gesammelt.&nbsp;<\/p>\n\n\n\n<p>Zu den Erfolgsgeschichten in dieser Region geh\u00f6ren die Schaffung magischer Momente f\u00fcr europ\u00e4ische Spotify-Benutzer, die Beseitigung von Kommunikationsbarrieren f\u00fcr Millionen von Webex-Benutzern durch Online-Zusammenarbeit und die Unterst\u00fctzung der Unternehmenskunden von Veritas bei der sicheren Speicherung und dem einfachen Zugriff auf Millionen von Terabytes an Informationen.&nbsp;<\/p>\n\n\n\n<div class=\"wp-block-sutherland-only-button sutherland-button\" id=\"button-2006d8e5-d120-4682-bcd5-092c5acfa269\" style=\"text-align:left\"><a href=\"\/de\/contact-us\" class=\"btn-main btn-secondary\" target=\"_self\" rel=\"noopener\">Kontakt<\/a><\/div>\n<\/div><\/div>\n\n\n\n<div class=\"wp-block-sutherland-about-esg sutherland-aboutpage-esg-block\" style=\"background-color:#00000000\"><div class=\"heading-section\" style=\"text-align:center\"><\/div><div class=\"esg-block-colums\"><div class=\"esg-block-colum left\"><div class=\"paragraph-section\" style=\"text-align:left\"><div class=\"esg-block-content\">\n<div style=\"height:20px\" aria-hidden=\"true\" class=\"wp-block-spacer\"><\/div>\n\n\n\n<p>Indem wir Spezialisten f\u00fcr Analytics, digitale Technologie, Automatisierung und Design Thinking zusammenbringen, stellen wir spezialisierte L\u00f6sungsteams f\u00fcr die Zusammenarbeit mit jedem Partner auf.&nbsp;<\/p>\n\n\n\n<ul class=\"wp-block-list\">\n<li>Digitale Transformationsstrategie\u202f&nbsp;<\/li>\n\n\n\n<li>Customer Experience Management\u202f&nbsp;<\/li>\n\n\n\n<li>Business Process Transformation&nbsp;<\/li>\n\n\n\n<li>Analytics&nbsp;<\/li>\n<\/ul>\n\n\n\n<p><\/p>\n<\/div><\/div><div class=\"paragraph-section\" style=\"text-align:left\"><div class=\"paragraph-inner-section\"><p class=\"why-sutherland repeater-paragraphs\" style=\"color:#2C3546\"><\/p><\/div><\/div><\/div><div class=\"esg-block-colum right\"><div class=\"image-preview-box\"><img decoding=\"async\" src=\"https:\/\/www.sutherlandglobal.com\/wp-content\/uploads\/sites\/2\/Europe-location.jpg\" alt=\"Europe\" height=\"600\" width=\"1000\" loading=\"lazy\"\/><\/div><\/div><\/div><\/div>\n\n\n<div class=\"wp-block-sutherland-speaker-block\" style=\"background-color:;\"><div class=\"speaker-block speaker-block-left layout-1\"><h4 class=\"speaker-block-head\" style=\"color:#2C3546;\">Wichtige Ansprechpartner<\/h4><div class=\"speaker-block-row\"><div class=\"speaker-block-wapper\" ><div class=\"speaker-block-details\"><div class=\"speaker-block-img\"><img decoding=\"async\" src=\"https:\/\/www.sutherlandglobal.com\/de\/wp-content\/uploads\/sites\/26\/Naveen-Photo.jpg\" loading=\"lazy\" width=\"166\" height=\"166\" alt=\"Naveen Mehta\" title=\"Naveen Mehta\" \/><\/div><div class=\"speaker-block-title\"><span class=\"speaker-title\" style=\"color:#2C3546;\">Naveen Mehta<\/span><div class=\"speaker-meta\"><span class=\"speaker-designation\" style=\"color:#2C3546;\">Managing Director, Europe and United Kingdom<\/span><span class=\"speaker-icon\"><a target=\"_blank\" rel=\"noopener\" href=\"https:\/\/www.linkedin.com\/in\/naveen01\/\" alt=\"Linkedin\"><img decoding=\"async\" src=\"\/wp-content\/themes\/sutherland\/assets\/src\/images\/linked-small.svg\"\/ alt=\"LinkedIn Icon\" title=\"LinkedIn Icon\"><\/a><\/span><\/div><\/div><\/div><\/div><script type=\"application\/ld+json\">{\"@context\":\"https:\/\/schema.org\",\"@type\":\"Person\",\"name\":\"Naveen Mehta\",\"jobTitle\":\"Managing Director, Europe and United Kingdom\",\"description\":\"\",\"image\":\"https:\/\/www.sutherlandglobal.com\/de\/wp-content\/uploads\/sites\/26\/Naveen-Photo.jpg\"}<\/script><div class=\"speaker-block-wapper\" ><div class=\"speaker-block-details\"><div class=\"speaker-block-img\"><img decoding=\"async\" src=\"https:\/\/www.sutherlandglobal.com\/de\/wp-content\/uploads\/sites\/26\/Thomas-Gegner.webp\" loading=\"lazy\" width=\"166\" height=\"166\" alt=\"Thomas Gegner\" title=\"Thomas Gegner\" \/><\/div><div class=\"speaker-block-title\"><span class=\"speaker-title\" style=\"color:#2C3546;\">Thomas Gegner<\/span><div class=\"speaker-meta\"><span class=\"speaker-designation\" style=\"color:#2C3546;\">AVP, Europe Sales<\/span><\/div><\/div><\/div><\/div><script type=\"application\/ld+json\">{\"@context\":\"https:\/\/schema.org\",\"@type\":\"Person\",\"name\":\"Thomas Gegner\",\"jobTitle\":\"AVP, Europe Sales\",\"description\":\"\",\"image\":\"https:\/\/www.sutherlandglobal.com\/de\/wp-content\/uploads\/sites\/26\/Thomas-Gegner.webp\"}<\/script><\/div><\/div><\/div>","protected":false},"excerpt":{"rendered":"<p>We have operations located across Europe providing a diverse range of services to a broad range of customers.<\/p>\n","protected":false},"author":21,"featured_media":0,"parent":5926,"menu_order":0,"comment_status":"closed","ping_status":"closed","template":"","meta":{"_acf_changed":false,"om_disable_all_campaigns":false,"_trash_the_other_posts":false,"editor_notices":[],"footnotes":""},"class_list":["post-5937","page","type-page","status-publish"],"yoast_head":"<!-- This site is optimized with the Yoast SEO Premium plugin v25.6 (Yoast SEO v26.7) - https:\/\/yoast.com\/wordpress\/plugins\/seo\/ -->\n<title>Europa - Sutherland<\/title>\n<meta name=\"description\" content=\"Unsere europ\u00e4ischen Teams arbeiten branchen\u00fcbergreifend und haben durch die Entwicklung und Bereitstellung intelligenter Prozesse, die messbare Ergebnisse f\u00f6rdern, eine gro\u00dfe Menge an Erfahrung und Fachwissen gesammelt.\" \/>\n<meta name=\"robots\" content=\"index, follow, max-snippet:-1, max-image-preview:large, max-video-preview:-1\" \/>\n<link rel=\"canonical\" href=\"https:\/\/www.sutherlandglobal.com\/de\/locations\/europe\" \/>\n<meta property=\"og:locale\" content=\"en_US\" \/>\n<meta property=\"og:type\" content=\"article\" \/>\n<meta property=\"og:title\" content=\"Europa\" \/>\n<meta property=\"og:description\" content=\"Unsere europ\u00e4ischen Teams arbeiten branchen\u00fcbergreifend und haben durch die Entwicklung und Bereitstellung intelligenter Prozesse, die messbare Ergebnisse f\u00f6rdern, eine gro\u00dfe Menge an Erfahrung und Fachwissen gesammelt.\" \/>\n<meta property=\"og:url\" content=\"https:\/\/www.sutherlandglobal.com\/de\/locations\/europe\" \/>\n<meta property=\"og:site_name\" content=\"Sutherland - German (DE)\" \/>\n<meta property=\"article:publisher\" content=\"https:\/\/www.facebook.com\/Sutherland-Global-388462191504598\/\" \/>\n<meta property=\"article:modified_time\" content=\"2025-03-27T11:27:31+00:00\" \/>\n<meta property=\"og:image\" content=\"https:\/\/www.sutherlandglobal.com\/wp-content\/uploads\/sites\/2\/Europe-location.jpg\" \/>\n<meta name=\"twitter:card\" content=\"summary_large_image\" \/>\n<meta name=\"twitter:site\" content=\"@SutherlandCorp\" \/>\n<script type=\"application\/ld+json\" class=\"yoast-schema-graph\">{\"@context\":\"https:\/\/schema.org\",\"@graph\":[{\"@type\":\"BreadcrumbList\",\"@id\":\"https:\/\/www.sutherlandglobal.com\/de\/locations\/europe#breadcrumb\",\"itemListElement\":[{\"@type\":\"ListItem\",\"position\":1,\"name\":\"Home\",\"item\":\"https:\/\/www.sutherlandglobal.com\/de\/\"},{\"@type\":\"ListItem\",\"position\":2,\"name\":\"Globale Standorte von Sutherland\",\"item\":\"https:\/\/www.sutherlandglobal.com\/de\/locations\"},{\"@type\":\"ListItem\",\"position\":3,\"name\":\"Europa\"}]},{\"@type\":\"WebSite\",\"@id\":\"https:\/\/www.sutherlandglobal.com\/de\/#website\",\"url\":\"https:\/\/www.sutherlandglobal.com\/de\/\",\"name\":\"Sutherland\",\"description\":\"\",\"publisher\":{\"@id\":\"https:\/\/www.sutherlandglobal.com\/de\/#organization\"},\"alternateName\":\"Sutherland Global Services\",\"potentialAction\":[{\"@type\":\"SearchAction\",\"target\":{\"@type\":\"EntryPoint\",\"urlTemplate\":\"https:\/\/www.sutherlandglobal.com\/de\/search?query={search_term_string}\"},\"query-input\":{\"@type\":\"PropertyValueSpecification\",\"valueRequired\":true,\"valueName\":\"search_term_string\"}}],\"inLanguage\":\"en-US\"}]}<\/script>\n<!-- \/ Yoast SEO Premium plugin. -->","yoast_head_json":{"title":"Europa - Sutherland","description":"Unsere europ\u00e4ischen Teams arbeiten branchen\u00fcbergreifend und haben durch die Entwicklung und Bereitstellung intelligenter Prozesse, die messbare Ergebnisse f\u00f6rdern, eine gro\u00dfe Menge an Erfahrung und Fachwissen gesammelt.","robots":{"index":"index","follow":"follow","max-snippet":"max-snippet:-1","max-image-preview":"max-image-preview:large","max-video-preview":"max-video-preview:-1"},"canonical":"https:\/\/www.sutherlandglobal.com\/de\/locations\/europe","og_locale":"en_US","og_type":"article","og_title":"Europa","og_description":"Unsere europ\u00e4ischen Teams arbeiten branchen\u00fcbergreifend und haben durch die Entwicklung und Bereitstellung intelligenter Prozesse, die messbare Ergebnisse f\u00f6rdern, eine gro\u00dfe Menge an Erfahrung und Fachwissen gesammelt.","og_url":"https:\/\/www.sutherlandglobal.com\/de\/locations\/europe","og_site_name":"Sutherland - German (DE)","article_publisher":"https:\/\/www.facebook.com\/Sutherland-Global-388462191504598\/","article_modified_time":"2025-03-27T11:27:31+00:00","og_image":[{"url":"https:\/\/www.sutherlandglobal.com\/wp-content\/uploads\/sites\/2\/Europe-location.jpg","type":"","width":"","height":""}],"twitter_card":"summary_large_image","twitter_site":"@SutherlandCorp","schema":{"@context":"https:\/\/schema.org","@graph":[{"@type":"BreadcrumbList","@id":"https:\/\/www.sutherlandglobal.com\/de\/locations\/europe#breadcrumb","itemListElement":[{"@type":"ListItem","position":1,"name":"Home","item":"https:\/\/www.sutherlandglobal.com\/de\/"},{"@type":"ListItem","position":2,"name":"Globale Standorte von Sutherland","item":"https:\/\/www.sutherlandglobal.com\/de\/locations"},{"@type":"ListItem","position":3,"name":"Europa"}]},{"@type":"WebSite","@id":"https:\/\/www.sutherlandglobal.com\/de\/#website","url":"https:\/\/www.sutherlandglobal.com\/de\/","name":"Sutherland","description":"","publisher":{"@id":"https:\/\/www.sutherlandglobal.com\/de\/#organization"},"alternateName":"Sutherland Global Services","potentialAction":[{"@type":"SearchAction","target":{"@type":"EntryPoint","urlTemplate":"https:\/\/www.sutherlandglobal.com\/de\/search?query={search_term_string}"},"query-input":{"@type":"PropertyValueSpecification","valueRequired":true,"valueName":"search_term_string"}}],"inLanguage":"en-US"}]}},"acf":[],"jetpack_sharing_enabled":true,"_links":{"self":[{"href":"https:\/\/www.sutherlandglobal.com\/de\/wp-json\/wp\/v2\/pages\/5937","targetHints":{"allow":["GET"]}}],"collection":[{"href":"https:\/\/www.sutherlandglobal.com\/de\/wp-json\/wp\/v2\/pages"}],"about":[{"href":"https:\/\/www.sutherlandglobal.com\/de\/wp-json\/wp\/v2\/types\/page"}],"author":[{"embeddable":true,"href":"https:\/\/www.sutherlandglobal.com\/de\/wp-json\/wp\/v2\/users\/21"}],"replies":[{"embeddable":true,"href":"https:\/\/www.sutherlandglobal.com\/de\/wp-json\/wp\/v2\/comments?post=5937"}],"version-history":[{"count":34,"href":"https:\/\/www.sutherlandglobal.com\/de\/wp-json\/wp\/v2\/pages\/5937\/revisions"}],"predecessor-version":[{"id":58689,"href":"https:\/\/www.sutherlandglobal.com\/de\/wp-json\/wp\/v2\/pages\/5937\/revisions\/58689"}],"up":[{"embeddable":true,"href":"https:\/\/www.sutherlandglobal.com\/de\/wp-json\/wp\/v2\/pages\/5926"}],"wp:attachment":[{"href":"https:\/\/www.sutherlandglobal.com\/de\/wp-json\/wp\/v2\/media?parent=5937"}],"curies":[{"name":"wp","href":"https:\/\/api.w.org\/{rel}","templated":true}]}}