{"id":7370,"date":"2023-09-19T04:50:55","date_gmt":"2023-09-19T04:50:55","guid":{"rendered":"https:\/\/www.sutherlandglobal.com\/?page_id=7370"},"modified":"2025-07-18T05:32:50","modified_gmt":"2025-07-18T13:32:50","slug":"sustainability","status":"publish","type":"page","link":"https:\/\/www.sutherlandglobal.com\/de\/about-us\/sustainability","title":{"rendered":"Nachhaltigkeit"},"content":{"rendered":"\n<div class=\"wp-block-sutherland-home-media-banner home-media-banner  home-media-banner-animation textAlign-left\"><style>@media only screen and (min-width: 1140px) {header.sutherland-header .sutherland-menu ul.menu>li>a{color: #fff;};}}<\/style><div class=\"home-media-banner__background-image\" style=\"background-image:url(https:\/\/www.sutherlandglobal.com\/de\/wp-content\/uploads\/sites\/26\/ESG-1920x550-2.jpg);background-color:#26235D\"><div class=\"home-media-banner__overlay\" style=\"background-color:#000;opacity:0.2\"><\/div><\/div><div class=\"home-media-banner__content-section\" style=\"text-align:left\"><button id=\"playButton\">Play Video<\/button><div class=\"home-media-banner__content-inner\"><p style=\"color:#FFFFFF\" class=\"subtitle\">Nachhaltigkeit<\/p><h1 style=\"color:#FFF\"><span class=\"title-text second\"><strong>Zielgerichtete Transformation<\/strong><\/span><\/h1><div class=\"banner-subtext\"><p style=\"color:#FFF\">Nachhaltigkeit bedeutet, heute so zu wirtschaften, dass k\u00fcnftige Generationen Zugang zu den nat\u00fcrlichen Ressourcen, einen gerechten Lebensunterhalt und einen angemessenen Lebensstandard haben.\u00a0<\/p><\/div><\/div><\/div><div class=\"hero-donw-arrow\"><img loading=\"lazy\" decoding=\"async\" src=\"\/wp-content\/themes\/sutherland\/assets\/src\/images\/hero-down-arrow.svg\" width=\"31\" height=\"19\" role=\"button\" alt=\"Down Scroll\" title=\"Down Scroll\"\/><\/div><\/div>\n\n\n\n<div class=\"wp-block-sutherland-intro-block intro-block-sections\"><div class=\"intro-block-left\" style=\"background-image:linear-gradient(0deg, #EDEFEE 0%, #FFFFFF 100%)\"><h2 style=\"color:#2C3546\">Der heutige Markt durchl\u00e4uft eine Disruption durch den sich beschleunigenden Klimawandel, wachsende Ungleichheit, geopolitische Spannungen und technologische Fortschritte.<\/h2><\/div><div class=\"intro-block-right\">\n<p>Sutherland basiert auf dem gemeinsamen Verst\u00e4ndnis f\u00fcr die Bedeutung des Planeten, der Menschen und des Wohlstands. Aus diesem Grund ermutigen wir unsere Kunden, Mitarbeiter, Investoren und Aufsichtsbeh\u00f6rden, die Ziele zur Reduzierung der CO<sub>2<\/sub>-Emissionen einzuhalten, f\u00fcr Gleichstellung am Arbeitsplatz zu sorgen und das Versprechen einer ethischen Corporate Governance zu erf\u00fcllen.&nbsp;<\/p>\n\n\n\n<p>Corporate Citizenship f\u00e4ngt beim Wertesystem unseres Unternehmens und einem prinzipienbasierten Gesch\u00e4ftsansatz an. Das bedeutet, dass wir unserer grundlegenden Verantwortung in den Bereichen Menschenrechte, Arbeit, Umwelt und Korruptionsbek\u00e4mpfung gerecht werden m\u00fcssen.&nbsp;<\/p>\n\n\n\n<p>Sutherland hat am 30.\u202fApril 2015 <a href=\"https:\/\/unglobalcompact.org\/what-is-gc\/participants\/56991\" target=\"_blank\" rel=\"noreferrer noopener\">UN Global Compact<\/a> unterzeichnet und dessen zehn Prinzipien in Strategien, Richtlinien und Verfahren integriert. Das Unternehmen hat eine Kultur der Integrit\u00e4t etabliert, die nicht nur unsere grundlegende Verantwortung gegen\u00fcber den Menschen und dem Planeten wahrt, sondern auch die Voraussetzungen f\u00fcr langfristigen Erfolg schafft.&nbsp;<\/p>\n<\/div><\/div>\n\n\n\n<div class=\"wp-block-sutherland-accordion accordion-sections accordion-layout-1\"><div class=\"accordion-head-sections\" style=\"background-image:linear-gradient(140deg, rgb(29, 29, 71) 0%, rgb(33, 33, 82) 63%, rgb(172, 21, 76) 100%)\"><div class=\"accordion-cta-body\"><div class=\"accordion-cta-content\"><div class=\"accordion-cta-text\"><h2 style=\"color:#ffffff\">Einsatz f\u00fcr Gemeinschaften, Umwelt und ethisches Verhalten<\/h2><p style=\"color:#ffffff\">Sutherland integriert Nachhaltigkeit in alle Betriebsabl\u00e4ufe, um positiven Einfluss auf unseren Planeten auszu\u00fcben und eine nachhaltige Zukunft f\u00fcr alle sicherzustellen.\u00a0<\/p><\/div><div class=\"accordion-cta-button\"><\/div><\/div><\/div><\/div><div class=\"accordion-inners\">\n<div class=\"wp-block-sutherland-accordion-inner accordion-inner-sections\"><p class=\"accordion-header\">Menschen und Gemeinschaft<\/p><div class=\"accordion-content\" style=\"display:none\">\n<p>Als ein Unternehmen, das den Menschen in den Mittelpunkt stellt, wei\u00df Sutherland, dass wir durch unsere Mitarbeiter und Gemeinden, an denen wir unsere Leistungen erbringen, einen sozialen Wandel herbeif\u00fchren und eine aktive Kraft f\u00fcr das Gute werden k\u00f6nnen.<\/p>\n\n\n\n<p>Wir verpflichten uns, die Ziele f\u00fcr nachhaltige Entwicklung der UN (United Nations Sustainable Development Goals, UNSDGs) zu erreichen. Entscheidend f\u00fcr unsere Citizenship-Mission sind die SDGs Nr.&nbsp;8 (Menschenw\u00fcrdige Arbeit und Wirtschaftswachstum) und Nr.&nbsp;10 (Weniger Ungleichheiten). Dies bedeutet, dass wir f\u00fcr jede Gemeinschaft, mit der wir in Ber\u00fchrung kommen (Mitarbeiter, Kunden und Lieferanten), menschenw\u00fcrdige Sozialstandards aufrechterhalten m\u00fcssen. Dies ist die einzige M\u00f6glichkeit, friedlich zusammenzuleben und Wohlstand zu verbreiten.<\/p>\n\n\n\n<h4>Corporate-Citizens-Programm<\/h4>\n\n\n\n<p>Als Corporate Citizens ist es unser Ziel, das Leben in unseren Gemeinden, an denen wir unsere Leistungen erbringen, positiv zu beeinflussen, indem wir Hindernisse f\u00fcr eine nachhaltige Besch\u00e4ftigung beseitigen und negative Umweltauswirkungen ausgleichen.<\/p>\n\n\n\n<div class=\"wp-block-sutherland-only-button sutherland-button\" id=\"button-1904edad-224d-47a0-81da-60b57ea75c9c\" style=\"text-align:left\"><a href=\"https:\/\/www.sutherlandglobal.com\/de\/about-us\/corporate-citizens\" class=\"btn-main btn-arrow\" target=\"_self\" rel=\"noopener\">Mehr erfahren<\/a><\/div>\n\n\n\n<h4>Diversit\u00e4t, Gleichstellung und Inklusion<\/h4>\n\n\n\n<p>Diverse und inklusive Mitarbeiter f\u00f6rdern weltweit sinnvolle Ergebnisse f\u00fcr Kunden, Gemeinschaften und Sutherland selbst. Wir schaffen ein Arbeitsumfeld, in dem sich alle Mitarbeiter gesch\u00e4tzt, respektiert und einbezogen f\u00fchlen. Ein Ort, an dem Menschen ihre beste Leistung erbringen und gro\u00dfartige Ideen einbringen k\u00f6nnen.<\/p>\n\n\n\n<div class=\"wp-block-sutherland-only-button sutherland-button\" id=\"button-ac40a5e8-0ea2-433e-ac18-82139a128807\" style=\"text-align:left\"><a href=\"https:\/\/www.sutherlandglobal.com\/de\/about-us\/dei\" class=\"btn-main btn-arrow\" target=\"_self\" rel=\"noopener\">Mehr erfahren<\/a><\/div>\n\n\n\n<h4>Arbeitsschutz<\/h4>\n\n\n\n<p>Wir sind davon \u00fcberzeugt, dass ein sicherer Arbeitsplatz und ein sicheres Verhalten bei der Arbeit wesentlich dazu beitragen, unsere R\u00e4umlichkeiten und die Gemeinden, an denen wir unsere Leistungen erbringen,ges\u00fcnder, einladender und inklusiver zu machen.<\/p>\n\n\n\n<div class=\"wp-block-sutherland-only-button sutherland-button\" id=\"button-af5a963f-d85b-4aba-9341-cf7f184df5ea\" style=\"text-align:left\"><a href=\"https:\/\/www.sutherlandglobal.com\/wp-content\/uploads\/sites\/2\/SB-1030-OHS-Policy_v0624.TX_.pdf\" class=\"btn-main btn-arrow\" target=\"_self\" rel=\"noopener\">Mehr erfahren<\/a><\/div>\n<\/div><\/div>\n\n\n\n<div class=\"wp-block-sutherland-accordion-inner accordion-inner-sections\"><p class=\"accordion-header\">Umweltbezogene Nachhaltigkeit<\/p><div class=\"accordion-content\" style=\"display:none\">\n<p>Die F\u00fcrsorge f\u00fcr den Planeten und die Bew\u00e4ltigung der Klimakrise sind f\u00fcr all unsere Stakeholder zu Priorit\u00e4ten geworden. Kein Unternehmen wird \u00fcberleben, wenn unsere Umwelt durch st\u00e4ndig wachsende Risiken durch extremes Wetter, Verlust der Biodiversit\u00e4t und Wasserknappheit ersch\u00f6pft ist. Als f\u00fchrendes Unternehmen im Bereich der digitalen Transformation befinden wir uns in einer einzigartigen Position, um als f\u00fchrender Partner f\u00fcr andere Unternehmen im Bereich Nachhaltigkeit zu fungieren.<\/p>\n\n\n\n<div class=\"wp-block-sutherland-only-button sutherland-button\" id=\"button-b96ff9b1-bef4-4971-acff-05d1f8ebfe15\" style=\"text-align:left\"><a href=\"https:\/\/www.sutherlandglobal.com\/de\/about-us\/environment\" class=\"btn-main btn-arrow\" target=\"_self\" rel=\"noopener\">Mehr erfahren<\/a><\/div>\n<\/div><\/div>\n\n\n\n<div class=\"wp-block-sutherland-accordion-inner accordion-inner-sections\"><p class=\"accordion-header\">Ethisches Verhalten und Compliance<\/p><div class=\"accordion-content\" style=\"display:none\">\n<p>Integrit\u00e4t ist einer unserer Grundwerte, daher ist die Einhaltung h\u00f6chster ethischer Standards f\u00fcr uns als Unternehmen von zentraler Bedeutung. Wir bieten unseren Kunden auf der ganzen Welt au\u00dfergew\u00f6hnlich talentierte Mitarbeiter. Der Respekt und das Vertrauen der Kunden, Lieferanten und Investoren in Sutherland sind ein direktes Ergebnis der harten Arbeit, Integrit\u00e4t und kulturellen Ausrichtung unserer Mitarbeiter. Der Verhaltenskodex von Sutherland leitet unsere Interaktionen mit Kollegen, Gemeinden, an denen wir unsere Leistungen erbringen, Kunden, Regierungen, Investoren, Aufsichtsbeh\u00f6rden und der Gesellschaft im Allgemeinen.<\/p>\n\n\n\n<h5>Erfahren Sie mehr \u00fcber unsere Richtlinien:<\/h5>\n\n\n\n<p><a href=\"https:\/\/www.sutherlandglobal.com\/wp-content\/uploads\/sites\/2\/Code-of-Conduct-Ver-5.0_January-2024.pdf\" target=\"_blank\" rel=\"noreferrer noopener\"><strong>Verhaltenskodex<\/strong><\/a>&nbsp;<\/p>\n\n\n\n<p><a href=\"https:\/\/www.sutherlandglobal.com\/wp-content\/uploads\/sites\/2\/POL_Supplier-Code-of-Conduct.pdf\" target=\"_blank\" rel=\"noreferrer noopener\"><strong>Verhaltenskodex f\u00fcr Lieferanten<\/strong><\/a>&nbsp;<\/p>\n\n\n\n<p><a href=\"https:\/\/www.sutherlandglobal.com\/wp-content\/uploads\/sites\/2\/POL_Sutherland-Anti-Bribery-Policy1.pdf\" target=\"_blank\" rel=\"noreferrer noopener\"><strong>Richtlinie zur Bestechungsbek\u00e4mpfung<\/strong><\/a>&nbsp;<\/p>\n\n\n\n<p><a href=\"https:\/\/www.sutherlandglobal.com\/wp-content\/uploads\/sites\/2\/POL_-Whistleblower-Policy.pdf\" target=\"_blank\" rel=\"noreferrer noopener\"><strong>Whistleblower-Richtlinie<\/strong><\/a>&nbsp;<\/p>\n<\/div><\/div>\n<\/div><\/div>\n\n\n\t\t\t\t\t\t<div class=\"wp-block-sutherland-logos-manual\">\n\t\t\t\t\t\t\t<div id=\"logo-slider-ecac206d-e47e-4efe-b2e0-e484030fb67d\" class=\"custom-logo-slider layout-1\" style=\"color :#2C3546;\">\n\t\t\t\t\t\t\t\t<div class=\"logo_slider__body\">\n\t\t\t\t\t\t\t\t\t<div class=\"content-wrapper\">\n\t\t\t\t\t\t\t\t\t\t\t\t\t\t\t\t\t\t\t\t\t<div class=\"title-raw\" style=\"text-align :left;\">\n\t\t\t\t\t\t\t\t\t\t\t\t<h3 style=\"color :#2C3546;\">PARTNERSCHAFTEN UND ZERTIFIZIERUNGEN<\/h3>\n\t\t\t\t\t\t\t\t\t\t\t<\/div>\n\t\t\t\t\t\t\t\t\t\t\t\t\t\t\t\t\t\t\t\t<div class=\"logo_slider__body_raw\">\t\n\t\t\t\t\t\t\t\t\t\t\t<div class=\"logo_slider__body_main slick-init-loader\" \n\t\t\t\t\t\t\t\t\t\t\t\tdata-slide-autoplay=\"true\"\n\t\t\t\t\t\t\t\t\t\t\t\tdata-slide-arrows=\"false\"\n\t\t\t\t\t\t\t\t\t\t\t\tdata-slide-dots=\"false\"\n\t\t\t\t\t\t\t\t\t\t\t>\n\t\t\t\t\t\t\t\t\t\t\t\t\t\t\t\t\t\t\t\t\t\t\t\t<div class=\"logo_slider__inner\">\n\t\t\t\t\t\t\t\t\t\t\t\t\t\t<div class=\"logo_slider__content\">\n\t\t\t\t\t\t\t\t\t\t\t\t\t\t\t\t\t\t\t\t\t\t\t\t\t\t\t\t\t\t\t\t\t\t\t\t\t\t\t\t\t\t\t\t\t\t\t\t<div class=\"logo_slider__content-media\">\n\t\t\t\t\t\t\t\t\t\t\t\t\t\t\t\t\t\t<img loading=\"lazy\" decoding=\"async\" width=\"300\" height=\"113\" src=\"https:\/\/www.sutherlandglobal.com\/de\/wp-content\/uploads\/sites\/26\/UN-Global-Compact.png?w=300\" class=\"skip-lazy wp-post-image\" alt=\"UN Global Compact\" title=\"UN Global Compact\" srcset=\"https:\/\/www.sutherlandglobal.com\/de\/wp-content\/uploads\/sites\/26\/UN-Global-Compact.png 400w, https:\/\/www.sutherlandglobal.com\/de\/wp-content\/uploads\/sites\/26\/UN-Global-Compact.png?resize=300,113 300w\" sizes=\"auto, (max-width: 300px) 100vw, 300px\" \/>\t\t\t\t\t\t\t\t\t\t\t\t\t\t\t\t\t<\/div>\n\t\t\t\t\t\t\t\t\t\t\t\t\t\t\t\t\t\t\t\t\t\t\t\t\t\t\t\t\t\t\t\t\t\t\t\t\t\t\t\t\t\t\t\t\t<\/div>\n\t\t\t\t\t\t\t\t\t\t\t\t\t<\/div>\n\t\t\t\t\t\t\t\t\t\t\t\t\t\t\t\t\t\t\t\t\t\t\t\t\t<div class=\"logo_slider__inner\">\n\t\t\t\t\t\t\t\t\t\t\t\t\t\t<div class=\"logo_slider__content\">\n\t\t\t\t\t\t\t\t\t\t\t\t\t\t\t\t\t\t\t\t\t\t\t\t\t\t\t\t\t\t\t\t\t\t\t\t\t\t\t\t\t\t\t\t\t\t\t\t<div class=\"logo_slider__content-media\">\n\t\t\t\t\t\t\t\t\t\t\t\t\t\t\t\t\t\t<img loading=\"lazy\" decoding=\"async\" width=\"300\" height=\"214\" src=\"https:\/\/www.sutherlandglobal.com\/de\/wp-content\/uploads\/sites\/26\/NMSDC-resized-1.png?w=300\" class=\"skip-lazy wp-post-image\" alt=\"NMSDC\" title=\"NMSDC\" srcset=\"https:\/\/www.sutherlandglobal.com\/de\/wp-content\/uploads\/sites\/26\/NMSDC-resized-1.png 350w, https:\/\/www.sutherlandglobal.com\/de\/wp-content\/uploads\/sites\/26\/NMSDC-resized-1.png?resize=300,214 300w\" sizes=\"auto, (max-width: 300px) 100vw, 300px\" \/>\t\t\t\t\t\t\t\t\t\t\t\t\t\t\t\t\t<\/div>\n\t\t\t\t\t\t\t\t\t\t\t\t\t\t\t\t\t\t\t\t\t\t\t\t\t\t\t\t\t\t\t\t\t\t\t\t\t\t\t\t\t\t\t\t\t<\/div>\n\t\t\t\t\t\t\t\t\t\t\t\t\t<\/div>\n\t\t\t\t\t\t\t\t\t\t\t\t\t\t\t\t\t\t\t\t\t\t\t\t\t<div class=\"logo_slider__inner\">\n\t\t\t\t\t\t\t\t\t\t\t\t\t\t<div class=\"logo_slider__content\">\n\t\t\t\t\t\t\t\t\t\t\t\t\t\t\t\t\t\t\t\t\t\t\t\t\t\t\t\t\t\t\t\t\t\t\t\t\t\t\t\t\t\t\t\t\t\t\t\t<div class=\"logo_slider__content-media\">\n\t\t\t\t\t\t\t\t\t\t\t\t\t\t\t\t\t\t<img loading=\"lazy\" decoding=\"async\" width=\"300\" height=\"113\" src=\"https:\/\/www.sutherlandglobal.com\/de\/wp-content\/uploads\/sites\/26\/CDP.png?w=300\" class=\"skip-lazy wp-post-image\" alt=\"CDP logo\" title=\"CDP\" srcset=\"https:\/\/www.sutherlandglobal.com\/de\/wp-content\/uploads\/sites\/26\/CDP.png 400w, https:\/\/www.sutherlandglobal.com\/de\/wp-content\/uploads\/sites\/26\/CDP.png?resize=300,113 300w\" sizes=\"auto, (max-width: 300px) 100vw, 300px\" \/>\t\t\t\t\t\t\t\t\t\t\t\t\t\t\t\t\t<\/div>\n\t\t\t\t\t\t\t\t\t\t\t\t\t\t\t\t\t\t\t\t\t\t\t\t\t\t\t\t\t\t\t\t\t\t\t\t\t\t\t\t\t\t\t\t\t<\/div>\n\t\t\t\t\t\t\t\t\t\t\t\t\t<\/div>\n\t\t\t\t\t\t\t\t\t\t\t\t\t\t\t\t\t\t\t\t\t\t\t\t\t<div class=\"logo_slider__inner\">\n\t\t\t\t\t\t\t\t\t\t\t\t\t\t<div class=\"logo_slider__content\">\n\t\t\t\t\t\t\t\t\t\t\t\t\t\t\t\t\t\t\t\t\t\t\t\t\t\t\t\t\t\t\t\t\t\t\t\t\t\t\t\t\t\t\t\t\t\t\t\t<div class=\"logo_slider__content-media\">\n\t\t\t\t\t\t\t\t\t\t\t\t\t\t\t\t\t\t<img loading=\"lazy\" decoding=\"async\" width=\"300\" height=\"113\" src=\"https:\/\/www.sutherlandglobal.com\/de\/wp-content\/uploads\/sites\/26\/Ecovadis.png?w=300\" class=\"skip-lazy wp-post-image\" alt=\"Ecovadis logo\" title=\"Ecovadis\" srcset=\"https:\/\/www.sutherlandglobal.com\/de\/wp-content\/uploads\/sites\/26\/Ecovadis.png 400w, https:\/\/www.sutherlandglobal.com\/de\/wp-content\/uploads\/sites\/26\/Ecovadis.png?resize=300,113 300w\" sizes=\"auto, (max-width: 300px) 100vw, 300px\" \/>\t\t\t\t\t\t\t\t\t\t\t\t\t\t\t\t\t<\/div>\n\t\t\t\t\t\t\t\t\t\t\t\t\t\t\t\t\t\t\t\t\t\t\t\t\t\t\t\t\t\t\t\t\t\t\t\t\t\t\t\t\t\t\t\t\t<\/div>\n\t\t\t\t\t\t\t\t\t\t\t\t\t<\/div>\n\t\t\t\t\t\t\t\t\t\t\t\t\t\t\t\t\t\t\t\t\t\t\t\t\t<div class=\"logo_slider__inner\">\n\t\t\t\t\t\t\t\t\t\t\t\t\t\t<div class=\"logo_slider__content\">\n\t\t\t\t\t\t\t\t\t\t\t\t\t\t\t\t\t\t\t\t\t\t\t\t\t\t\t\t\t\t\t\t\t\t\t\t\t\t\t\t\t\t\t\t\t\t\t\t<div class=\"logo_slider__content-media\">\n\t\t\t\t\t\t\t\t\t\t\t\t\t\t\t\t\t\t<img loading=\"lazy\" decoding=\"async\" width=\"300\" height=\"113\" src=\"https:\/\/www.sutherlandglobal.com\/de\/wp-content\/uploads\/sites\/26\/Tent.png?w=300\" class=\"skip-lazy wp-post-image\" alt=\"Tent\" title=\"Tent\" srcset=\"https:\/\/www.sutherlandglobal.com\/de\/wp-content\/uploads\/sites\/26\/Tent.png 400w, https:\/\/www.sutherlandglobal.com\/de\/wp-content\/uploads\/sites\/26\/Tent.png?resize=300,113 300w\" sizes=\"auto, (max-width: 300px) 100vw, 300px\" \/>\t\t\t\t\t\t\t\t\t\t\t\t\t\t\t\t\t<\/div>\n\t\t\t\t\t\t\t\t\t\t\t\t\t\t\t\t\t\t\t\t\t\t\t\t\t\t\t\t\t\t\t\t\t\t\t\t\t\t\t\t\t\t\t\t\t<\/div>\n\t\t\t\t\t\t\t\t\t\t\t\t\t<\/div>\n\t\t\t\t\t\t\t\t\t\t\t\t\t\t\t\t\t\t\t\t\t\t\t\t\t<div class=\"logo_slider__inner\">\n\t\t\t\t\t\t\t\t\t\t\t\t\t\t<div class=\"logo_slider__content\">\n\t\t\t\t\t\t\t\t\t\t\t\t\t\t\t\t\t\t\t\t\t\t\t\t\t\t\t\t\t\t\t\t\t\t\t\t\t\t\t\t\t\t\t\t\t\t\t\t<div class=\"logo_slider__content-media\">\n\t\t\t\t\t\t\t\t\t\t\t\t\t\t\t\t\t\t<img loading=\"lazy\" decoding=\"async\" width=\"300\" height=\"113\" src=\"https:\/\/www.sutherlandglobal.com\/de\/wp-content\/uploads\/sites\/26\/IAOP.png?w=300\" class=\"skip-lazy wp-post-image\" alt=\"IAOP logo\" title=\"IAOP\" srcset=\"https:\/\/www.sutherlandglobal.com\/de\/wp-content\/uploads\/sites\/26\/IAOP.png 400w, https:\/\/www.sutherlandglobal.com\/de\/wp-content\/uploads\/sites\/26\/IAOP.png?resize=300,113 300w\" sizes=\"auto, (max-width: 300px) 100vw, 300px\" \/>\t\t\t\t\t\t\t\t\t\t\t\t\t\t\t\t\t<\/div>\n\t\t\t\t\t\t\t\t\t\t\t\t\t\t\t\t\t\t\t\t\t\t\t\t\t\t\t\t\t\t\t\t\t\t\t\t\t\t\t\t\t\t\t\t\t<\/div>\n\t\t\t\t\t\t\t\t\t\t\t\t\t<\/div>\n\t\t\t\t\t\t\t\t\t\t\t\t\t\t\t\t\t\t\t\t\t\t\t\t\t<div class=\"logo_slider__inner\">\n\t\t\t\t\t\t\t\t\t\t\t\t\t\t<div class=\"logo_slider__content\">\n\t\t\t\t\t\t\t\t\t\t\t\t\t\t\t\t\t\t\t\t\t\t\t\t\t\t\t\t\t\t\t\t\t\t\t\t\t\t\t\t\t\t\t\t\t\t\t\t<div class=\"logo_slider__content-media\">\n\t\t\t\t\t\t\t\t\t\t\t\t\t\t\t\t\t\t<img loading=\"lazy\" decoding=\"async\" width=\"300\" height=\"214\" src=\"https:\/\/www.sutherlandglobal.com\/de\/wp-content\/uploads\/sites\/26\/tuv-nord.png?w=300\" class=\"skip-lazy wp-post-image\" alt=\"TUV Nord\" title=\"TUV NORD\" srcset=\"https:\/\/www.sutherlandglobal.com\/de\/wp-content\/uploads\/sites\/26\/tuv-nord.png 350w, https:\/\/www.sutherlandglobal.com\/de\/wp-content\/uploads\/sites\/26\/tuv-nord.png?resize=300,214 300w\" sizes=\"auto, (max-width: 300px) 100vw, 300px\" \/>\t\t\t\t\t\t\t\t\t\t\t\t\t\t\t\t\t<\/div>\n\t\t\t\t\t\t\t\t\t\t\t\t\t\t\t\t\t\t\t\t\t\t\t\t\t\t\t\t\t\t\t\t\t\t\t\t\t\t\t\t\t\t\t\t\t<\/div>\n\t\t\t\t\t\t\t\t\t\t\t\t\t<\/div>\n\t\t\t\t\t\t\t\t\t\t\t\t\t\t\t\t\t\t\t\t\t\t\t<\/div>\n\t\t\t\t\t\t\t\t\t\t<\/div>\n\t\t\t\t\t\t\t\t\t<\/div>\n\t\t\t\t\t\t\t\t<\/div>\n\t\t\t\t\t\t\t<\/div>\n\t\t\t\t\t\t<\/div>\n\t\t\t\t\t","protected":false},"excerpt":{"rendered":"<p>Sutherland\u2019s commitment to sustainable sourcing &amp; service delivery benefits the environment, our people, and the communities where we live and work.<\/p>\n","protected":false},"author":21,"featured_media":59120,"parent":286,"menu_order":0,"comment_status":"closed","ping_status":"closed","template":"","meta":{"_acf_changed":false,"om_disable_all_campaigns":false,"_trash_the_other_posts":false,"editor_notices":[],"footnotes":""},"class_list":["post-7370","page","type-page","status-publish","has-post-thumbnail"],"yoast_head":"<!-- This site is optimized with the Yoast SEO Premium plugin v25.6 (Yoast SEO v26.7) - https:\/\/yoast.com\/wordpress\/plugins\/seo\/ -->\n<title>Zielgerichtete Transformation - Sutherland<\/title>\n<meta name=\"description\" content=\"Nachhaltigkeit bedeutet, heute so zu wirtschaften, dass k\u00fcnftige Generationen Zugang zu den nat\u00fcrlichen Ressourcen, einen gerechten Lebensunterhalt und einen angemessenen Lebensstandard haben.\" \/>\n<meta name=\"robots\" content=\"index, follow, max-snippet:-1, max-image-preview:large, max-video-preview:-1\" \/>\n<link rel=\"canonical\" href=\"https:\/\/www.sutherlandglobal.com\/de\/about-us\/sustainability\" \/>\n<meta property=\"og:locale\" content=\"en_US\" \/>\n<meta property=\"og:type\" content=\"article\" \/>\n<meta property=\"og:title\" content=\"Nachhaltigkeit\" \/>\n<meta property=\"og:description\" content=\"Nachhaltigkeit bedeutet, heute so zu wirtschaften, dass k\u00fcnftige Generationen Zugang zu den nat\u00fcrlichen Ressourcen, einen gerechten Lebensunterhalt und einen angemessenen Lebensstandard haben.\" \/>\n<meta property=\"og:url\" content=\"https:\/\/www.sutherlandglobal.com\/de\/about-us\/sustainability\" \/>\n<meta property=\"og:site_name\" content=\"Sutherland - German (DE)\" \/>\n<meta property=\"article:publisher\" content=\"https:\/\/www.facebook.com\/Sutherland-Global-388462191504598\/\" \/>\n<meta property=\"article:modified_time\" content=\"2025-07-18T13:32:50+00:00\" \/>\n<meta property=\"og:image\" content=\"https:\/\/www.sutherlandglobal.com\/de\/wp-content\/uploads\/sites\/26\/OG-1200x628-ESG.jpg\" \/>\n\t<meta property=\"og:image:width\" content=\"1200\" \/>\n\t<meta property=\"og:image:height\" content=\"628\" \/>\n\t<meta property=\"og:image:type\" content=\"image\/jpeg\" \/>\n<meta name=\"twitter:card\" content=\"summary_large_image\" \/>\n<meta name=\"twitter:site\" content=\"@SutherlandCorp\" \/>\n<script type=\"application\/ld+json\" class=\"yoast-schema-graph\">{\"@context\":\"https:\/\/schema.org\",\"@graph\":[{\"@type\":\"BreadcrumbList\",\"@id\":\"https:\/\/www.sutherlandglobal.com\/de\/about-us\/sustainability#breadcrumb\",\"itemListElement\":[{\"@type\":\"ListItem\",\"position\":1,\"name\":\"Home\",\"item\":\"https:\/\/www.sutherlandglobal.com\/de\/\"},{\"@type\":\"ListItem\",\"position\":2,\"name\":\"\u00dcber uns\u00a0\",\"item\":\"https:\/\/www.sutherlandglobal.com\/de\/about-us\"},{\"@type\":\"ListItem\",\"position\":3,\"name\":\"Nachhaltigkeit\"}]},{\"@type\":\"WebSite\",\"@id\":\"https:\/\/www.sutherlandglobal.com\/de\/#website\",\"url\":\"https:\/\/www.sutherlandglobal.com\/de\/\",\"name\":\"Sutherland\",\"description\":\"\",\"publisher\":{\"@id\":\"https:\/\/www.sutherlandglobal.com\/de\/#organization\"},\"alternateName\":\"Sutherland Global Services\",\"potentialAction\":[{\"@type\":\"SearchAction\",\"target\":{\"@type\":\"EntryPoint\",\"urlTemplate\":\"https:\/\/www.sutherlandglobal.com\/de\/search?query={search_term_string}\"},\"query-input\":{\"@type\":\"PropertyValueSpecification\",\"valueRequired\":true,\"valueName\":\"search_term_string\"}}],\"inLanguage\":\"en-US\"}]}<\/script>\n<!-- \/ Yoast SEO Premium plugin. -->","yoast_head_json":{"title":"Zielgerichtete Transformation - Sutherland","description":"Nachhaltigkeit bedeutet, heute so zu wirtschaften, dass k\u00fcnftige Generationen Zugang zu den nat\u00fcrlichen Ressourcen, einen gerechten Lebensunterhalt und einen angemessenen Lebensstandard haben.","robots":{"index":"index","follow":"follow","max-snippet":"max-snippet:-1","max-image-preview":"max-image-preview:large","max-video-preview":"max-video-preview:-1"},"canonical":"https:\/\/www.sutherlandglobal.com\/de\/about-us\/sustainability","og_locale":"en_US","og_type":"article","og_title":"Nachhaltigkeit","og_description":"Nachhaltigkeit bedeutet, heute so zu wirtschaften, dass k\u00fcnftige Generationen Zugang zu den nat\u00fcrlichen Ressourcen, einen gerechten Lebensunterhalt und einen angemessenen Lebensstandard haben.","og_url":"https:\/\/www.sutherlandglobal.com\/de\/about-us\/sustainability","og_site_name":"Sutherland - German (DE)","article_publisher":"https:\/\/www.facebook.com\/Sutherland-Global-388462191504598\/","article_modified_time":"2025-07-18T13:32:50+00:00","og_image":[{"width":1200,"height":628,"url":"https:\/\/www.sutherlandglobal.com\/de\/wp-content\/uploads\/sites\/26\/OG-1200x628-ESG.jpg","type":"image\/jpeg"}],"twitter_card":"summary_large_image","twitter_site":"@SutherlandCorp","schema":{"@context":"https:\/\/schema.org","@graph":[{"@type":"BreadcrumbList","@id":"https:\/\/www.sutherlandglobal.com\/de\/about-us\/sustainability#breadcrumb","itemListElement":[{"@type":"ListItem","position":1,"name":"Home","item":"https:\/\/www.sutherlandglobal.com\/de\/"},{"@type":"ListItem","position":2,"name":"\u00dcber uns\u00a0","item":"https:\/\/www.sutherlandglobal.com\/de\/about-us"},{"@type":"ListItem","position":3,"name":"Nachhaltigkeit"}]},{"@type":"WebSite","@id":"https:\/\/www.sutherlandglobal.com\/de\/#website","url":"https:\/\/www.sutherlandglobal.com\/de\/","name":"Sutherland","description":"","publisher":{"@id":"https:\/\/www.sutherlandglobal.com\/de\/#organization"},"alternateName":"Sutherland Global Services","potentialAction":[{"@type":"SearchAction","target":{"@type":"EntryPoint","urlTemplate":"https:\/\/www.sutherlandglobal.com\/de\/search?query={search_term_string}"},"query-input":{"@type":"PropertyValueSpecification","valueRequired":true,"valueName":"search_term_string"}}],"inLanguage":"en-US"}]}},"acf":[],"jetpack_sharing_enabled":true,"_links":{"self":[{"href":"https:\/\/www.sutherlandglobal.com\/de\/wp-json\/wp\/v2\/pages\/7370","targetHints":{"allow":["GET"]}}],"collection":[{"href":"https:\/\/www.sutherlandglobal.com\/de\/wp-json\/wp\/v2\/pages"}],"about":[{"href":"https:\/\/www.sutherlandglobal.com\/de\/wp-json\/wp\/v2\/types\/page"}],"author":[{"embeddable":true,"href":"https:\/\/www.sutherlandglobal.com\/de\/wp-json\/wp\/v2\/users\/21"}],"replies":[{"embeddable":true,"href":"https:\/\/www.sutherlandglobal.com\/de\/wp-json\/wp\/v2\/comments?post=7370"}],"version-history":[{"count":93,"href":"https:\/\/www.sutherlandglobal.com\/de\/wp-json\/wp\/v2\/pages\/7370\/revisions"}],"predecessor-version":[{"id":59122,"href":"https:\/\/www.sutherlandglobal.com\/de\/wp-json\/wp\/v2\/pages\/7370\/revisions\/59122"}],"up":[{"embeddable":true,"href":"https:\/\/www.sutherlandglobal.com\/de\/wp-json\/wp\/v2\/pages\/286"}],"wp:featuredmedia":[{"embeddable":true,"href":"https:\/\/www.sutherlandglobal.com\/de\/wp-json\/wp\/v2\/media\/59120"}],"wp:attachment":[{"href":"https:\/\/www.sutherlandglobal.com\/de\/wp-json\/wp\/v2\/media?parent=7370"}],"curies":[{"name":"wp","href":"https:\/\/api.w.org\/{rel}","templated":true}]}}